{"id":12072,"date":"2021-12-13T13:43:47","date_gmt":"2021-12-13T12:43:47","guid":{"rendered":"https:\/\/ppmhp.hr\/web\/proizvod\/dannunzios-martyr\/"},"modified":"2021-12-13T13:43:47","modified_gmt":"2021-12-13T12:43:47","slug":"dannunzios-martyr","status":"publish","type":"product","link":"https:\/\/ppmhp.hr\/en\/proizvod\/dannunzios-martyr\/","title":{"rendered":"D&#8217;Annunzio&#8217;s Martyr"},"content":{"rendered":"","protected":false},"excerpt":{"rendered":"<p>This is the catalogue of the exhibition which was inaugurated on 12. 09. 2019 on 100th anniversary from D&#8217;Annunzio&#8217;s occupation of Rijeka and this is a work by Tea Perin\u010di\u0107, PhD, senior curator of the Maritime and History Museum of the Croatian Littoral Rijeka and Ana-Maria Mil\u010di\u0107, art historian and external collaborator of the Museum. This catalogue as same as the exhibition gives an interpretation of the historical events which happened in Rijeka from the end of 1918 until the beginning of 1921 when Gabriele D&#8217;Annunzio left Rijeka, through a scope of real and female figure as a peronification. Woman represents a homeland, city \u2013 political body which is manipulated and used in public communication of territorial pretensions and aspirations. Woman is Italy, Rijeka \u2013 Fiume, Governor&#8217;s palace where D&#8217;Annunzio lived for 16 months of his dictatorship in this city. Women, those real, who arrived to Rijeka because and for D&#8217;Annunzio were as well political bodies who together with women from Rijeka \u2013 Fiumanke fought for dream of Italian Rijeka \u2013 Fiume to become real. They were as same as the city and homeland \u2013 martyrs who sacrificed themselves for political ideas promoted by Gabriele D&#8217;Annunzio. After he left Rijeka or them, they were to face in pain the consequences of their illusions. Female as a political body here is interpreted through presentation of some Italian artists \u2013 futurists whose works are as reproductions presented at the exhibition. The Exhibition also talks about a woman who was from the other side of the Italian nationalistic \/ irredentist paradigm \u2013 Croatian woman from Rijeka \u2013 Zora Bla\u017ei\u0107 who describedher life during D&#8217;Annunzio&#8217;s occupation in her diary which is preserved within the Museum collections. This catalogue contains illustrations \u2013 photography and reproductions of sfew works of some Italian futurist artists which are also presented at the exhibition as well as references to some additional literature and archival sources.<\/p>\n","protected":false},"featured_media":13006,"comment_status":"open","ping_status":"closed","template":"","meta":{"_acf_changed":false,"_et_pb_use_builder":"","_et_pb_old_content":"","_et_gb_content_width":"","inline_featured_image":false},"product_brand":[],"product_cat":[213,544],"product_tag":[],"class_list":{"0":"post-12072","1":"product","2":"type-product","3":"status-publish","4":"has-post-thumbnail","6":"product_cat-monografije-i-katalozi","7":"product_cat-monographs-and-catalogs","9":"first","10":"instock","11":"shipping-taxable","12":"product-type-simple"},"acf":[],"yoast_head":"<!-- This site is optimized with the Yoast SEO plugin v27.5 - https:\/\/yoast.com\/product\/yoast-seo-wordpress\/ -->\n<title>D&#039;Annunzio&#039;s Martyr - Pomorski i povijesni muzej Hrvatskog primorja<\/title>\n<meta name=\"robots\" content=\"index, follow, max-snippet:-1, max-image-preview:large, max-video-preview:-1\" \/>\n<link rel=\"canonical\" href=\"https:\/\/ppmhp.hr\/en\/proizvod\/dannunzios-martyr\/\" \/>\n<meta property=\"og:locale\" content=\"en_US\" \/>\n<meta property=\"og:type\" content=\"article\" \/>\n<meta property=\"og:title\" content=\"D&#039;Annunzio&#039;s Martyr - Pomorski i povijesni muzej Hrvatskog primorja\" \/>\n<meta property=\"og:description\" content=\"This is the catalogue of the exhibition which was inaugurated on 12. 09. 2019 on 100th anniversary from D&#039;Annunzio&#039;s occupation of Rijeka and this is a work by Tea Perin\u010di\u0107, PhD, senior curator of the Maritime and History Museum of the Croatian Littoral Rijeka and Ana-Maria Mil\u010di\u0107, art historian and external collaborator of the Museum. This catalogue as same as the exhibition gives an interpretation of the historical events which happened in Rijeka from the end of 1918 until the beginning of 1921 when Gabriele D&#039;Annunzio left Rijeka, through a scope of real and female figure as a peronification. Woman represents a homeland, city \u2013 political body which is manipulated and used in public communication of territorial pretensions and aspirations. Woman is Italy, Rijeka \u2013 Fiume, Governor&#039;s palace where D&#039;Annunzio lived for 16 months of his dictatorship in this city. Women, those real, who arrived to Rijeka because and for D&#039;Annunzio were as well political bodies who together with women from Rijeka \u2013 Fiumanke fought for dream of Italian Rijeka \u2013 Fiume to become real. They were as same as the city and homeland \u2013 martyrs who sacrificed themselves for political ideas promoted by Gabriele D&#039;Annunzio. After he left Rijeka or them, they were to face in pain the consequences of their illusions. Female as a political body here is interpreted through presentation of some Italian artists \u2013 futurists whose works are as reproductions presented at the exhibition. The Exhibition also talks about a woman who was from the other side of the Italian nationalistic \/ irredentist paradigm \u2013 Croatian woman from Rijeka \u2013 Zora Bla\u017ei\u0107 who describedher life during D&#039;Annunzio&#039;s occupation in her diary which is preserved within the Museum collections. This catalogue contains illustrations \u2013 photography and reproductions of sfew works of some Italian futurist artists which are also presented at the exhibition as well as references to some additional literature and archival sources.\" \/>\n<meta property=\"og:url\" content=\"https:\/\/ppmhp.hr\/en\/proizvod\/dannunzios-martyr\/\" \/>\n<meta property=\"og:site_name\" content=\"Pomorski i povijesni muzej Hrvatskog primorja\" \/>\n<meta property=\"og:image\" content=\"https:\/\/ppmhp.hr\/web\/wp-content\/uploads\/2021\/12\/pdf-8618-page-00001.jpg\" \/>\n\t<meta property=\"og:image:width\" content=\"1024\" \/>\n\t<meta property=\"og:image:height\" content=\"1428\" \/>\n\t<meta property=\"og:image:type\" content=\"image\/jpeg\" \/>\n<meta name=\"twitter:card\" content=\"summary_large_image\" \/>\n<script type=\"application\/ld+json\" class=\"yoast-schema-graph\">{\"@context\":\"https:\\\/\\\/schema.org\",\"@graph\":[{\"@type\":\"WebPage\",\"@id\":\"https:\\\/\\\/ppmhp.hr\\\/en\\\/proizvod\\\/dannunzios-martyr\\\/\",\"url\":\"https:\\\/\\\/ppmhp.hr\\\/en\\\/proizvod\\\/dannunzios-martyr\\\/\",\"name\":\"D'Annunzio's Martyr - Pomorski i povijesni muzej Hrvatskog primorja\",\"isPartOf\":{\"@id\":\"https:\\\/\\\/ppmhp.hr\\\/en\\\/#website\"},\"primaryImageOfPage\":{\"@id\":\"https:\\\/\\\/ppmhp.hr\\\/en\\\/proizvod\\\/dannunzios-martyr\\\/#primaryimage\"},\"image\":{\"@id\":\"https:\\\/\\\/ppmhp.hr\\\/en\\\/proizvod\\\/dannunzios-martyr\\\/#primaryimage\"},\"thumbnailUrl\":\"https:\\\/\\\/ppmhp.hr\\\/web\\\/wp-content\\\/uploads\\\/2021\\\/12\\\/pdf-8618-page-00001.jpg\",\"datePublished\":\"2021-12-13T12:43:47+00:00\",\"breadcrumb\":{\"@id\":\"https:\\\/\\\/ppmhp.hr\\\/en\\\/proizvod\\\/dannunzios-martyr\\\/#breadcrumb\"},\"inLanguage\":\"en-US\",\"potentialAction\":[{\"@type\":\"ReadAction\",\"target\":[\"https:\\\/\\\/ppmhp.hr\\\/en\\\/proizvod\\\/dannunzios-martyr\\\/\"]}]},{\"@type\":\"ImageObject\",\"inLanguage\":\"en-US\",\"@id\":\"https:\\\/\\\/ppmhp.hr\\\/en\\\/proizvod\\\/dannunzios-martyr\\\/#primaryimage\",\"url\":\"https:\\\/\\\/ppmhp.hr\\\/web\\\/wp-content\\\/uploads\\\/2021\\\/12\\\/pdf-8618-page-00001.jpg\",\"contentUrl\":\"https:\\\/\\\/ppmhp.hr\\\/web\\\/wp-content\\\/uploads\\\/2021\\\/12\\\/pdf-8618-page-00001.jpg\",\"width\":1024,\"height\":1428},{\"@type\":\"BreadcrumbList\",\"@id\":\"https:\\\/\\\/ppmhp.hr\\\/en\\\/proizvod\\\/dannunzios-martyr\\\/#breadcrumb\",\"itemListElement\":[{\"@type\":\"ListItem\",\"position\":1,\"name\":\"Po\u010detna stranica\",\"item\":\"https:\\\/\\\/ppmhp.hr\\\/en\\\/\"},{\"@type\":\"ListItem\",\"position\":2,\"name\":\"Trgovina\",\"item\":\"https:\\\/\\\/ppmhp.hr\\\/trgovina\\\/\"},{\"@type\":\"ListItem\",\"position\":3,\"name\":\"D&#8217;Annunzio&#8217;s Martyr\"}]},{\"@type\":\"WebSite\",\"@id\":\"https:\\\/\\\/ppmhp.hr\\\/en\\\/#website\",\"url\":\"https:\\\/\\\/ppmhp.hr\\\/en\\\/\",\"name\":\"Pomorski i povijesni muzej Hrvatskog primorja\",\"description\":\"Guvernerova Pala\u010da \\\/ Memorijalni centar Lipa pamti \\\/ Muzejska zbirka Kastav\u0161tine\",\"potentialAction\":[{\"@type\":\"SearchAction\",\"target\":{\"@type\":\"EntryPoint\",\"urlTemplate\":\"https:\\\/\\\/ppmhp.hr\\\/en\\\/?s={search_term_string}\"},\"query-input\":{\"@type\":\"PropertyValueSpecification\",\"valueRequired\":true,\"valueName\":\"search_term_string\"}}],\"inLanguage\":\"en-US\"}]}<\/script>\n<!-- \/ Yoast SEO plugin. -->","yoast_head_json":{"title":"D'Annunzio's Martyr - Pomorski i povijesni muzej Hrvatskog primorja","robots":{"index":"index","follow":"follow","max-snippet":"max-snippet:-1","max-image-preview":"max-image-preview:large","max-video-preview":"max-video-preview:-1"},"canonical":"https:\/\/ppmhp.hr\/en\/proizvod\/dannunzios-martyr\/","og_locale":"en_US","og_type":"article","og_title":"D'Annunzio's Martyr - Pomorski i povijesni muzej Hrvatskog primorja","og_description":"This is the catalogue of the exhibition which was inaugurated on 12. 09. 2019 on 100th anniversary from D'Annunzio's occupation of Rijeka and this is a work by Tea Perin\u010di\u0107, PhD, senior curator of the Maritime and History Museum of the Croatian Littoral Rijeka and Ana-Maria Mil\u010di\u0107, art historian and external collaborator of the Museum. This catalogue as same as the exhibition gives an interpretation of the historical events which happened in Rijeka from the end of 1918 until the beginning of 1921 when Gabriele D'Annunzio left Rijeka, through a scope of real and female figure as a peronification. Woman represents a homeland, city \u2013 political body which is manipulated and used in public communication of territorial pretensions and aspirations. Woman is Italy, Rijeka \u2013 Fiume, Governor's palace where D'Annunzio lived for 16 months of his dictatorship in this city. Women, those real, who arrived to Rijeka because and for D'Annunzio were as well political bodies who together with women from Rijeka \u2013 Fiumanke fought for dream of Italian Rijeka \u2013 Fiume to become real. They were as same as the city and homeland \u2013 martyrs who sacrificed themselves for political ideas promoted by Gabriele D'Annunzio. After he left Rijeka or them, they were to face in pain the consequences of their illusions. Female as a political body here is interpreted through presentation of some Italian artists \u2013 futurists whose works are as reproductions presented at the exhibition. The Exhibition also talks about a woman who was from the other side of the Italian nationalistic \/ irredentist paradigm \u2013 Croatian woman from Rijeka \u2013 Zora Bla\u017ei\u0107 who describedher life during D'Annunzio's occupation in her diary which is preserved within the Museum collections. This catalogue contains illustrations \u2013 photography and reproductions of sfew works of some Italian futurist artists which are also presented at the exhibition as well as references to some additional literature and archival sources.","og_url":"https:\/\/ppmhp.hr\/en\/proizvod\/dannunzios-martyr\/","og_site_name":"Pomorski i povijesni muzej Hrvatskog primorja","og_image":[{"width":1024,"height":1428,"url":"https:\/\/ppmhp.hr\/web\/wp-content\/uploads\/2021\/12\/pdf-8618-page-00001.jpg","type":"image\/jpeg"}],"twitter_card":"summary_large_image","schema":{"@context":"https:\/\/schema.org","@graph":[{"@type":"WebPage","@id":"https:\/\/ppmhp.hr\/en\/proizvod\/dannunzios-martyr\/","url":"https:\/\/ppmhp.hr\/en\/proizvod\/dannunzios-martyr\/","name":"D'Annunzio's Martyr - Pomorski i povijesni muzej Hrvatskog primorja","isPartOf":{"@id":"https:\/\/ppmhp.hr\/en\/#website"},"primaryImageOfPage":{"@id":"https:\/\/ppmhp.hr\/en\/proizvod\/dannunzios-martyr\/#primaryimage"},"image":{"@id":"https:\/\/ppmhp.hr\/en\/proizvod\/dannunzios-martyr\/#primaryimage"},"thumbnailUrl":"https:\/\/ppmhp.hr\/web\/wp-content\/uploads\/2021\/12\/pdf-8618-page-00001.jpg","datePublished":"2021-12-13T12:43:47+00:00","breadcrumb":{"@id":"https:\/\/ppmhp.hr\/en\/proizvod\/dannunzios-martyr\/#breadcrumb"},"inLanguage":"en-US","potentialAction":[{"@type":"ReadAction","target":["https:\/\/ppmhp.hr\/en\/proizvod\/dannunzios-martyr\/"]}]},{"@type":"ImageObject","inLanguage":"en-US","@id":"https:\/\/ppmhp.hr\/en\/proizvod\/dannunzios-martyr\/#primaryimage","url":"https:\/\/ppmhp.hr\/web\/wp-content\/uploads\/2021\/12\/pdf-8618-page-00001.jpg","contentUrl":"https:\/\/ppmhp.hr\/web\/wp-content\/uploads\/2021\/12\/pdf-8618-page-00001.jpg","width":1024,"height":1428},{"@type":"BreadcrumbList","@id":"https:\/\/ppmhp.hr\/en\/proizvod\/dannunzios-martyr\/#breadcrumb","itemListElement":[{"@type":"ListItem","position":1,"name":"Po\u010detna stranica","item":"https:\/\/ppmhp.hr\/en\/"},{"@type":"ListItem","position":2,"name":"Trgovina","item":"https:\/\/ppmhp.hr\/trgovina\/"},{"@type":"ListItem","position":3,"name":"D&#8217;Annunzio&#8217;s Martyr"}]},{"@type":"WebSite","@id":"https:\/\/ppmhp.hr\/en\/#website","url":"https:\/\/ppmhp.hr\/en\/","name":"Pomorski i povijesni muzej Hrvatskog primorja","description":"Guvernerova Pala\u010da \/ Memorijalni centar Lipa pamti \/ Muzejska zbirka Kastav\u0161tine","potentialAction":[{"@type":"SearchAction","target":{"@type":"EntryPoint","urlTemplate":"https:\/\/ppmhp.hr\/en\/?s={search_term_string}"},"query-input":{"@type":"PropertyValueSpecification","valueRequired":true,"valueName":"search_term_string"}}],"inLanguage":"en-US"}]}},"_links":{"self":[{"href":"https:\/\/ppmhp.hr\/en\/wp-json\/wp\/v2\/product\/12072","targetHints":{"allow":["GET"]}}],"collection":[{"href":"https:\/\/ppmhp.hr\/en\/wp-json\/wp\/v2\/product"}],"about":[{"href":"https:\/\/ppmhp.hr\/en\/wp-json\/wp\/v2\/types\/product"}],"replies":[{"embeddable":true,"href":"https:\/\/ppmhp.hr\/en\/wp-json\/wp\/v2\/comments?post=12072"}],"wp:featuredmedia":[{"embeddable":true,"href":"https:\/\/ppmhp.hr\/en\/wp-json\/wp\/v2\/media\/13006"}],"wp:attachment":[{"href":"https:\/\/ppmhp.hr\/en\/wp-json\/wp\/v2\/media?parent=12072"}],"wp:term":[{"taxonomy":"product_brand","embeddable":true,"href":"https:\/\/ppmhp.hr\/en\/wp-json\/wp\/v2\/product_brand?post=12072"},{"taxonomy":"product_cat","embeddable":true,"href":"https:\/\/ppmhp.hr\/en\/wp-json\/wp\/v2\/product_cat?post=12072"},{"taxonomy":"product_tag","embeddable":true,"href":"https:\/\/ppmhp.hr\/en\/wp-json\/wp\/v2\/product_tag?post=12072"}],"curies":[{"name":"wp","href":"https:\/\/api.w.org\/{rel}","templated":true}]}}