{"id":242931,"date":"2016-03-08T09:42:43","date_gmt":"2016-03-08T08:42:43","guid":{"rendered":"https:\/\/ppmhp.hr\/kastav\/o-mzk\/"},"modified":"2022-07-25T14:07:39","modified_gmt":"2022-07-25T12:07:39","slug":"o-mzk","status":"publish","type":"page","link":"https:\/\/ppmhp.hr\/en\/kastav\/o-mzk\/","title":{"rendered":"About MZK"},"content":{"rendered":"<p style=\"text-align: justify;\">The museum collection of Kastav region was born from the desire of the people of Kastav to found their own museum. In the original plan, the idea was a memorial collection dedicated to Vladimir Nazor, the writer and director of the Kastava Teacher&#8217;s School from 1908 to 1918, but as the scope of the material collected exceeded the already mentioned context, it was decided that the MZK committee would first be established in 1961. and then a general museum that includes not only the town of Kastav but the entire Kastav region.<\/p>\n<p><img decoding=\"async\" class=\"alignnone size-medium wp-image-22 aligncenter lazyload\" data-src=\"https:\/\/ppmhp.hr\/web\/wp-content\/uploads\/2016\/03\/30511-300x177.jpg\" alt=\"3051\" width=\"300\" height=\"177\" src=\"data:image\/svg+xml;base64,PHN2ZyB3aWR0aD0iMSIgaGVpZ2h0PSIxIiB4bWxucz0iaHR0cDovL3d3dy53My5vcmcvMjAwMC9zdmciPjwvc3ZnPg==\" style=\"--smush-placeholder-width: 300px; --smush-placeholder-aspect-ratio: 300\/177;\" \/><a href=\"https:\/\/ppmhp.hr\/web\/wp-content\/uploads\/2016\/03\/30511.jpg\"><br \/>\n<\/a>From the very beginning, the display was worked on very professionally since the expert employees of the Maritime and History Museum of the Croatian Littoral of Rijeka were hired to create the original display. The material for the first permanent display of the Museum Collection of Kastav region was collected for about twenty years, and the Museum was opened on the Day of the Town of Kastav on June 6, 1981.<br \/>\nThe first members of the expert team to set up the Museum Collection of Kastav\u0161tina were the curators from PPMHP: Radmila Matej\u010di\u0107 &#8211; for archeology and cultural history, \u017deljko Barbali\u0107 &#8211; for ethnography, while the materials were collected by curators Goroslav O\u0161tri\u0107 and Milan Gali\u0107. Ivan Cuculi\u0107 was then in charge of a part of the NOB lineup. The Project Institute from Rijeka, led by engineer Darko Turato, was in charge of the interior decoration.<\/p>\n<p><img decoding=\"async\" class=\"size-medium wp-image-23 aligncenter lazyload\" data-src=\"https:\/\/ppmhp.hr\/web\/wp-content\/uploads\/2016\/03\/scan0002-172x300.jpg\" alt=\"scan0002\" width=\"172\" height=\"300\" src=\"data:image\/svg+xml;base64,PHN2ZyB3aWR0aD0iMSIgaGVpZ2h0PSIxIiB4bWxucz0iaHR0cDovL3d3dy53My5vcmcvMjAwMC9zdmciPjwvc3ZnPg==\" style=\"--smush-placeholder-width: 172px; --smush-placeholder-aspect-ratio: 172\/300;\" \/><\/p>\n<p style=\"text-align: center;\">From the opening ceremony of MZK, 1981.<\/p>\n<p>The space above Kastav&#8217;s medieval Volta in the former premises of the Kastav Municipality was chosen for the museum&#8217;s location, where the Museum Collection of Kastav region still operates today.<\/p>\n<p>The original composition consisted of five units: Geographical location of Kastav and Kastav\u0161tina, Kastav and Kastav\u0161tina from prehistory to the Middle Ages, New Age (crafts, trade, societies, roads, enlightenment, education, famous personalities), labor movement, NOB and ethnography.<\/p>\n<p>The museum collection of Kastav\u0161tina includes about 2,000 items of cultural and historical material. The fund consists of manuscript materials, photographs and postcards, school works and drawings, textile items, symbols of cultural and educational associations, the national revival in Istria, the labor movement, and weapons from the period of the National Liberation Army .<\/p>\n<p>The museum collection of Kastav region, in addition to promoting the area of \u200b\u200bthe city of Kastav and Kastav\u0161tina, has a cultural-historical and ethnographic character of promoting the life, customs and work of the inhabitants of Kastav\u0161tina.<\/p>\n","protected":false},"excerpt":{"rendered":"<p>The museum collection of Kastav region was born from the desire of the people of Kastav to found their own museum. In the original plan, the idea was a memorial collection dedicated to Vladimir Nazor, the writer and director of the Kastava Teacher&#8217;s School from 1908 to 1918, but as the scope of the material [&hellip;]<\/p>\n","protected":false},"author":5,"featured_media":13035,"parent":236556,"menu_order":2,"comment_status":"closed","ping_status":"closed","template":"","meta":{"_acf_changed":false,"_et_pb_use_builder":"","_et_pb_old_content":"","_et_gb_content_width":"","inline_featured_image":false,"footnotes":""},"categories":[445],"tags":[],"class_list":["post-242931","page","type-page","status-publish","has-post-thumbnail","hentry","category-pages-kastav"],"acf":[],"yoast_head":"<!-- This site is optimized with the Yoast SEO plugin v27.5 - https:\/\/yoast.com\/product\/yoast-seo-wordpress\/ -->\n<title>About MZK - Pomorski i povijesni muzej Hrvatskog primorja<\/title>\n<meta name=\"description\" content=\"Muzej u Kastvu: 1961. osnovan je Odbor MZK., a potom op\u0107i muzej koji ne obuhva\u0107a samo grad Kastav ve\u0107 cijelu Kastav\u0161tinu. Stalni postav otvoren je 1981.\" \/>\n<meta name=\"robots\" content=\"index, follow, max-snippet:-1, max-image-preview:large, max-video-preview:-1\" \/>\n<link rel=\"canonical\" href=\"https:\/\/ppmhp.hr\/en\/kastav\/o-mzk\/\" \/>\n<meta property=\"og:locale\" content=\"en_US\" \/>\n<meta property=\"og:type\" content=\"article\" \/>\n<meta property=\"og:title\" content=\"About MZK - Pomorski i povijesni muzej Hrvatskog primorja\" \/>\n<meta property=\"og:description\" content=\"Muzej u Kastvu: 1961. osnovan je Odbor MZK., a potom op\u0107i muzej koji ne obuhva\u0107a samo grad Kastav ve\u0107 cijelu Kastav\u0161tinu. Stalni postav otvoren je 1981.\" \/>\n<meta property=\"og:url\" content=\"https:\/\/ppmhp.hr\/en\/kastav\/o-mzk\/\" \/>\n<meta property=\"og:site_name\" content=\"Pomorski i povijesni muzej Hrvatskog primorja\" \/>\n<meta property=\"article:modified_time\" content=\"2022-07-25T12:07:39+00:00\" \/>\n<meta property=\"og:image\" content=\"https:\/\/ppmhp.hr\/web\/wp-content\/uploads\/2021\/12\/ppmhp_rijeka_big.jpg\" \/>\n\t<meta property=\"og:image:width\" content=\"2000\" \/>\n\t<meta property=\"og:image:height\" content=\"1231\" \/>\n\t<meta property=\"og:image:type\" content=\"image\/jpeg\" \/>\n<meta name=\"twitter:card\" content=\"summary_large_image\" \/>\n<meta name=\"twitter:label1\" content=\"Est. reading time\" \/>\n\t<meta name=\"twitter:data1\" content=\"2 minutes\" \/>\n<script type=\"application\/ld+json\" class=\"yoast-schema-graph\">{\"@context\":\"https:\\\/\\\/schema.org\",\"@graph\":[{\"@type\":\"WebPage\",\"@id\":\"https:\\\/\\\/ppmhp.hr\\\/en\\\/kastav\\\/o-mzk\\\/\",\"url\":\"https:\\\/\\\/ppmhp.hr\\\/en\\\/kastav\\\/o-mzk\\\/\",\"name\":\"About MZK - Pomorski i povijesni muzej Hrvatskog primorja\",\"isPartOf\":{\"@id\":\"https:\\\/\\\/ppmhp.hr\\\/en\\\/#website\"},\"primaryImageOfPage\":{\"@id\":\"https:\\\/\\\/ppmhp.hr\\\/en\\\/kastav\\\/o-mzk\\\/#primaryimage\"},\"image\":{\"@id\":\"https:\\\/\\\/ppmhp.hr\\\/en\\\/kastav\\\/o-mzk\\\/#primaryimage\"},\"thumbnailUrl\":\"https:\\\/\\\/ppmhp.hr\\\/web\\\/wp-content\\\/uploads\\\/2021\\\/12\\\/ppmhp_rijeka_big.jpg\",\"datePublished\":\"2016-03-08T08:42:43+00:00\",\"dateModified\":\"2022-07-25T12:07:39+00:00\",\"description\":\"Muzej u Kastvu: 1961. osnovan je Odbor MZK., a potom op\u0107i muzej koji ne obuhva\u0107a samo grad Kastav ve\u0107 cijelu Kastav\u0161tinu. Stalni postav otvoren je 1981.\",\"breadcrumb\":{\"@id\":\"https:\\\/\\\/ppmhp.hr\\\/en\\\/kastav\\\/o-mzk\\\/#breadcrumb\"},\"inLanguage\":\"en-US\",\"potentialAction\":[{\"@type\":\"ReadAction\",\"target\":[\"https:\\\/\\\/ppmhp.hr\\\/en\\\/kastav\\\/o-mzk\\\/\"]}]},{\"@type\":\"ImageObject\",\"inLanguage\":\"en-US\",\"@id\":\"https:\\\/\\\/ppmhp.hr\\\/en\\\/kastav\\\/o-mzk\\\/#primaryimage\",\"url\":\"https:\\\/\\\/ppmhp.hr\\\/web\\\/wp-content\\\/uploads\\\/2021\\\/12\\\/ppmhp_rijeka_big.jpg\",\"contentUrl\":\"https:\\\/\\\/ppmhp.hr\\\/web\\\/wp-content\\\/uploads\\\/2021\\\/12\\\/ppmhp_rijeka_big.jpg\",\"width\":2000,\"height\":1231},{\"@type\":\"BreadcrumbList\",\"@id\":\"https:\\\/\\\/ppmhp.hr\\\/en\\\/kastav\\\/o-mzk\\\/#breadcrumb\",\"itemListElement\":[{\"@type\":\"ListItem\",\"position\":1,\"name\":\"Po\u010detna stranica\",\"item\":\"https:\\\/\\\/ppmhp.hr\\\/en\\\/\"},{\"@type\":\"ListItem\",\"position\":2,\"name\":\"Kastav (EN)\",\"item\":\"https:\\\/\\\/ppmhp.hr\\\/en\\\/kastav\\\/\"},{\"@type\":\"ListItem\",\"position\":3,\"name\":\"About MZK\"}]},{\"@type\":\"WebSite\",\"@id\":\"https:\\\/\\\/ppmhp.hr\\\/en\\\/#website\",\"url\":\"https:\\\/\\\/ppmhp.hr\\\/en\\\/\",\"name\":\"Pomorski i povijesni muzej Hrvatskog primorja\",\"description\":\"Guvernerova Pala\u010da \\\/ Memorijalni centar Lipa pamti \\\/ Muzejska zbirka Kastav\u0161tine\",\"potentialAction\":[{\"@type\":\"SearchAction\",\"target\":{\"@type\":\"EntryPoint\",\"urlTemplate\":\"https:\\\/\\\/ppmhp.hr\\\/en\\\/?s={search_term_string}\"},\"query-input\":{\"@type\":\"PropertyValueSpecification\",\"valueRequired\":true,\"valueName\":\"search_term_string\"}}],\"inLanguage\":\"en-US\"}]}<\/script>\n<!-- \/ Yoast SEO plugin. -->","yoast_head_json":{"title":"About MZK - Pomorski i povijesni muzej Hrvatskog primorja","description":"Muzej u Kastvu: 1961. osnovan je Odbor MZK., a potom op\u0107i muzej koji ne obuhva\u0107a samo grad Kastav ve\u0107 cijelu Kastav\u0161tinu. Stalni postav otvoren je 1981.","robots":{"index":"index","follow":"follow","max-snippet":"max-snippet:-1","max-image-preview":"max-image-preview:large","max-video-preview":"max-video-preview:-1"},"canonical":"https:\/\/ppmhp.hr\/en\/kastav\/o-mzk\/","og_locale":"en_US","og_type":"article","og_title":"About MZK - Pomorski i povijesni muzej Hrvatskog primorja","og_description":"Muzej u Kastvu: 1961. osnovan je Odbor MZK., a potom op\u0107i muzej koji ne obuhva\u0107a samo grad Kastav ve\u0107 cijelu Kastav\u0161tinu. Stalni postav otvoren je 1981.","og_url":"https:\/\/ppmhp.hr\/en\/kastav\/o-mzk\/","og_site_name":"Pomorski i povijesni muzej Hrvatskog primorja","article_modified_time":"2022-07-25T12:07:39+00:00","og_image":[{"width":2000,"height":1231,"url":"https:\/\/ppmhp.hr\/web\/wp-content\/uploads\/2021\/12\/ppmhp_rijeka_big.jpg","type":"image\/jpeg"}],"twitter_card":"summary_large_image","twitter_misc":{"Est. reading time":"2 minutes"},"schema":{"@context":"https:\/\/schema.org","@graph":[{"@type":"WebPage","@id":"https:\/\/ppmhp.hr\/en\/kastav\/o-mzk\/","url":"https:\/\/ppmhp.hr\/en\/kastav\/o-mzk\/","name":"About MZK - Pomorski i povijesni muzej Hrvatskog primorja","isPartOf":{"@id":"https:\/\/ppmhp.hr\/en\/#website"},"primaryImageOfPage":{"@id":"https:\/\/ppmhp.hr\/en\/kastav\/o-mzk\/#primaryimage"},"image":{"@id":"https:\/\/ppmhp.hr\/en\/kastav\/o-mzk\/#primaryimage"},"thumbnailUrl":"https:\/\/ppmhp.hr\/web\/wp-content\/uploads\/2021\/12\/ppmhp_rijeka_big.jpg","datePublished":"2016-03-08T08:42:43+00:00","dateModified":"2022-07-25T12:07:39+00:00","description":"Muzej u Kastvu: 1961. osnovan je Odbor MZK., a potom op\u0107i muzej koji ne obuhva\u0107a samo grad Kastav ve\u0107 cijelu Kastav\u0161tinu. Stalni postav otvoren je 1981.","breadcrumb":{"@id":"https:\/\/ppmhp.hr\/en\/kastav\/o-mzk\/#breadcrumb"},"inLanguage":"en-US","potentialAction":[{"@type":"ReadAction","target":["https:\/\/ppmhp.hr\/en\/kastav\/o-mzk\/"]}]},{"@type":"ImageObject","inLanguage":"en-US","@id":"https:\/\/ppmhp.hr\/en\/kastav\/o-mzk\/#primaryimage","url":"https:\/\/ppmhp.hr\/web\/wp-content\/uploads\/2021\/12\/ppmhp_rijeka_big.jpg","contentUrl":"https:\/\/ppmhp.hr\/web\/wp-content\/uploads\/2021\/12\/ppmhp_rijeka_big.jpg","width":2000,"height":1231},{"@type":"BreadcrumbList","@id":"https:\/\/ppmhp.hr\/en\/kastav\/o-mzk\/#breadcrumb","itemListElement":[{"@type":"ListItem","position":1,"name":"Po\u010detna stranica","item":"https:\/\/ppmhp.hr\/en\/"},{"@type":"ListItem","position":2,"name":"Kastav (EN)","item":"https:\/\/ppmhp.hr\/en\/kastav\/"},{"@type":"ListItem","position":3,"name":"About MZK"}]},{"@type":"WebSite","@id":"https:\/\/ppmhp.hr\/en\/#website","url":"https:\/\/ppmhp.hr\/en\/","name":"Pomorski i povijesni muzej Hrvatskog primorja","description":"Guvernerova Pala\u010da \/ Memorijalni centar Lipa pamti \/ Muzejska zbirka Kastav\u0161tine","potentialAction":[{"@type":"SearchAction","target":{"@type":"EntryPoint","urlTemplate":"https:\/\/ppmhp.hr\/en\/?s={search_term_string}"},"query-input":{"@type":"PropertyValueSpecification","valueRequired":true,"valueName":"search_term_string"}}],"inLanguage":"en-US"}]}},"_links":{"self":[{"href":"https:\/\/ppmhp.hr\/en\/wp-json\/wp\/v2\/pages\/242931","targetHints":{"allow":["GET"]}}],"collection":[{"href":"https:\/\/ppmhp.hr\/en\/wp-json\/wp\/v2\/pages"}],"about":[{"href":"https:\/\/ppmhp.hr\/en\/wp-json\/wp\/v2\/types\/page"}],"author":[{"embeddable":true,"href":"https:\/\/ppmhp.hr\/en\/wp-json\/wp\/v2\/users\/5"}],"replies":[{"embeddable":true,"href":"https:\/\/ppmhp.hr\/en\/wp-json\/wp\/v2\/comments?post=242931"}],"version-history":[{"count":0,"href":"https:\/\/ppmhp.hr\/en\/wp-json\/wp\/v2\/pages\/242931\/revisions"}],"up":[{"embeddable":true,"href":"https:\/\/ppmhp.hr\/en\/wp-json\/wp\/v2\/pages\/236556"}],"wp:featuredmedia":[{"embeddable":true,"href":"https:\/\/ppmhp.hr\/en\/wp-json\/wp\/v2\/media\/13035"}],"wp:attachment":[{"href":"https:\/\/ppmhp.hr\/en\/wp-json\/wp\/v2\/media?parent=242931"}],"wp:term":[{"taxonomy":"category","embeddable":true,"href":"https:\/\/ppmhp.hr\/en\/wp-json\/wp\/v2\/categories?post=242931"},{"taxonomy":"post_tag","embeddable":true,"href":"https:\/\/ppmhp.hr\/en\/wp-json\/wp\/v2\/tags?post=242931"}],"curies":[{"name":"wp","href":"https:\/\/api.w.org\/{rel}","templated":true}]}}