{"id":236405,"date":"2021-12-15T09:25:17","date_gmt":"2021-12-15T08:25:17","guid":{"rendered":"https:\/\/ppmhp.hr\/web\/stradanje-lipe\/"},"modified":"2022-05-12T17:09:52","modified_gmt":"2022-05-12T15:09:52","slug":"the-tragedy-of-lipa","status":"publish","type":"page","link":"https:\/\/ppmhp.hr\/en\/lipa\/the-tragedy-of-lipa\/","title":{"rendered":"The tragedy of Lipa"},"content":{"rendered":"<header class=\"entry-header\">\n<p align=\"justify\"><strong>April 30th of 1944<\/strong><\/p>\n<p>We go back to wartime 1944. It\u2019s spring, April 30th, Sunday lunch time. The village of Lipa, as well as the entire Liburnian Karst area is under German occupation within the Operational Zone of the Adriatic Littoral. Together with the occupational forces there are fascists who, after the Italian armistice of 1943, continued to operate under the German command. Partisans are gathering in great secrecy, taking numerous guerrilla actions dependent on the local population that provides them hideouts, food an supplies. So-called&nbsp;<em>Ten Commandments<\/em>, rules issued on the 24th of February 1944 by general of the 97th German army corps Ludwig K\u00fcbler, incourage occupators to use looting, arson of civilian property and killing of civilian population as effective means of fighting the Partisan \u201egangs\u201c. One such operation of cleaning the territory of Partisans, named&nbsp;<em>Braunschweig<\/em>, has just started.<\/p>\n<p>Two women from Lipa, Katarina Kal\u010di\u0107 Gari\u0107eva and Ivanka Uj\u010di\u0107 Marocina are preparing to take milk to the Partisans hiding on the nearby Ravni hill. Katarina still hasn\u2019t finished cooking lunch so Ivanka leaves alone. She\u2019s carrying a child on her back anyways, so Katarina will catch up with her. Granpa Jakov Smajla heads out of the house to play bocce in the village. Suddenly a gunshot echoes leaving Jakov dead on his house front steps. His daughter Marija grabs her four young children and hides under the staircase. Ivanka, as she climbs towards Ravni, turns around facing Lipa and watches soldiers marching from Rupa entering the village. In the next few hours, 269 civilians from Lipa were tortured and killed, amongst them 96 children from the age of 7 months to 18 years. That day and the following days, Nazis and Fascists burned the bodies, stole the villagers belongings, destroyed their properties and burned all the houses (87 of them) and outhouses (85 of them). Lipa no longer existed. Ivanka never saw her friend Katarina again. Together with Marija (daughter of granpa Jakov) she\u2019s one of the few survivors who managed to protect their children from the horrors of that day.<\/p>\n<\/header>\n<div class=\"entry-content\">\n<div class=\"et_pb_slider et_pb_slider_fullwidth_off et_pb_gallery_post_type\">\n\t\t\t\t<div class=\"et_pb_slides\">\n\t\t\t\t\t<div class=\"et_pb_slide lazyload\" style=\"background:inherit;\" data-bg=\"url(https:\/\/ppmhp.hr\/web\/wp-content\/uploads\/2021\/12\/1.-Spomenik-zrtvama-smanjena-e1431451564606.jpg)\"><\/div><div class=\"et_pb_slide lazyload\" style=\"background:inherit;\" data-bg=\"url(https:\/\/ppmhp.hr\/web\/wp-content\/uploads\/2021\/12\/kvartirkina-kuca_Danica-smanjena.jpg)\"><\/div>\n\t\t\t\t<\/div>\n\t\t\t<\/div>\n<p align=\"justify\"><em>Most of the inhabitants were killed in the so-called Kvartirka\u2019s house at the entrance of the village.<\/em><\/p>\n<p align=\"justify\">How to cope with such a legacy? Does it concern just people from Lipa or can we agree that it\u2019s a universal legacy because it raises questions relevant to everyone? How did Lipa manage to do a \u201esalto mortale\u201c and resist death? Was it by living as the only way possible? \u2026 these are just some of the questions in the focus of interest of the recently opened Memorial Centre Lipa Remembers.<\/p>\n<p align=\"justify\">Lipa is now restored and has 125 inhabitants.<\/p>\n<\/div>\n","protected":false},"excerpt":{"rendered":"<p>April 30th of 1944 We go back to wartime 1944. It\u2019s spring, April 30th, Sunday lunch time. The village of Lipa, as well as the entire Liburnian Karst area is under German occupation within the Operational Zone of the Adriatic Littoral. Together with the occupational forces there are fascists who, after the Italian armistice of [&hellip;]<\/p>\n","protected":false},"author":2,"featured_media":13035,"parent":236567,"menu_order":0,"comment_status":"closed","ping_status":"closed","template":"","meta":{"_acf_changed":false,"_et_pb_use_builder":"","_et_pb_old_content":"","_et_gb_content_width":"","inline_featured_image":false,"footnotes":""},"categories":[517],"tags":[542],"class_list":["post-236405","page","type-page","status-publish","has-post-thumbnail","hentry","category-pages-lipa","tag-stranice-lipa-en-2"],"acf":[],"yoast_head":"<!-- This site is optimized with the Yoast SEO plugin v27.5 - https:\/\/yoast.com\/product\/yoast-seo-wordpress\/ -->\n<title>The tragedy of Lipa - Pomorski i povijesni muzej Hrvatskog primorja<\/title>\n<meta name=\"robots\" content=\"index, follow, max-snippet:-1, max-image-preview:large, max-video-preview:-1\" \/>\n<link rel=\"canonical\" href=\"https:\/\/ppmhp.hr\/en\/lipa\/the-tragedy-of-lipa\/\" \/>\n<meta property=\"og:locale\" content=\"en_US\" \/>\n<meta property=\"og:type\" content=\"article\" \/>\n<meta property=\"og:title\" content=\"The tragedy of Lipa - Pomorski i povijesni muzej Hrvatskog primorja\" \/>\n<meta property=\"og:description\" content=\"April 30th of 1944 We go back to wartime 1944. It\u2019s spring, April 30th, Sunday lunch time. The village of Lipa, as well as the entire Liburnian Karst area is under German occupation within the Operational Zone of the Adriatic Littoral. Together with the occupational forces there are fascists who, after the Italian armistice of [&hellip;]\" \/>\n<meta property=\"og:url\" content=\"https:\/\/ppmhp.hr\/en\/lipa\/the-tragedy-of-lipa\/\" \/>\n<meta property=\"og:site_name\" content=\"Pomorski i povijesni muzej Hrvatskog primorja\" \/>\n<meta property=\"article:modified_time\" content=\"2022-05-12T15:09:52+00:00\" \/>\n<meta property=\"og:image\" content=\"https:\/\/ppmhp.hr\/web\/wp-content\/uploads\/2021\/12\/ppmhp_rijeka_big.jpg\" \/>\n\t<meta property=\"og:image:width\" content=\"2000\" \/>\n\t<meta property=\"og:image:height\" content=\"1231\" \/>\n\t<meta property=\"og:image:type\" content=\"image\/jpeg\" \/>\n<meta name=\"twitter:card\" content=\"summary_large_image\" \/>\n<meta name=\"twitter:label1\" content=\"Est. reading time\" \/>\n\t<meta name=\"twitter:data1\" content=\"3 minutes\" \/>\n<script type=\"application\/ld+json\" class=\"yoast-schema-graph\">{\"@context\":\"https:\\\/\\\/schema.org\",\"@graph\":[{\"@type\":\"WebPage\",\"@id\":\"https:\\\/\\\/ppmhp.hr\\\/en\\\/lipa\\\/the-tragedy-of-lipa\\\/\",\"url\":\"https:\\\/\\\/ppmhp.hr\\\/en\\\/lipa\\\/the-tragedy-of-lipa\\\/\",\"name\":\"The tragedy of Lipa - Pomorski i povijesni muzej Hrvatskog primorja\",\"isPartOf\":{\"@id\":\"https:\\\/\\\/ppmhp.hr\\\/en\\\/#website\"},\"primaryImageOfPage\":{\"@id\":\"https:\\\/\\\/ppmhp.hr\\\/en\\\/lipa\\\/the-tragedy-of-lipa\\\/#primaryimage\"},\"image\":{\"@id\":\"https:\\\/\\\/ppmhp.hr\\\/en\\\/lipa\\\/the-tragedy-of-lipa\\\/#primaryimage\"},\"thumbnailUrl\":\"https:\\\/\\\/ppmhp.hr\\\/web\\\/wp-content\\\/uploads\\\/2021\\\/12\\\/ppmhp_rijeka_big.jpg\",\"datePublished\":\"2021-12-15T08:25:17+00:00\",\"dateModified\":\"2022-05-12T15:09:52+00:00\",\"breadcrumb\":{\"@id\":\"https:\\\/\\\/ppmhp.hr\\\/en\\\/lipa\\\/the-tragedy-of-lipa\\\/#breadcrumb\"},\"inLanguage\":\"en-US\",\"potentialAction\":[{\"@type\":\"ReadAction\",\"target\":[\"https:\\\/\\\/ppmhp.hr\\\/en\\\/lipa\\\/the-tragedy-of-lipa\\\/\"]}]},{\"@type\":\"ImageObject\",\"inLanguage\":\"en-US\",\"@id\":\"https:\\\/\\\/ppmhp.hr\\\/en\\\/lipa\\\/the-tragedy-of-lipa\\\/#primaryimage\",\"url\":\"https:\\\/\\\/ppmhp.hr\\\/web\\\/wp-content\\\/uploads\\\/2021\\\/12\\\/ppmhp_rijeka_big.jpg\",\"contentUrl\":\"https:\\\/\\\/ppmhp.hr\\\/web\\\/wp-content\\\/uploads\\\/2021\\\/12\\\/ppmhp_rijeka_big.jpg\",\"width\":2000,\"height\":1231},{\"@type\":\"BreadcrumbList\",\"@id\":\"https:\\\/\\\/ppmhp.hr\\\/en\\\/lipa\\\/the-tragedy-of-lipa\\\/#breadcrumb\",\"itemListElement\":[{\"@type\":\"ListItem\",\"position\":1,\"name\":\"Po\u010detna stranica\",\"item\":\"https:\\\/\\\/ppmhp.hr\\\/en\\\/\"},{\"@type\":\"ListItem\",\"position\":2,\"name\":\"Lipa (EN)\",\"item\":\"https:\\\/\\\/ppmhp.hr\\\/en\\\/lipa\\\/\"},{\"@type\":\"ListItem\",\"position\":3,\"name\":\"The tragedy of Lipa\"}]},{\"@type\":\"WebSite\",\"@id\":\"https:\\\/\\\/ppmhp.hr\\\/en\\\/#website\",\"url\":\"https:\\\/\\\/ppmhp.hr\\\/en\\\/\",\"name\":\"Pomorski i povijesni muzej Hrvatskog primorja\",\"description\":\"Guvernerova Pala\u010da \\\/ Memorijalni centar Lipa pamti \\\/ Muzejska zbirka Kastav\u0161tine\",\"potentialAction\":[{\"@type\":\"SearchAction\",\"target\":{\"@type\":\"EntryPoint\",\"urlTemplate\":\"https:\\\/\\\/ppmhp.hr\\\/en\\\/?s={search_term_string}\"},\"query-input\":{\"@type\":\"PropertyValueSpecification\",\"valueRequired\":true,\"valueName\":\"search_term_string\"}}],\"inLanguage\":\"en-US\"}]}<\/script>\n<!-- \/ Yoast SEO plugin. -->","yoast_head_json":{"title":"The tragedy of Lipa - Pomorski i povijesni muzej Hrvatskog primorja","robots":{"index":"index","follow":"follow","max-snippet":"max-snippet:-1","max-image-preview":"max-image-preview:large","max-video-preview":"max-video-preview:-1"},"canonical":"https:\/\/ppmhp.hr\/en\/lipa\/the-tragedy-of-lipa\/","og_locale":"en_US","og_type":"article","og_title":"The tragedy of Lipa - Pomorski i povijesni muzej Hrvatskog primorja","og_description":"April 30th of 1944 We go back to wartime 1944. It\u2019s spring, April 30th, Sunday lunch time. The village of Lipa, as well as the entire Liburnian Karst area is under German occupation within the Operational Zone of the Adriatic Littoral. Together with the occupational forces there are fascists who, after the Italian armistice of [&hellip;]","og_url":"https:\/\/ppmhp.hr\/en\/lipa\/the-tragedy-of-lipa\/","og_site_name":"Pomorski i povijesni muzej Hrvatskog primorja","article_modified_time":"2022-05-12T15:09:52+00:00","og_image":[{"width":2000,"height":1231,"url":"https:\/\/ppmhp.hr\/web\/wp-content\/uploads\/2021\/12\/ppmhp_rijeka_big.jpg","type":"image\/jpeg"}],"twitter_card":"summary_large_image","twitter_misc":{"Est. reading time":"3 minutes"},"schema":{"@context":"https:\/\/schema.org","@graph":[{"@type":"WebPage","@id":"https:\/\/ppmhp.hr\/en\/lipa\/the-tragedy-of-lipa\/","url":"https:\/\/ppmhp.hr\/en\/lipa\/the-tragedy-of-lipa\/","name":"The tragedy of Lipa - Pomorski i povijesni muzej Hrvatskog primorja","isPartOf":{"@id":"https:\/\/ppmhp.hr\/en\/#website"},"primaryImageOfPage":{"@id":"https:\/\/ppmhp.hr\/en\/lipa\/the-tragedy-of-lipa\/#primaryimage"},"image":{"@id":"https:\/\/ppmhp.hr\/en\/lipa\/the-tragedy-of-lipa\/#primaryimage"},"thumbnailUrl":"https:\/\/ppmhp.hr\/web\/wp-content\/uploads\/2021\/12\/ppmhp_rijeka_big.jpg","datePublished":"2021-12-15T08:25:17+00:00","dateModified":"2022-05-12T15:09:52+00:00","breadcrumb":{"@id":"https:\/\/ppmhp.hr\/en\/lipa\/the-tragedy-of-lipa\/#breadcrumb"},"inLanguage":"en-US","potentialAction":[{"@type":"ReadAction","target":["https:\/\/ppmhp.hr\/en\/lipa\/the-tragedy-of-lipa\/"]}]},{"@type":"ImageObject","inLanguage":"en-US","@id":"https:\/\/ppmhp.hr\/en\/lipa\/the-tragedy-of-lipa\/#primaryimage","url":"https:\/\/ppmhp.hr\/web\/wp-content\/uploads\/2021\/12\/ppmhp_rijeka_big.jpg","contentUrl":"https:\/\/ppmhp.hr\/web\/wp-content\/uploads\/2021\/12\/ppmhp_rijeka_big.jpg","width":2000,"height":1231},{"@type":"BreadcrumbList","@id":"https:\/\/ppmhp.hr\/en\/lipa\/the-tragedy-of-lipa\/#breadcrumb","itemListElement":[{"@type":"ListItem","position":1,"name":"Po\u010detna stranica","item":"https:\/\/ppmhp.hr\/en\/"},{"@type":"ListItem","position":2,"name":"Lipa (EN)","item":"https:\/\/ppmhp.hr\/en\/lipa\/"},{"@type":"ListItem","position":3,"name":"The tragedy of Lipa"}]},{"@type":"WebSite","@id":"https:\/\/ppmhp.hr\/en\/#website","url":"https:\/\/ppmhp.hr\/en\/","name":"Pomorski i povijesni muzej Hrvatskog primorja","description":"Guvernerova Pala\u010da \/ Memorijalni centar Lipa pamti \/ Muzejska zbirka Kastav\u0161tine","potentialAction":[{"@type":"SearchAction","target":{"@type":"EntryPoint","urlTemplate":"https:\/\/ppmhp.hr\/en\/?s={search_term_string}"},"query-input":{"@type":"PropertyValueSpecification","valueRequired":true,"valueName":"search_term_string"}}],"inLanguage":"en-US"}]}},"_links":{"self":[{"href":"https:\/\/ppmhp.hr\/en\/wp-json\/wp\/v2\/pages\/236405","targetHints":{"allow":["GET"]}}],"collection":[{"href":"https:\/\/ppmhp.hr\/en\/wp-json\/wp\/v2\/pages"}],"about":[{"href":"https:\/\/ppmhp.hr\/en\/wp-json\/wp\/v2\/types\/page"}],"author":[{"embeddable":true,"href":"https:\/\/ppmhp.hr\/en\/wp-json\/wp\/v2\/users\/2"}],"replies":[{"embeddable":true,"href":"https:\/\/ppmhp.hr\/en\/wp-json\/wp\/v2\/comments?post=236405"}],"version-history":[{"count":0,"href":"https:\/\/ppmhp.hr\/en\/wp-json\/wp\/v2\/pages\/236405\/revisions"}],"up":[{"embeddable":true,"href":"https:\/\/ppmhp.hr\/en\/wp-json\/wp\/v2\/pages\/236567"}],"wp:featuredmedia":[{"embeddable":true,"href":"https:\/\/ppmhp.hr\/en\/wp-json\/wp\/v2\/media\/13035"}],"wp:attachment":[{"href":"https:\/\/ppmhp.hr\/en\/wp-json\/wp\/v2\/media?parent=236405"}],"wp:term":[{"taxonomy":"category","embeddable":true,"href":"https:\/\/ppmhp.hr\/en\/wp-json\/wp\/v2\/categories?post=236405"},{"taxonomy":"post_tag","embeddable":true,"href":"https:\/\/ppmhp.hr\/en\/wp-json\/wp\/v2\/tags?post=236405"}],"curies":[{"name":"wp","href":"https:\/\/api.w.org\/{rel}","templated":true}]}}