{"id":13642,"date":"2016-03-15T17:35:22","date_gmt":"2016-03-15T16:35:22","guid":{"rendered":"https:\/\/ppmhp.hr\/web\/stalni-postav\/"},"modified":"2023-07-19T10:10:27","modified_gmt":"2023-07-19T08:10:27","slug":"stalni-postav","status":"publish","type":"page","link":"https:\/\/ppmhp.hr\/en\/kastav\/izlozbe\/stalni-postav\/","title":{"rendered":"Permanent exhibition"},"content":{"rendered":"<p>[et_pb_section fb_built=&#8221;1&#8243; admin_label=&#8221;section&#8221; _builder_version=&#8221;4.16&#8243; global_colors_info=&#8221;{}&#8221;][et_pb_row admin_label=&#8221;row&#8221; _builder_version=&#8221;4.16&#8243; background_size=&#8221;initial&#8221; background_position=&#8221;top_left&#8221; background_repeat=&#8221;repeat&#8221; global_colors_info=&#8221;{}&#8221;][et_pb_column type=&#8221;4_4&#8243; _builder_version=&#8221;4.16&#8243; custom_padding=&#8221;|||&#8221; global_colors_info=&#8221;{}&#8221; custom_padding__hover=&#8221;|||&#8221;][et_pb_text admin_label=&#8221;Text&#8221; _builder_version=&#8221;4.21.0&#8243; background_size=&#8221;initial&#8221; background_position=&#8221;top_left&#8221; background_repeat=&#8221;repeat&#8221; hover_enabled=&#8221;0&#8243; global_colors_info=&#8221;{}&#8221; sticky_enabled=&#8221;0&#8243;]<\/p>\n<p>Archaeological materials found at the prehistoric burial ground called Mi\u0161inac, at the foot of Kastav, testify to the earliest era of human habitation. The artefacts found there include ceramic pottery, bronze buckles and pendants, buttons, etc. <\/p>\n<p><a href=\"https:\/\/ppmhp.hr\/web\/wp-content\/uploads\/2023\/07\/MZK-postav-01.jpg\"><img decoding=\"async\" class=\"alignnone wp-image-246675 size-medium lazyload\" data-src=\"https:\/\/ppmhp.hr\/web\/wp-content\/uploads\/2023\/07\/MZK-postav-01-300x200.jpg\" alt=\"\" width=\"300\" height=\"200\" src=\"data:image\/svg+xml;base64,PHN2ZyB3aWR0aD0iMSIgaGVpZ2h0PSIxIiB4bWxucz0iaHR0cDovL3d3dy53My5vcmcvMjAwMC9zdmciPjwvc3ZnPg==\" style=\"--smush-placeholder-width: 300px; --smush-placeholder-aspect-ratio: 300\/200;\"><\/a>&nbsp;<a href=\"https:\/\/ppmhp.hr\/web\/wp-content\/uploads\/2023\/07\/MZK-postav-02.jpg\"><img decoding=\"async\" class=\"wp-image-246677 alignnone size-medium lazyload\" data-src=\"https:\/\/ppmhp.hr\/web\/wp-content\/uploads\/2023\/07\/MZK-postav-02-300x200.jpg\" alt=\"\" width=\"300\" height=\"200\" src=\"data:image\/svg+xml;base64,PHN2ZyB3aWR0aD0iMSIgaGVpZ2h0PSIxIiB4bWxucz0iaHR0cDovL3d3dy53My5vcmcvMjAwMC9zdmciPjwvc3ZnPg==\" style=\"--smush-placeholder-width: 300px; --smush-placeholder-aspect-ratio: 300\/200;\"><\/a><\/p>\n<p>The wider Kastav\u0161tina lost some of its importance during Antiquity, but in the Middle Ages, when it was settled by the Slavs, it once more became a place of interest to the landed nobility. After union of Croatia and Hungary, the Kastav area belonged to the counts of Duino (in the vicinity of Trieste), but after the latter no longer had heirs, their estates were inherited by the Walsee counts. The Kastav Law Code was written during their reign in 1400. Only subsequent transcriptions of it have been preserved, but it is assumed that it was written in the Croatian language and Glagolitic script. This is a document rooted in common law that regulates the rights and duties of residents of the Kastav Estate. It was supplemented and appended over time and it was acknowledged by Kastav\u2019s rulers, as shown by an imperial diploma that grants Kastav citizens the right to elect judges and delegates.<\/p>\n<p><a href=\"https:\/\/ppmhp.hr\/web\/wp-content\/uploads\/2023\/07\/MZK-postav-03.jpg\"><img decoding=\"async\" class=\"wp-image-246679 alignnone size-medium lazyload\" data-src=\"https:\/\/ppmhp.hr\/web\/wp-content\/uploads\/2023\/07\/MZK-postav-03-300x200.jpg\" alt=\"\" width=\"300\" height=\"200\" src=\"data:image\/svg+xml;base64,PHN2ZyB3aWR0aD0iMSIgaGVpZ2h0PSIxIiB4bWxucz0iaHR0cDovL3d3dy53My5vcmcvMjAwMC9zdmciPjwvc3ZnPg==\" style=\"--smush-placeholder-width: 300px; --smush-placeholder-aspect-ratio: 300\/200;\"><\/a><\/p>\n<p>Use of the Glagolitic script in the Kastav\u0161tina was widespread even in the late Middle Ages and Early Modern era, as indicated by the engraved Glagolitic letters found on a fragment of a bell from the steeple on St. Victor\u2019s Church below Kastav and on stone blocks and door frames.<\/p>\n<p><a href=\"https:\/\/ppmhp.hr\/web\/wp-content\/uploads\/2023\/07\/MZK-postav-05.jpg\"><img decoding=\"async\" class=\"wp-image-246683 alignnone size-medium lazyload\" data-src=\"https:\/\/ppmhp.hr\/web\/wp-content\/uploads\/2023\/07\/MZK-postav-05-300x200.jpg\" alt=\"\" width=\"300\" height=\"200\" src=\"data:image\/svg+xml;base64,PHN2ZyB3aWR0aD0iMSIgaGVpZ2h0PSIxIiB4bWxucz0iaHR0cDovL3d3dy53My5vcmcvMjAwMC9zdmciPjwvc3ZnPg==\" style=\"--smush-placeholder-width: 300px; --smush-placeholder-aspect-ratio: 300\/200;\"><\/a><\/p>\n<p>Kastav\u2019s citizens were very dissatisfied by the arrival of the Jesuits in the 17th century due to the additional tithes imposed upon them. Construction of the Church of St. Mary began in Kastav; today it is known by the name Crekvina (\u2018big church\u2019), and many legends are associated with it. The church was never completed due to the dissolution of the Jesuit order. It has been preserved in its unfinished state and is today one of the town\u2019s most attractive sights. After the fall of the Napoleonic empire, Kastav came under Austrian rule, and in 1848 feudalism and the Kastav Estate were abolished.<br \/>The town of Kastav is notable for many educational and cultural activities, the beginnings of which can be traced back to the establishment of the Primary School in 1770 by decree of Empress Maria Theresa that made the schooling of children mandatory. It was initially open only to boys, but later girls were also allowed to attend. The Croatian language and culture were promoted in Kastav after the establishment of the Reading Room in 1866. Education continued to develop in Kastav, so that a teacher induction school began working in 1875, while the Teacher Training College was established in 1906; the Trade School was opened in 1885.<\/p>\n<p><a href=\"https:\/\/ppmhp.hr\/web\/wp-content\/uploads\/2023\/07\/MZK-postav-07.jpg\"><img decoding=\"async\" class=\"alignnone wp-image-246687 size-medium lazyload\" data-src=\"https:\/\/ppmhp.hr\/web\/wp-content\/uploads\/2023\/07\/MZK-postav-07-300x200.jpg\" alt=\"\" width=\"300\" height=\"200\" src=\"data:image\/svg+xml;base64,PHN2ZyB3aWR0aD0iMSIgaGVpZ2h0PSIxIiB4bWxucz0iaHR0cDovL3d3dy53My5vcmcvMjAwMC9zdmciPjwvc3ZnPg==\" style=\"--smush-placeholder-width: 300px; --smush-placeholder-aspect-ratio: 300\/200;\"> <\/a><a href=\"https:\/\/ppmhp.hr\/web\/wp-content\/uploads\/2023\/07\/MZK-postav-09.jpg\"><img decoding=\"async\" class=\"wp-image-246691 alignnone size-medium lazyload\" data-src=\"https:\/\/ppmhp.hr\/web\/wp-content\/uploads\/2023\/07\/MZK-postav-09-300x200.jpg\" alt=\"\" width=\"300\" height=\"200\" src=\"data:image\/svg+xml;base64,PHN2ZyB3aWR0aD0iMSIgaGVpZ2h0PSIxIiB4bWxucz0iaHR0cDovL3d3dy53My5vcmcvMjAwMC9zdmciPjwvc3ZnPg==\" style=\"--smush-placeholder-width: 300px; --smush-placeholder-aspect-ratio: 300\/200;\"><\/a><\/p>\n<p>Cultural and educational activities were also carried out by associations such as Istrian Faerie from Kastav, Patriot from Rukavac and St. Michael from Rube\u0161i. They fostered the Croatian language, literature, culture and learning.<\/p>\n<p><a href=\"https:\/\/ppmhp.hr\/web\/wp-content\/uploads\/2023\/07\/MZK-postav-12.jpg\"><img decoding=\"async\" class=\"wp-image-246700 alignnone size-medium lazyload\" data-src=\"https:\/\/ppmhp.hr\/web\/wp-content\/uploads\/2023\/07\/MZK-postav-12-300x200.jpg\" alt=\"\" width=\"300\" height=\"200\" src=\"data:image\/svg+xml;base64,PHN2ZyB3aWR0aD0iMSIgaGVpZ2h0PSIxIiB4bWxucz0iaHR0cDovL3d3dy53My5vcmcvMjAwMC9zdmciPjwvc3ZnPg==\" style=\"--smush-placeholder-width: 300px; --smush-placeholder-aspect-ratio: 300\/200;\"><\/a><\/p>\n<p>The town of Kastav is associated with the trinity of Istrian national reformers, Matko Mandi\u0107, Matko Laginja and Vjekoslav Spin\u010di\u0107. The famed writer Vladimir Nazor spent the early years of the 20th century in Kastav, working as the superintendant of the Teacher Training College.<\/p>\n<p><a href=\"https:\/\/ppmhp.hr\/web\/wp-content\/uploads\/2023\/07\/MZK-postav-13.jpg\"><img decoding=\"async\" class=\"wp-image-246703 alignnone size-medium lazyload\" data-src=\"https:\/\/ppmhp.hr\/web\/wp-content\/uploads\/2023\/07\/MZK-postav-13-300x200.jpg\" alt=\"\" width=\"300\" height=\"200\" src=\"data:image\/svg+xml;base64,PHN2ZyB3aWR0aD0iMSIgaGVpZ2h0PSIxIiB4bWxucz0iaHR0cDovL3d3dy53My5vcmcvMjAwMC9zdmciPjwvc3ZnPg==\" style=\"--smush-placeholder-width: 300px; --smush-placeholder-aspect-ratio: 300\/200;\"><\/a><\/p>\n<p>After the First World War, the western section of the former Kastav Municipality was annexed to the Kingdom of Italy under the Treaty of Rapallo in 1920 and then the Treaty of Rome in 1924. It remained a part of Italy until the end of World War II in 1945.<\/p>\n<p><a href=\"https:\/\/ppmhp.hr\/web\/wp-content\/uploads\/2023\/07\/MZK-postav-15.jpg\"><img decoding=\"async\" class=\"wp-image-246707 alignnone size-medium lazyload\" data-src=\"https:\/\/ppmhp.hr\/web\/wp-content\/uploads\/2023\/07\/MZK-postav-15-200x300.jpg\" alt=\"\" width=\"200\" height=\"300\" src=\"data:image\/svg+xml;base64,PHN2ZyB3aWR0aD0iMSIgaGVpZ2h0PSIxIiB4bWxucz0iaHR0cDovL3d3dy53My5vcmcvMjAwMC9zdmciPjwvc3ZnPg==\" style=\"--smush-placeholder-width: 200px; --smush-placeholder-aspect-ratio: 200\/300;\"><\/a><\/p>\n<p>The everyday life and economic activities of the local population at the end of the 19th and in the 20th century are presented in thematic exhibitions.<\/p>\n<p><a href=\"https:\/\/ppmhp.hr\/web\/wp-content\/uploads\/2023\/07\/MZK-postav-18.jpg\"><img decoding=\"async\" class=\"wp-image-246713 alignnone size-medium lazyload\" data-src=\"https:\/\/ppmhp.hr\/web\/wp-content\/uploads\/2023\/07\/MZK-postav-18-300x200.jpg\" alt=\"\" width=\"300\" height=\"200\" src=\"data:image\/svg+xml;base64,PHN2ZyB3aWR0aD0iMSIgaGVpZ2h0PSIxIiB4bWxucz0iaHR0cDovL3d3dy53My5vcmcvMjAwMC9zdmciPjwvc3ZnPg==\" style=\"--smush-placeholder-width: 300px; --smush-placeholder-aspect-ratio: 300\/200;\"><\/a><\/p>\n<p>[\/et_pb_text][\/et_pb_column][\/et_pb_row][\/et_pb_section]<\/p>\n","protected":false},"excerpt":{"rendered":"<p>[et_pb_section fb_built=&#8221;1&#8243; admin_label=&#8221;section&#8221; _builder_version=&#8221;4.16&#8243; global_colors_info=&#8221;{}&#8221;][et_pb_row admin_label=&#8221;row&#8221; _builder_version=&#8221;4.16&#8243; background_size=&#8221;initial&#8221; background_position=&#8221;top_left&#8221; background_repeat=&#8221;repeat&#8221; global_colors_info=&#8221;{}&#8221;][et_pb_column type=&#8221;4_4&#8243; _builder_version=&#8221;4.16&#8243; custom_padding=&#8221;|||&#8221; global_colors_info=&#8221;{}&#8221; custom_padding__hover=&#8221;|||&#8221;][et_pb_text admin_label=&#8221;Text&#8221; _builder_version=&#8221;4.21.0&#8243; background_size=&#8221;initial&#8221; background_position=&#8221;top_left&#8221; background_repeat=&#8221;repeat&#8221; hover_enabled=&#8221;0&#8243; global_colors_info=&#8221;{}&#8221; sticky_enabled=&#8221;0&#8243;] Archaeological materials found at the prehistoric burial ground called Mi\u0161inac, at the foot of Kastav, testify to the earliest era of human habitation. The artefacts found there include ceramic pottery, bronze [&hellip;]<\/p>\n","protected":false},"author":5,"featured_media":246639,"parent":13639,"menu_order":3,"comment_status":"closed","ping_status":"closed","template":"","meta":{"_acf_changed":false,"_et_pb_use_builder":"off","_et_pb_old_content":"","_et_gb_content_width":"","inline_featured_image":false,"footnotes":""},"categories":[445],"tags":[],"class_list":["post-13642","page","type-page","status-publish","has-post-thumbnail","hentry","category-pages-kastav"],"acf":[],"yoast_head":"<!-- This site is optimized with the Yoast SEO plugin v27.3 - https:\/\/yoast.com\/product\/yoast-seo-wordpress\/ -->\n<title>Permanent exhibition - Pomorski i povijesni muzej Hrvatskog primorja<\/title>\n<meta name=\"robots\" content=\"index, follow, max-snippet:-1, max-image-preview:large, max-video-preview:-1\" \/>\n<link rel=\"canonical\" href=\"https:\/\/ppmhp.hr\/en\/kastav\/izlozbe\/stalni-postav\/\" \/>\n<meta property=\"og:locale\" content=\"en_US\" \/>\n<meta property=\"og:type\" content=\"article\" \/>\n<meta property=\"og:title\" content=\"Permanent exhibition - Pomorski i povijesni muzej Hrvatskog primorja\" \/>\n<meta property=\"og:description\" content=\"[et_pb_section fb_built=&#8221;1&#8243; admin_label=&#8221;section&#8221; _builder_version=&#8221;4.16&#8243; global_colors_info=&#8221;{}&#8221;][et_pb_row admin_label=&#8221;row&#8221; _builder_version=&#8221;4.16&#8243; background_size=&#8221;initial&#8221; background_position=&#8221;top_left&#8221; background_repeat=&#8221;repeat&#8221; global_colors_info=&#8221;{}&#8221;][et_pb_column type=&#8221;4_4&#8243; _builder_version=&#8221;4.16&#8243; custom_padding=&#8221;|||&#8221; global_colors_info=&#8221;{}&#8221; custom_padding__hover=&#8221;|||&#8221;][et_pb_text admin_label=&#8221;Text&#8221; _builder_version=&#8221;4.21.0&#8243; background_size=&#8221;initial&#8221; background_position=&#8221;top_left&#8221; background_repeat=&#8221;repeat&#8221; hover_enabled=&#8221;0&#8243; global_colors_info=&#8221;{}&#8221; sticky_enabled=&#8221;0&#8243;] Archaeological materials found at the prehistoric burial ground called Mi\u0161inac, at the foot of Kastav, testify to the earliest era of human habitation. The artefacts found there include ceramic pottery, bronze [&hellip;]\" \/>\n<meta property=\"og:url\" content=\"https:\/\/ppmhp.hr\/en\/kastav\/izlozbe\/stalni-postav\/\" \/>\n<meta property=\"og:site_name\" content=\"Pomorski i povijesni muzej Hrvatskog primorja\" \/>\n<meta property=\"article:modified_time\" content=\"2023-07-19T08:10:27+00:00\" \/>\n<meta property=\"og:image\" content=\"https:\/\/ppmhp.hr\/web\/wp-content\/uploads\/2023\/07\/ppmhp_mzk_postav2.jpg\" \/>\n\t<meta property=\"og:image:width\" content=\"1920\" \/>\n\t<meta property=\"og:image:height\" content=\"1281\" \/>\n\t<meta property=\"og:image:type\" content=\"image\/jpeg\" \/>\n<meta name=\"twitter:card\" content=\"summary_large_image\" \/>\n<meta name=\"twitter:label1\" content=\"Est. reading time\" \/>\n\t<meta name=\"twitter:data1\" content=\"7 minutes\" \/>\n<script type=\"application\/ld+json\" class=\"yoast-schema-graph\">{\"@context\":\"https:\\\/\\\/schema.org\",\"@graph\":[{\"@type\":\"WebPage\",\"@id\":\"https:\\\/\\\/ppmhp.hr\\\/en\\\/kastav\\\/izlozbe\\\/stalni-postav\\\/\",\"url\":\"https:\\\/\\\/ppmhp.hr\\\/en\\\/kastav\\\/izlozbe\\\/stalni-postav\\\/\",\"name\":\"Permanent exhibition - Pomorski i povijesni muzej Hrvatskog primorja\",\"isPartOf\":{\"@id\":\"https:\\\/\\\/ppmhp.hr\\\/en\\\/#website\"},\"primaryImageOfPage\":{\"@id\":\"https:\\\/\\\/ppmhp.hr\\\/en\\\/kastav\\\/izlozbe\\\/stalni-postav\\\/#primaryimage\"},\"image\":{\"@id\":\"https:\\\/\\\/ppmhp.hr\\\/en\\\/kastav\\\/izlozbe\\\/stalni-postav\\\/#primaryimage\"},\"thumbnailUrl\":\"https:\\\/\\\/ppmhp.hr\\\/web\\\/wp-content\\\/uploads\\\/2023\\\/07\\\/ppmhp_mzk_postav2.jpg\",\"datePublished\":\"2016-03-15T16:35:22+00:00\",\"dateModified\":\"2023-07-19T08:10:27+00:00\",\"breadcrumb\":{\"@id\":\"https:\\\/\\\/ppmhp.hr\\\/en\\\/kastav\\\/izlozbe\\\/stalni-postav\\\/#breadcrumb\"},\"inLanguage\":\"en-US\",\"potentialAction\":[{\"@type\":\"ReadAction\",\"target\":[\"https:\\\/\\\/ppmhp.hr\\\/en\\\/kastav\\\/izlozbe\\\/stalni-postav\\\/\"]}]},{\"@type\":\"ImageObject\",\"inLanguage\":\"en-US\",\"@id\":\"https:\\\/\\\/ppmhp.hr\\\/en\\\/kastav\\\/izlozbe\\\/stalni-postav\\\/#primaryimage\",\"url\":\"https:\\\/\\\/ppmhp.hr\\\/web\\\/wp-content\\\/uploads\\\/2023\\\/07\\\/ppmhp_mzk_postav2.jpg\",\"contentUrl\":\"https:\\\/\\\/ppmhp.hr\\\/web\\\/wp-content\\\/uploads\\\/2023\\\/07\\\/ppmhp_mzk_postav2.jpg\",\"width\":1920,\"height\":1281},{\"@type\":\"BreadcrumbList\",\"@id\":\"https:\\\/\\\/ppmhp.hr\\\/en\\\/kastav\\\/izlozbe\\\/stalni-postav\\\/#breadcrumb\",\"itemListElement\":[{\"@type\":\"ListItem\",\"position\":1,\"name\":\"Po\u010detna stranica\",\"item\":\"https:\\\/\\\/ppmhp.hr\\\/en\\\/\"},{\"@type\":\"ListItem\",\"position\":2,\"name\":\"Kastav (EN)\",\"item\":\"https:\\\/\\\/ppmhp.hr\\\/en\\\/kastav\\\/\"},{\"@type\":\"ListItem\",\"position\":3,\"name\":\"Izlo\u017ebe (KAS)\",\"item\":\"https:\\\/\\\/ppmhp.hr\\\/en\\\/kastav\\\/izlozbe\\\/\"},{\"@type\":\"ListItem\",\"position\":4,\"name\":\"Permanent exhibition\"}]},{\"@type\":\"WebSite\",\"@id\":\"https:\\\/\\\/ppmhp.hr\\\/en\\\/#website\",\"url\":\"https:\\\/\\\/ppmhp.hr\\\/en\\\/\",\"name\":\"Pomorski i povijesni muzej Hrvatskog primorja\",\"description\":\"Guvernerova Pala\u010da \\\/ Memorijalni centar Lipa pamti \\\/ Muzejska zbirka Kastav\u0161tine\",\"potentialAction\":[{\"@type\":\"SearchAction\",\"target\":{\"@type\":\"EntryPoint\",\"urlTemplate\":\"https:\\\/\\\/ppmhp.hr\\\/en\\\/?s={search_term_string}\"},\"query-input\":{\"@type\":\"PropertyValueSpecification\",\"valueRequired\":true,\"valueName\":\"search_term_string\"}}],\"inLanguage\":\"en-US\"}]}<\/script>\n<!-- \/ Yoast SEO plugin. -->","yoast_head_json":{"title":"Permanent exhibition - Pomorski i povijesni muzej Hrvatskog primorja","robots":{"index":"index","follow":"follow","max-snippet":"max-snippet:-1","max-image-preview":"max-image-preview:large","max-video-preview":"max-video-preview:-1"},"canonical":"https:\/\/ppmhp.hr\/en\/kastav\/izlozbe\/stalni-postav\/","og_locale":"en_US","og_type":"article","og_title":"Permanent exhibition - Pomorski i povijesni muzej Hrvatskog primorja","og_description":"[et_pb_section fb_built=&#8221;1&#8243; admin_label=&#8221;section&#8221; _builder_version=&#8221;4.16&#8243; global_colors_info=&#8221;{}&#8221;][et_pb_row admin_label=&#8221;row&#8221; _builder_version=&#8221;4.16&#8243; background_size=&#8221;initial&#8221; background_position=&#8221;top_left&#8221; background_repeat=&#8221;repeat&#8221; global_colors_info=&#8221;{}&#8221;][et_pb_column type=&#8221;4_4&#8243; _builder_version=&#8221;4.16&#8243; custom_padding=&#8221;|||&#8221; global_colors_info=&#8221;{}&#8221; custom_padding__hover=&#8221;|||&#8221;][et_pb_text admin_label=&#8221;Text&#8221; _builder_version=&#8221;4.21.0&#8243; background_size=&#8221;initial&#8221; background_position=&#8221;top_left&#8221; background_repeat=&#8221;repeat&#8221; hover_enabled=&#8221;0&#8243; global_colors_info=&#8221;{}&#8221; sticky_enabled=&#8221;0&#8243;] Archaeological materials found at the prehistoric burial ground called Mi\u0161inac, at the foot of Kastav, testify to the earliest era of human habitation. The artefacts found there include ceramic pottery, bronze [&hellip;]","og_url":"https:\/\/ppmhp.hr\/en\/kastav\/izlozbe\/stalni-postav\/","og_site_name":"Pomorski i povijesni muzej Hrvatskog primorja","article_modified_time":"2023-07-19T08:10:27+00:00","og_image":[{"width":1920,"height":1281,"url":"https:\/\/ppmhp.hr\/web\/wp-content\/uploads\/2023\/07\/ppmhp_mzk_postav2.jpg","type":"image\/jpeg"}],"twitter_card":"summary_large_image","twitter_misc":{"Est. reading time":"7 minutes"},"schema":{"@context":"https:\/\/schema.org","@graph":[{"@type":"WebPage","@id":"https:\/\/ppmhp.hr\/en\/kastav\/izlozbe\/stalni-postav\/","url":"https:\/\/ppmhp.hr\/en\/kastav\/izlozbe\/stalni-postav\/","name":"Permanent exhibition - Pomorski i povijesni muzej Hrvatskog primorja","isPartOf":{"@id":"https:\/\/ppmhp.hr\/en\/#website"},"primaryImageOfPage":{"@id":"https:\/\/ppmhp.hr\/en\/kastav\/izlozbe\/stalni-postav\/#primaryimage"},"image":{"@id":"https:\/\/ppmhp.hr\/en\/kastav\/izlozbe\/stalni-postav\/#primaryimage"},"thumbnailUrl":"https:\/\/ppmhp.hr\/web\/wp-content\/uploads\/2023\/07\/ppmhp_mzk_postav2.jpg","datePublished":"2016-03-15T16:35:22+00:00","dateModified":"2023-07-19T08:10:27+00:00","breadcrumb":{"@id":"https:\/\/ppmhp.hr\/en\/kastav\/izlozbe\/stalni-postav\/#breadcrumb"},"inLanguage":"en-US","potentialAction":[{"@type":"ReadAction","target":["https:\/\/ppmhp.hr\/en\/kastav\/izlozbe\/stalni-postav\/"]}]},{"@type":"ImageObject","inLanguage":"en-US","@id":"https:\/\/ppmhp.hr\/en\/kastav\/izlozbe\/stalni-postav\/#primaryimage","url":"https:\/\/ppmhp.hr\/web\/wp-content\/uploads\/2023\/07\/ppmhp_mzk_postav2.jpg","contentUrl":"https:\/\/ppmhp.hr\/web\/wp-content\/uploads\/2023\/07\/ppmhp_mzk_postav2.jpg","width":1920,"height":1281},{"@type":"BreadcrumbList","@id":"https:\/\/ppmhp.hr\/en\/kastav\/izlozbe\/stalni-postav\/#breadcrumb","itemListElement":[{"@type":"ListItem","position":1,"name":"Po\u010detna stranica","item":"https:\/\/ppmhp.hr\/en\/"},{"@type":"ListItem","position":2,"name":"Kastav (EN)","item":"https:\/\/ppmhp.hr\/en\/kastav\/"},{"@type":"ListItem","position":3,"name":"Izlo\u017ebe (KAS)","item":"https:\/\/ppmhp.hr\/en\/kastav\/izlozbe\/"},{"@type":"ListItem","position":4,"name":"Permanent exhibition"}]},{"@type":"WebSite","@id":"https:\/\/ppmhp.hr\/en\/#website","url":"https:\/\/ppmhp.hr\/en\/","name":"Pomorski i povijesni muzej Hrvatskog primorja","description":"Guvernerova Pala\u010da \/ Memorijalni centar Lipa pamti \/ Muzejska zbirka Kastav\u0161tine","potentialAction":[{"@type":"SearchAction","target":{"@type":"EntryPoint","urlTemplate":"https:\/\/ppmhp.hr\/en\/?s={search_term_string}"},"query-input":{"@type":"PropertyValueSpecification","valueRequired":true,"valueName":"search_term_string"}}],"inLanguage":"en-US"}]}},"_links":{"self":[{"href":"https:\/\/ppmhp.hr\/en\/wp-json\/wp\/v2\/pages\/13642","targetHints":{"allow":["GET"]}}],"collection":[{"href":"https:\/\/ppmhp.hr\/en\/wp-json\/wp\/v2\/pages"}],"about":[{"href":"https:\/\/ppmhp.hr\/en\/wp-json\/wp\/v2\/types\/page"}],"author":[{"embeddable":true,"href":"https:\/\/ppmhp.hr\/en\/wp-json\/wp\/v2\/users\/5"}],"replies":[{"embeddable":true,"href":"https:\/\/ppmhp.hr\/en\/wp-json\/wp\/v2\/comments?post=13642"}],"version-history":[{"count":0,"href":"https:\/\/ppmhp.hr\/en\/wp-json\/wp\/v2\/pages\/13642\/revisions"}],"up":[{"embeddable":true,"href":"https:\/\/ppmhp.hr\/en\/wp-json\/wp\/v2\/pages\/13639"}],"wp:featuredmedia":[{"embeddable":true,"href":"https:\/\/ppmhp.hr\/en\/wp-json\/wp\/v2\/media\/246639"}],"wp:attachment":[{"href":"https:\/\/ppmhp.hr\/en\/wp-json\/wp\/v2\/media?parent=13642"}],"wp:term":[{"taxonomy":"category","embeddable":true,"href":"https:\/\/ppmhp.hr\/en\/wp-json\/wp\/v2\/categories?post=13642"},{"taxonomy":"post_tag","embeddable":true,"href":"https:\/\/ppmhp.hr\/en\/wp-json\/wp\/v2\/tags?post=13642"}],"curies":[{"name":"wp","href":"https:\/\/api.w.org\/{rel}","templated":true}]}}