{"id":13628,"date":"2016-03-07T14:27:04","date_gmt":"2016-03-07T13:27:04","guid":{"rendered":"https:\/\/ppmhp.hr\/web\/edukacija\/"},"modified":"2016-03-07T14:27:04","modified_gmt":"2016-03-07T13:27:04","slug":"edukacija","status":"publish","type":"page","link":"https:\/\/ppmhp.hr\/en\/kastav\/edukacija\/","title":{"rendered":"Edukacija"},"content":{"rendered":"<p>Edukacija u muzeju obuhva\u0107a vodstva kroz stalni postav i povremene izlo\u017ebe za grupe posjetitelja, muzejske radionice za u\u010denike te razne edukativne projekte.<\/p>\n<p>Muzejska zbirka Kastav\u0161tine djeluje kao dislocirana zbirka Pomorskog i povijesnog muzeja Hrvatskog primorja Rijeka u kojemu je pedago\u0161ka slu\u017eba osnovana jo\u0161 1960-ih godina, a radno mjesto muzejskog pedagoga otvoreno 1985. godine. Pedago\u0161ki rad mati\u010dnog Muzeja postupno se pro\u0161iruje na MZK zapo\u0161ljavanjem kustosa zadu\u017eenog za Zbirku 2004. godine. Od tada se provode muzejske radionice i edukativni projekti ponajvi\u0161e u suradnji s O\u0160 Milana Brozovi\u0107a iz Kastva. Me\u0111u njima vrijedno je istaknuti program Osvije\u0161tena ba\u0161tina.<\/p>\n","protected":false},"excerpt":{"rendered":"<p>Edukacija u muzeju obuhva\u0107a vodstva kroz stalni postav i povremene izlo\u017ebe za grupe posjetitelja, muzejske radionice za u\u010denike te razne edukativne projekte. Muzejska zbirka Kastav\u0161tine djeluje kao dislocirana zbirka Pomorskog i povijesnog muzeja Hrvatskog primorja Rijeka u kojemu je pedago\u0161ka slu\u017eba osnovana jo\u0161 1960-ih godina, a radno mjesto muzejskog pedagoga otvoreno 1985. godine. Pedago\u0161ki rad [&hellip;]<\/p>\n","protected":false},"author":4,"featured_media":10613,"parent":236556,"menu_order":4,"comment_status":"closed","ping_status":"closed","template":"","meta":{"_acf_changed":false,"_et_pb_use_builder":"","_et_pb_old_content":"","_et_gb_content_width":"","inline_featured_image":false,"footnotes":""},"categories":[445],"tags":[],"class_list":["post-13628","page","type-page","status-publish","has-post-thumbnail","hentry","category-pages-kastav"],"acf":[],"yoast_head":"<!-- This site is optimized with the Yoast SEO plugin v27.3 - https:\/\/yoast.com\/product\/yoast-seo-wordpress\/ -->\n<title>Edukacija - Pomorski i povijesni muzej Hrvatskog primorja<\/title>\n<meta name=\"robots\" content=\"index, follow, max-snippet:-1, max-image-preview:large, max-video-preview:-1\" \/>\n<link rel=\"canonical\" href=\"https:\/\/ppmhp.hr\/en\/kastav\/edukacija\/\" \/>\n<meta property=\"og:locale\" content=\"en_US\" \/>\n<meta property=\"og:type\" content=\"article\" \/>\n<meta property=\"og:title\" content=\"Edukacija - Pomorski i povijesni muzej Hrvatskog primorja\" \/>\n<meta property=\"og:description\" content=\"Edukacija u muzeju obuhva\u0107a vodstva kroz stalni postav i povremene izlo\u017ebe za grupe posjetitelja, muzejske radionice za u\u010denike te razne edukativne projekte. Muzejska zbirka Kastav\u0161tine djeluje kao dislocirana zbirka Pomorskog i povijesnog muzeja Hrvatskog primorja Rijeka u kojemu je pedago\u0161ka slu\u017eba osnovana jo\u0161 1960-ih godina, a radno mjesto muzejskog pedagoga otvoreno 1985. godine. Pedago\u0161ki rad [&hellip;]\" \/>\n<meta property=\"og:url\" content=\"https:\/\/ppmhp.hr\/en\/kastav\/edukacija\/\" \/>\n<meta property=\"og:site_name\" content=\"Pomorski i povijesni muzej Hrvatskog primorja\" \/>\n<meta name=\"twitter:card\" content=\"summary_large_image\" \/>\n<meta name=\"twitter:label1\" content=\"Est. reading time\" \/>\n\t<meta name=\"twitter:data1\" content=\"1 minute\" \/>\n<script type=\"application\/ld+json\" class=\"yoast-schema-graph\">{\"@context\":\"https:\\\/\\\/schema.org\",\"@graph\":[{\"@type\":\"WebPage\",\"@id\":\"https:\\\/\\\/ppmhp.hr\\\/en\\\/kastav\\\/edukacija\\\/\",\"url\":\"https:\\\/\\\/ppmhp.hr\\\/en\\\/kastav\\\/edukacija\\\/\",\"name\":\"Edukacija - Pomorski i povijesni muzej Hrvatskog primorja\",\"isPartOf\":{\"@id\":\"https:\\\/\\\/ppmhp.hr\\\/en\\\/#website\"},\"primaryImageOfPage\":{\"@id\":\"https:\\\/\\\/ppmhp.hr\\\/en\\\/kastav\\\/edukacija\\\/#primaryimage\"},\"image\":{\"@id\":\"https:\\\/\\\/ppmhp.hr\\\/en\\\/kastav\\\/edukacija\\\/#primaryimage\"},\"thumbnailUrl\":\"https:\\\/\\\/ppmhp.hr\\\/web\\\/wp-content\\\/uploads\\\/2021\\\/12\\\/ppmhp_rijeka_big.jpg\",\"datePublished\":\"2016-03-07T13:27:04+00:00\",\"breadcrumb\":{\"@id\":\"https:\\\/\\\/ppmhp.hr\\\/en\\\/kastav\\\/edukacija\\\/#breadcrumb\"},\"inLanguage\":\"en-US\",\"potentialAction\":[{\"@type\":\"ReadAction\",\"target\":[\"https:\\\/\\\/ppmhp.hr\\\/en\\\/kastav\\\/edukacija\\\/\"]}]},{\"@type\":\"ImageObject\",\"inLanguage\":\"en-US\",\"@id\":\"https:\\\/\\\/ppmhp.hr\\\/en\\\/kastav\\\/edukacija\\\/#primaryimage\",\"url\":\"https:\\\/\\\/ppmhp.hr\\\/web\\\/wp-content\\\/uploads\\\/2021\\\/12\\\/ppmhp_rijeka_big.jpg\",\"contentUrl\":\"https:\\\/\\\/ppmhp.hr\\\/web\\\/wp-content\\\/uploads\\\/2021\\\/12\\\/ppmhp_rijeka_big.jpg\",\"width\":2000,\"height\":1231},{\"@type\":\"BreadcrumbList\",\"@id\":\"https:\\\/\\\/ppmhp.hr\\\/en\\\/kastav\\\/edukacija\\\/#breadcrumb\",\"itemListElement\":[{\"@type\":\"ListItem\",\"position\":1,\"name\":\"Po\u010detna stranica\",\"item\":\"https:\\\/\\\/ppmhp.hr\\\/en\\\/\"},{\"@type\":\"ListItem\",\"position\":2,\"name\":\"Kastav (EN)\",\"item\":\"https:\\\/\\\/ppmhp.hr\\\/en\\\/kastav\\\/\"},{\"@type\":\"ListItem\",\"position\":3,\"name\":\"Edukacija\"}]},{\"@type\":\"WebSite\",\"@id\":\"https:\\\/\\\/ppmhp.hr\\\/en\\\/#website\",\"url\":\"https:\\\/\\\/ppmhp.hr\\\/en\\\/\",\"name\":\"Pomorski i povijesni muzej Hrvatskog primorja\",\"description\":\"Guvernerova Pala\u010da \\\/ Memorijalni centar Lipa pamti \\\/ Muzejska zbirka Kastav\u0161tine\",\"potentialAction\":[{\"@type\":\"SearchAction\",\"target\":{\"@type\":\"EntryPoint\",\"urlTemplate\":\"https:\\\/\\\/ppmhp.hr\\\/en\\\/?s={search_term_string}\"},\"query-input\":{\"@type\":\"PropertyValueSpecification\",\"valueRequired\":true,\"valueName\":\"search_term_string\"}}],\"inLanguage\":\"en-US\"}]}<\/script>\n<!-- \/ Yoast SEO plugin. -->","yoast_head_json":{"title":"Edukacija - Pomorski i povijesni muzej Hrvatskog primorja","robots":{"index":"index","follow":"follow","max-snippet":"max-snippet:-1","max-image-preview":"max-image-preview:large","max-video-preview":"max-video-preview:-1"},"canonical":"https:\/\/ppmhp.hr\/en\/kastav\/edukacija\/","og_locale":"en_US","og_type":"article","og_title":"Edukacija - Pomorski i povijesni muzej Hrvatskog primorja","og_description":"Edukacija u muzeju obuhva\u0107a vodstva kroz stalni postav i povremene izlo\u017ebe za grupe posjetitelja, muzejske radionice za u\u010denike te razne edukativne projekte. Muzejska zbirka Kastav\u0161tine djeluje kao dislocirana zbirka Pomorskog i povijesnog muzeja Hrvatskog primorja Rijeka u kojemu je pedago\u0161ka slu\u017eba osnovana jo\u0161 1960-ih godina, a radno mjesto muzejskog pedagoga otvoreno 1985. godine. Pedago\u0161ki rad [&hellip;]","og_url":"https:\/\/ppmhp.hr\/en\/kastav\/edukacija\/","og_site_name":"Pomorski i povijesni muzej Hrvatskog primorja","twitter_card":"summary_large_image","twitter_misc":{"Est. reading time":"1 minute"},"schema":{"@context":"https:\/\/schema.org","@graph":[{"@type":"WebPage","@id":"https:\/\/ppmhp.hr\/en\/kastav\/edukacija\/","url":"https:\/\/ppmhp.hr\/en\/kastav\/edukacija\/","name":"Edukacija - Pomorski i povijesni muzej Hrvatskog primorja","isPartOf":{"@id":"https:\/\/ppmhp.hr\/en\/#website"},"primaryImageOfPage":{"@id":"https:\/\/ppmhp.hr\/en\/kastav\/edukacija\/#primaryimage"},"image":{"@id":"https:\/\/ppmhp.hr\/en\/kastav\/edukacija\/#primaryimage"},"thumbnailUrl":"https:\/\/ppmhp.hr\/web\/wp-content\/uploads\/2021\/12\/ppmhp_rijeka_big.jpg","datePublished":"2016-03-07T13:27:04+00:00","breadcrumb":{"@id":"https:\/\/ppmhp.hr\/en\/kastav\/edukacija\/#breadcrumb"},"inLanguage":"en-US","potentialAction":[{"@type":"ReadAction","target":["https:\/\/ppmhp.hr\/en\/kastav\/edukacija\/"]}]},{"@type":"ImageObject","inLanguage":"en-US","@id":"https:\/\/ppmhp.hr\/en\/kastav\/edukacija\/#primaryimage","url":"https:\/\/ppmhp.hr\/web\/wp-content\/uploads\/2021\/12\/ppmhp_rijeka_big.jpg","contentUrl":"https:\/\/ppmhp.hr\/web\/wp-content\/uploads\/2021\/12\/ppmhp_rijeka_big.jpg","width":2000,"height":1231},{"@type":"BreadcrumbList","@id":"https:\/\/ppmhp.hr\/en\/kastav\/edukacija\/#breadcrumb","itemListElement":[{"@type":"ListItem","position":1,"name":"Po\u010detna stranica","item":"https:\/\/ppmhp.hr\/en\/"},{"@type":"ListItem","position":2,"name":"Kastav (EN)","item":"https:\/\/ppmhp.hr\/en\/kastav\/"},{"@type":"ListItem","position":3,"name":"Edukacija"}]},{"@type":"WebSite","@id":"https:\/\/ppmhp.hr\/en\/#website","url":"https:\/\/ppmhp.hr\/en\/","name":"Pomorski i povijesni muzej Hrvatskog primorja","description":"Guvernerova Pala\u010da \/ Memorijalni centar Lipa pamti \/ Muzejska zbirka Kastav\u0161tine","potentialAction":[{"@type":"SearchAction","target":{"@type":"EntryPoint","urlTemplate":"https:\/\/ppmhp.hr\/en\/?s={search_term_string}"},"query-input":{"@type":"PropertyValueSpecification","valueRequired":true,"valueName":"search_term_string"}}],"inLanguage":"en-US"}]}},"_links":{"self":[{"href":"https:\/\/ppmhp.hr\/en\/wp-json\/wp\/v2\/pages\/13628","targetHints":{"allow":["GET"]}}],"collection":[{"href":"https:\/\/ppmhp.hr\/en\/wp-json\/wp\/v2\/pages"}],"about":[{"href":"https:\/\/ppmhp.hr\/en\/wp-json\/wp\/v2\/types\/page"}],"author":[{"embeddable":true,"href":"https:\/\/ppmhp.hr\/en\/wp-json\/wp\/v2\/users\/4"}],"replies":[{"embeddable":true,"href":"https:\/\/ppmhp.hr\/en\/wp-json\/wp\/v2\/comments?post=13628"}],"version-history":[{"count":0,"href":"https:\/\/ppmhp.hr\/en\/wp-json\/wp\/v2\/pages\/13628\/revisions"}],"up":[{"embeddable":true,"href":"https:\/\/ppmhp.hr\/en\/wp-json\/wp\/v2\/pages\/236556"}],"wp:featuredmedia":[{"embeddable":true,"href":"https:\/\/ppmhp.hr\/en\/wp-json\/wp\/v2\/media\/10613"}],"wp:attachment":[{"href":"https:\/\/ppmhp.hr\/en\/wp-json\/wp\/v2\/media?parent=13628"}],"wp:term":[{"taxonomy":"category","embeddable":true,"href":"https:\/\/ppmhp.hr\/en\/wp-json\/wp\/v2\/categories?post=13628"},{"taxonomy":"post_tag","embeddable":true,"href":"https:\/\/ppmhp.hr\/en\/wp-json\/wp\/v2\/tags?post=13628"}],"curies":[{"name":"wp","href":"https:\/\/api.w.org\/{rel}","templated":true}]}}