{"id":13625,"date":"2015-05-06T08:48:01","date_gmt":"2015-05-06T08:48:01","guid":{"rendered":"https:\/\/ppmhp.hr\/web\/testimonies\/"},"modified":"2022-07-22T10:52:40","modified_gmt":"2022-07-22T08:52:40","slug":"testimonies","status":"publish","type":"page","link":"https:\/\/ppmhp.hr\/en\/lipa\/testimonies\/","title":{"rendered":"Testimonies"},"content":{"rendered":"<p><strong>Branko Sim\u010di\u0107\u00a0<\/strong>(b. 1925) \u2013 About his duties in the 1st Istrian military company on the day of tragedy April 30 1944.<br \/>\n<audio class=\"wp-audio-shortcode\" id=\"audio-13625-1\" preload=\"none\" style=\"width: 100%;\" controls=\"controls\"><source type=\"audio\/wav\" src=\"http:\/\/ppmhp.hr\/dokumenti\/media\/Branko_Simcic_-_O_duznostima_u_1_istarskoj_ceti_na_dan_stradanja_30_travnja_1944.wav?_=1\" \/><a href=\"http:\/\/ppmhp.hr\/dokumenti\/media\/Branko_Simcic_-_O_duznostima_u_1_istarskoj_ceti_na_dan_stradanja_30_travnja_1944.wav\">http:\/\/ppmhp.hr\/dokumenti\/media\/Branko_Simcic_-_O_duznostima_u_1_istarskoj_ceti_na_dan_stradanja_30_travnja_1944.wav<\/a><\/audio><\/p>\n<p><strong>Florijan \u0160losar <\/strong>(b. 1930) \u2013 About the survivors<br \/>\n<audio class=\"wp-audio-shortcode\" id=\"audio-13625-2\" preload=\"none\" style=\"width: 100%;\" controls=\"controls\"><source type=\"audio\/wav\" src=\"http:\/\/ppmhp.hr\/dokumenti\/media\/Florijan_Slosar_-_O_prezivjelima.wav?_=2\" \/><a href=\"http:\/\/ppmhp.hr\/dokumenti\/media\/Florijan_Slosar_-_O_prezivjelima.wav\">http:\/\/ppmhp.hr\/dokumenti\/media\/Florijan_Slosar_-_O_prezivjelima.wav<\/a><\/audio><\/p>\n<p><strong>Florijan \u0160losar<\/strong> (b. 1930) \u2013 About his survival during the war<br \/>\n<audio class=\"wp-audio-shortcode\" id=\"audio-13625-3\" preload=\"none\" style=\"width: 100%;\" controls=\"controls\"><source type=\"audio\/wav\" src=\"http:\/\/ppmhp.hr\/dokumenti\/media\/Florijan_Slosar_-_O_vlastitom_prezivljavanju_tijekom_rata.wav?_=3\" \/><a href=\"http:\/\/ppmhp.hr\/dokumenti\/media\/Florijan_Slosar_-_O_vlastitom_prezivljavanju_tijekom_rata.wav\">http:\/\/ppmhp.hr\/dokumenti\/media\/Florijan_Slosar_-_O_vlastitom_prezivljavanju_tijekom_rata.wav<\/a><\/audio><\/p>\n<p><strong>Florijan \u0160losar<\/strong> (b. 1930) \u2013 About his education and life right after the war<br \/>\n<audio class=\"wp-audio-shortcode\" id=\"audio-13625-4\" preload=\"none\" style=\"width: 100%;\" controls=\"controls\"><source type=\"audio\/wav\" src=\"http:\/\/ppmhp.hr\/dokumenti\/media\/Florijan_Slosar_-_O_vlastitom_skolovanju_i_zivotu_neposredno_nakon_rata.wav?_=4\" \/><a href=\"http:\/\/ppmhp.hr\/dokumenti\/media\/Florijan_Slosar_-_O_vlastitom_skolovanju_i_zivotu_neposredno_nakon_rata.wav\">http:\/\/ppmhp.hr\/dokumenti\/media\/Florijan_Slosar_-_O_vlastitom_skolovanju_i_zivotu_neposredno_nakon_rata.wav<\/a><\/audio><\/p>\n<p><strong>Florijan \u0160losar<\/strong> (b. 1930) \u2013 Tragedy of April 30, 1944<br \/>\n<audio class=\"wp-audio-shortcode\" id=\"audio-13625-5\" preload=\"none\" style=\"width: 100%;\" controls=\"controls\"><source type=\"audio\/wav\" src=\"http:\/\/ppmhp.hr\/dokumenti\/media\/Florijan_Slosar_-_Stradanje_30_travnja_1944.wav?_=5\" \/><a href=\"http:\/\/ppmhp.hr\/dokumenti\/media\/Florijan_Slosar_-_Stradanje_30_travnja_1944.wav\">http:\/\/ppmhp.hr\/dokumenti\/media\/Florijan_Slosar_-_Stradanje_30_travnja_1944.wav<\/a><\/audio><\/p>\n<p><strong>Ivan Smajila<\/strong> &#8211; About the tragedy of April 30, 1944<br \/>\n<audio class=\"wp-audio-shortcode\" id=\"audio-13625-6\" preload=\"none\" style=\"width: 100%;\" controls=\"controls\"><source type=\"audio\/wav\" src=\"http:\/\/ppmhp.hr\/dokumenti\/media\/Ivan_Smajila_-_O_stradanju_30_travnja_1944.wav?_=6\" \/><a href=\"http:\/\/ppmhp.hr\/dokumenti\/media\/Ivan_Smajila_-_O_stradanju_30_travnja_1944.wav\">http:\/\/ppmhp.hr\/dokumenti\/media\/Ivan_Smajila_-_O_stradanju_30_travnja_1944.wav<\/a><\/audio><\/p>\n<p><strong>Ivan Smajila<\/strong> &#8211; About life after tragedy<br \/>\n<audio class=\"wp-audio-shortcode\" id=\"audio-13625-7\" preload=\"none\" style=\"width: 100%;\" controls=\"controls\"><source type=\"audio\/wav\" src=\"http:\/\/ppmhp.hr\/dokumenti\/media\/Ivan_Smajila_-_O_zivotu_nakon_stradanja.wav?_=7\" \/><a href=\"http:\/\/ppmhp.hr\/dokumenti\/media\/Ivan_Smajila_-_O_zivotu_nakon_stradanja.wav\">http:\/\/ppmhp.hr\/dokumenti\/media\/Ivan_Smajila_-_O_zivotu_nakon_stradanja.wav<\/a><\/audio><\/p>\n<p><strong>Vinko Surina\u00a0<\/strong>(b. 1928) \u2013 Events of April 30, 1944 in \u0160tranjga and Lipa \u2013 Hanging in \u0160tranjga<br \/>\n<audio class=\"wp-audio-shortcode\" id=\"audio-13625-8\" preload=\"none\" style=\"width: 100%;\" controls=\"controls\"><source type=\"audio\/wav\" src=\"http:\/\/ppmhp.hr\/dokumenti\/media\/Vinko_Surina_-_Dogadanja_30_travnja_1944.wav?_=8\" \/><a href=\"http:\/\/ppmhp.hr\/dokumenti\/media\/Vinko_Surina_-_Dogadanja_30_travnja_1944.wav\">http:\/\/ppmhp.hr\/dokumenti\/media\/Vinko_Surina_-_Dogadanja_30_travnja_1944.wav<\/a><\/audio><\/p>\n<p><strong>Vinko Surina<\/strong> (b. 1928) &#8211; About the fascist militia in Rupa<br \/>\n<audio class=\"wp-audio-shortcode\" id=\"audio-13625-9\" preload=\"none\" style=\"width: 100%;\" controls=\"controls\"><source type=\"audio\/wav\" src=\"http:\/\/ppmhp.hr\/dokumenti\/media\/Vinko_Surina_-_O_fasistickoj_miliciji_u_Rupi.wav?_=9\" \/><a href=\"http:\/\/ppmhp.hr\/dokumenti\/media\/Vinko_Surina_-_O_fasistickoj_miliciji_u_Rupi.wav\">http:\/\/ppmhp.hr\/dokumenti\/media\/Vinko_Surina_-_O_fasistickoj_miliciji_u_Rupi.wav<\/a><\/audio><\/p>\n<p><strong>Vinko Surina<\/strong> (b. 1928) &#8211; Reconstruction of the village after the war<br \/>\n<audio class=\"wp-audio-shortcode\" id=\"audio-13625-10\" preload=\"none\" style=\"width: 100%;\" controls=\"controls\"><source type=\"audio\/wav\" src=\"http:\/\/ppmhp.hr\/dokumenti\/media\/Vinko_Surina_-_Obnova_sela_nakon_rata.wav?_=10\" \/><a href=\"http:\/\/ppmhp.hr\/dokumenti\/media\/Vinko_Surina_-_Obnova_sela_nakon_rata.wav\">http:\/\/ppmhp.hr\/dokumenti\/media\/Vinko_Surina_-_Obnova_sela_nakon_rata.wav<\/a><\/audio><\/p>\n<p><strong>Vinko Surina<\/strong> (b. 1928) &#8211; Trip to Lisac<br \/>\n<audio class=\"wp-audio-shortcode\" id=\"audio-13625-11\" preload=\"none\" style=\"width: 100%;\" controls=\"controls\"><source type=\"audio\/wav\" src=\"http:\/\/ppmhp.hr\/dokumenti\/media\/Vinko_Surina_-_Pohod_na_Lisac.wav?_=11\" \/><a href=\"http:\/\/ppmhp.hr\/dokumenti\/media\/Vinko_Surina_-_Pohod_na_Lisac.wav\">http:\/\/ppmhp.hr\/dokumenti\/media\/Vinko_Surina_-_Pohod_na_Lisac.wav<\/a><\/audio><\/p>\n<p><strong>Vinko Surina<\/strong> (b. 1928) &#8211; History of Lipa and the Italian resistance<br \/>\n<audio class=\"wp-audio-shortcode\" id=\"audio-13625-12\" preload=\"none\" style=\"width: 100%;\" controls=\"controls\"><source type=\"audio\/wav\" src=\"http:\/\/ppmhp.hr\/dokumenti\/media\/Vinko_Surina_-_Povijest_Lipe_i_otpor_Talijana.wav?_=12\" \/><a href=\"http:\/\/ppmhp.hr\/dokumenti\/media\/Vinko_Surina_-_Povijest_Lipe_i_otpor_Talijana.wav\">http:\/\/ppmhp.hr\/dokumenti\/media\/Vinko_Surina_-_Povijest_Lipe_i_otpor_Talijana.wav<\/a><\/audio><\/p>\n<p><strong>Vinko Surina<\/strong> (b. 1928) &#8211; Sentencing criminals (ili Judgments of criminals)<br \/>\n<audio class=\"wp-audio-shortcode\" id=\"audio-13625-13\" preload=\"none\" style=\"width: 100%;\" controls=\"controls\"><source type=\"audio\/wav\" src=\"http:\/\/ppmhp.hr\/dokumenti\/media\/Vinko_Surina_-_Presude_zlocincima.wav?_=13\" \/><a href=\"http:\/\/ppmhp.hr\/dokumenti\/media\/Vinko_Surina_-_Presude_zlocincima.wav\">http:\/\/ppmhp.hr\/dokumenti\/media\/Vinko_Surina_-_Presude_zlocincima.wav<\/a><\/audio><\/p>\n<p><strong>Vinko Surina<\/strong> (b. 1928) &#8211; Education and the attitude of Italians towards the local population<br \/>\n<audio class=\"wp-audio-shortcode\" id=\"audio-13625-14\" preload=\"none\" style=\"width: 100%;\" controls=\"controls\"><source type=\"audio\/wav\" src=\"http:\/\/ppmhp.hr\/dokumenti\/media\/Vinko_Surina_-_Skolovanje_i_odnos_Talijana_prema_domacem_stanovnistvu.wav?_=14\" \/><a href=\"http:\/\/ppmhp.hr\/dokumenti\/media\/Vinko_Surina_-_Skolovanje_i_odnos_Talijana_prema_domacem_stanovnistvu.wav\">http:\/\/ppmhp.hr\/dokumenti\/media\/Vinko_Surina_-_Skolovanje_i_odnos_Talijana_prema_domacem_stanovnistvu.wav<\/a><\/audio><\/p>\n<p><strong>Vinko Surina<\/strong> (b. 1928) &#8211; Education<br \/>\n<audio class=\"wp-audio-shortcode\" id=\"audio-13625-15\" preload=\"none\" style=\"width: 100%;\" controls=\"controls\"><source type=\"audio\/wav\" src=\"http:\/\/ppmhp.hr\/dokumenti\/media\/Vinko_Surina_-_Skolovanje.wav?_=15\" \/><a href=\"http:\/\/ppmhp.hr\/dokumenti\/media\/Vinko_Surina_-_Skolovanje.wav\">http:\/\/ppmhp.hr\/dokumenti\/media\/Vinko_Surina_-_Skolovanje.wav<\/a><\/audio><\/p>\n<p><strong>Vinko Surina<\/strong> (b. 1928) &#8211; Life under Italy &#8211; Capitulation of Italy &#8211; German occupation and formation of fascist garrisons<br \/>\n<audio class=\"wp-audio-shortcode\" id=\"audio-13625-16\" preload=\"none\" style=\"width: 100%;\" controls=\"controls\"><source type=\"audio\/wav\" src=\"http:\/\/ppmhp.hr\/dokumenti\/media\/Vinko_Surina_-_Zivot_pod_Italijom.wav?_=16\" \/><a href=\"http:\/\/ppmhp.hr\/dokumenti\/media\/Vinko_Surina_-_Zivot_pod_Italijom.wav\">http:\/\/ppmhp.hr\/dokumenti\/media\/Vinko_Surina_-_Zivot_pod_Italijom.wav<\/a><\/audio><\/p>\n<p><strong>Vinko \u0160epi\u0107 \u010ci\u0161kin<\/strong> (b.1921) &#8211; About the actions of the 1st Istrian Brigade after the report of casualties in Lipa<br \/>\n<audio class=\"wp-audio-shortcode\" id=\"audio-13625-17\" preload=\"none\" style=\"width: 100%;\" controls=\"controls\"><source type=\"audio\/wav\" src=\"http:\/\/ppmhp.hr\/dokumenti\/media\/Vinko_Sepic_Ciskin_-_O_djelovanju_1_istarske_brigade_nakon_dojave_o_stradanju_u_Lipi.wav?_=17\" \/><a href=\"http:\/\/ppmhp.hr\/dokumenti\/media\/Vinko_Sepic_Ciskin_-_O_djelovanju_1_istarske_brigade_nakon_dojave_o_stradanju_u_Lipi.wav\">http:\/\/ppmhp.hr\/dokumenti\/media\/Vinko_Sepic_Ciskin_-_O_djelovanju_1_istarske_brigade_nakon_dojave_o_stradanju_u_Lipi.wav<\/a><\/audio><\/p>\n<p><strong>Vinko \u0160epi\u0107 \u010ci\u0161kin<\/strong> (b. 1921) &#8211; The first information about Lipa&#8217;s tragedy within the partisan movement<br \/>\n<audio class=\"wp-audio-shortcode\" id=\"audio-13625-18\" preload=\"none\" style=\"width: 100%;\" controls=\"controls\"><source type=\"audio\/wav\" src=\"http:\/\/ppmhp.hr\/dokumenti\/media\/Vinko_Sepic_Ciskin_-_Prve_informacije_o_stradanju_unutar_partizanskog_pokreta.wav?_=18\" \/><a href=\"http:\/\/ppmhp.hr\/dokumenti\/media\/Vinko_Sepic_Ciskin_-_Prve_informacije_o_stradanju_unutar_partizanskog_pokreta.wav\">http:\/\/ppmhp.hr\/dokumenti\/media\/Vinko_Sepic_Ciskin_-_Prve_informacije_o_stradanju_unutar_partizanskog_pokreta.wav<\/a><\/audio><\/p>\n<p>&nbsp;<\/p>\n<p>Sound recording: <strong>Nikica Klobu\u010dar<\/strong><\/p>\n","protected":false},"excerpt":{"rendered":"<p>Branko Sim\u010di\u0107\u00a0(b. 1925) \u2013 About his duties in the 1st Istrian military company on the day of tragedy April 30 1944. http:\/\/ppmhp.hr\/dokumenti\/media\/Branko_Simcic_-_O_duznostima_u_1_istarskoj_ceti_na_dan_stradanja_30_travnja_1944.wav Florijan \u0160losar (b. 1930) \u2013 About the survivors http:\/\/ppmhp.hr\/dokumenti\/media\/Florijan_Slosar_-_O_prezivjelima.wav Florijan \u0160losar (b. 1930) \u2013 About his survival during the war http:\/\/ppmhp.hr\/dokumenti\/media\/Florijan_Slosar_-_O_vlastitom_prezivljavanju_tijekom_rata.wav Florijan \u0160losar (b. 1930) \u2013 About his education and life right after [&hellip;]<\/p>\n","protected":false},"author":9,"featured_media":13626,"parent":236567,"menu_order":0,"comment_status":"closed","ping_status":"closed","template":"","meta":{"_acf_changed":false,"_et_pb_use_builder":"","_et_pb_old_content":"","_et_gb_content_width":"","inline_featured_image":false,"footnotes":""},"categories":[517],"tags":[],"class_list":["post-13625","page","type-page","status-publish","has-post-thumbnail","hentry","category-pages-lipa"],"acf":[],"yoast_head":"<!-- This site is optimized with the Yoast SEO plugin v27.5 - https:\/\/yoast.com\/product\/yoast-seo-wordpress\/ -->\n<title>Testimonies - Pomorski i povijesni muzej Hrvatskog primorja<\/title>\n<meta name=\"robots\" content=\"index, follow, max-snippet:-1, max-image-preview:large, max-video-preview:-1\" \/>\n<link rel=\"canonical\" href=\"https:\/\/ppmhp.hr\/en\/lipa\/testimonies\/\" \/>\n<meta property=\"og:locale\" content=\"en_US\" \/>\n<meta property=\"og:type\" content=\"article\" \/>\n<meta property=\"og:title\" content=\"Testimonies - Pomorski i povijesni muzej Hrvatskog primorja\" \/>\n<meta property=\"og:description\" content=\"Branko Sim\u010di\u0107\u00a0(b. 1925) \u2013 About his duties in the 1st Istrian military company on the day of tragedy April 30 1944. http:\/\/ppmhp.hr\/dokumenti\/media\/Branko_Simcic_-_O_duznostima_u_1_istarskoj_ceti_na_dan_stradanja_30_travnja_1944.wav Florijan \u0160losar (b. 1930) \u2013 About the survivors http:\/\/ppmhp.hr\/dokumenti\/media\/Florijan_Slosar_-_O_prezivjelima.wav Florijan \u0160losar (b. 1930) \u2013 About his survival during the war http:\/\/ppmhp.hr\/dokumenti\/media\/Florijan_Slosar_-_O_vlastitom_prezivljavanju_tijekom_rata.wav Florijan \u0160losar (b. 1930) \u2013 About his education and life right after [&hellip;]\" \/>\n<meta property=\"og:url\" content=\"https:\/\/ppmhp.hr\/en\/lipa\/testimonies\/\" \/>\n<meta property=\"og:site_name\" content=\"Pomorski i povijesni muzej Hrvatskog primorja\" \/>\n<meta property=\"article:modified_time\" content=\"2022-07-22T08:52:40+00:00\" \/>\n<meta property=\"og:image\" content=\"https:\/\/ppmhp.hr\/web\/wp-content\/uploads\/2015\/05\/naslovna-scaled.jpg\" \/>\n\t<meta property=\"og:image:width\" content=\"2560\" \/>\n\t<meta property=\"og:image:height\" content=\"1077\" \/>\n\t<meta property=\"og:image:type\" content=\"image\/jpeg\" \/>\n<meta name=\"twitter:card\" content=\"summary_large_image\" \/>\n<meta name=\"twitter:label1\" content=\"Est. reading time\" \/>\n\t<meta name=\"twitter:data1\" content=\"2 minutes\" \/>\n<script type=\"application\/ld+json\" class=\"yoast-schema-graph\">{\"@context\":\"https:\\\/\\\/schema.org\",\"@graph\":[{\"@type\":\"WebPage\",\"@id\":\"https:\\\/\\\/ppmhp.hr\\\/en\\\/lipa\\\/testimonies\\\/\",\"url\":\"https:\\\/\\\/ppmhp.hr\\\/en\\\/lipa\\\/testimonies\\\/\",\"name\":\"Testimonies - Pomorski i povijesni muzej Hrvatskog primorja\",\"isPartOf\":{\"@id\":\"https:\\\/\\\/ppmhp.hr\\\/en\\\/#website\"},\"primaryImageOfPage\":{\"@id\":\"https:\\\/\\\/ppmhp.hr\\\/en\\\/lipa\\\/testimonies\\\/#primaryimage\"},\"image\":{\"@id\":\"https:\\\/\\\/ppmhp.hr\\\/en\\\/lipa\\\/testimonies\\\/#primaryimage\"},\"thumbnailUrl\":\"https:\\\/\\\/ppmhp.hr\\\/web\\\/wp-content\\\/uploads\\\/2015\\\/05\\\/naslovna-scaled.jpg\",\"datePublished\":\"2015-05-06T08:48:01+00:00\",\"dateModified\":\"2022-07-22T08:52:40+00:00\",\"breadcrumb\":{\"@id\":\"https:\\\/\\\/ppmhp.hr\\\/en\\\/lipa\\\/testimonies\\\/#breadcrumb\"},\"inLanguage\":\"en-US\",\"potentialAction\":[{\"@type\":\"ReadAction\",\"target\":[\"https:\\\/\\\/ppmhp.hr\\\/en\\\/lipa\\\/testimonies\\\/\"]}]},{\"@type\":\"ImageObject\",\"inLanguage\":\"en-US\",\"@id\":\"https:\\\/\\\/ppmhp.hr\\\/en\\\/lipa\\\/testimonies\\\/#primaryimage\",\"url\":\"https:\\\/\\\/ppmhp.hr\\\/web\\\/wp-content\\\/uploads\\\/2015\\\/05\\\/naslovna-scaled.jpg\",\"contentUrl\":\"https:\\\/\\\/ppmhp.hr\\\/web\\\/wp-content\\\/uploads\\\/2015\\\/05\\\/naslovna-scaled.jpg\",\"width\":2560,\"height\":1077,\"caption\":\"OLYMPUS DIGITAL CAMERA\"},{\"@type\":\"BreadcrumbList\",\"@id\":\"https:\\\/\\\/ppmhp.hr\\\/en\\\/lipa\\\/testimonies\\\/#breadcrumb\",\"itemListElement\":[{\"@type\":\"ListItem\",\"position\":1,\"name\":\"Po\u010detna stranica\",\"item\":\"https:\\\/\\\/ppmhp.hr\\\/en\\\/\"},{\"@type\":\"ListItem\",\"position\":2,\"name\":\"Lipa (EN)\",\"item\":\"https:\\\/\\\/ppmhp.hr\\\/en\\\/lipa\\\/\"},{\"@type\":\"ListItem\",\"position\":3,\"name\":\"Testimonies\"}]},{\"@type\":\"WebSite\",\"@id\":\"https:\\\/\\\/ppmhp.hr\\\/en\\\/#website\",\"url\":\"https:\\\/\\\/ppmhp.hr\\\/en\\\/\",\"name\":\"Pomorski i povijesni muzej Hrvatskog primorja\",\"description\":\"Guvernerova Pala\u010da \\\/ Memorijalni centar Lipa pamti \\\/ Muzejska zbirka Kastav\u0161tine\",\"potentialAction\":[{\"@type\":\"SearchAction\",\"target\":{\"@type\":\"EntryPoint\",\"urlTemplate\":\"https:\\\/\\\/ppmhp.hr\\\/en\\\/?s={search_term_string}\"},\"query-input\":{\"@type\":\"PropertyValueSpecification\",\"valueRequired\":true,\"valueName\":\"search_term_string\"}}],\"inLanguage\":\"en-US\"}]}<\/script>\n<!-- \/ Yoast SEO plugin. -->","yoast_head_json":{"title":"Testimonies - Pomorski i povijesni muzej Hrvatskog primorja","robots":{"index":"index","follow":"follow","max-snippet":"max-snippet:-1","max-image-preview":"max-image-preview:large","max-video-preview":"max-video-preview:-1"},"canonical":"https:\/\/ppmhp.hr\/en\/lipa\/testimonies\/","og_locale":"en_US","og_type":"article","og_title":"Testimonies - Pomorski i povijesni muzej Hrvatskog primorja","og_description":"Branko Sim\u010di\u0107\u00a0(b. 1925) \u2013 About his duties in the 1st Istrian military company on the day of tragedy April 30 1944. http:\/\/ppmhp.hr\/dokumenti\/media\/Branko_Simcic_-_O_duznostima_u_1_istarskoj_ceti_na_dan_stradanja_30_travnja_1944.wav Florijan \u0160losar (b. 1930) \u2013 About the survivors http:\/\/ppmhp.hr\/dokumenti\/media\/Florijan_Slosar_-_O_prezivjelima.wav Florijan \u0160losar (b. 1930) \u2013 About his survival during the war http:\/\/ppmhp.hr\/dokumenti\/media\/Florijan_Slosar_-_O_vlastitom_prezivljavanju_tijekom_rata.wav Florijan \u0160losar (b. 1930) \u2013 About his education and life right after [&hellip;]","og_url":"https:\/\/ppmhp.hr\/en\/lipa\/testimonies\/","og_site_name":"Pomorski i povijesni muzej Hrvatskog primorja","article_modified_time":"2022-07-22T08:52:40+00:00","og_image":[{"width":2560,"height":1077,"url":"https:\/\/ppmhp.hr\/web\/wp-content\/uploads\/2015\/05\/naslovna-scaled.jpg","type":"image\/jpeg"}],"twitter_card":"summary_large_image","twitter_misc":{"Est. reading time":"2 minutes"},"schema":{"@context":"https:\/\/schema.org","@graph":[{"@type":"WebPage","@id":"https:\/\/ppmhp.hr\/en\/lipa\/testimonies\/","url":"https:\/\/ppmhp.hr\/en\/lipa\/testimonies\/","name":"Testimonies - Pomorski i povijesni muzej Hrvatskog primorja","isPartOf":{"@id":"https:\/\/ppmhp.hr\/en\/#website"},"primaryImageOfPage":{"@id":"https:\/\/ppmhp.hr\/en\/lipa\/testimonies\/#primaryimage"},"image":{"@id":"https:\/\/ppmhp.hr\/en\/lipa\/testimonies\/#primaryimage"},"thumbnailUrl":"https:\/\/ppmhp.hr\/web\/wp-content\/uploads\/2015\/05\/naslovna-scaled.jpg","datePublished":"2015-05-06T08:48:01+00:00","dateModified":"2022-07-22T08:52:40+00:00","breadcrumb":{"@id":"https:\/\/ppmhp.hr\/en\/lipa\/testimonies\/#breadcrumb"},"inLanguage":"en-US","potentialAction":[{"@type":"ReadAction","target":["https:\/\/ppmhp.hr\/en\/lipa\/testimonies\/"]}]},{"@type":"ImageObject","inLanguage":"en-US","@id":"https:\/\/ppmhp.hr\/en\/lipa\/testimonies\/#primaryimage","url":"https:\/\/ppmhp.hr\/web\/wp-content\/uploads\/2015\/05\/naslovna-scaled.jpg","contentUrl":"https:\/\/ppmhp.hr\/web\/wp-content\/uploads\/2015\/05\/naslovna-scaled.jpg","width":2560,"height":1077,"caption":"OLYMPUS DIGITAL CAMERA"},{"@type":"BreadcrumbList","@id":"https:\/\/ppmhp.hr\/en\/lipa\/testimonies\/#breadcrumb","itemListElement":[{"@type":"ListItem","position":1,"name":"Po\u010detna stranica","item":"https:\/\/ppmhp.hr\/en\/"},{"@type":"ListItem","position":2,"name":"Lipa (EN)","item":"https:\/\/ppmhp.hr\/en\/lipa\/"},{"@type":"ListItem","position":3,"name":"Testimonies"}]},{"@type":"WebSite","@id":"https:\/\/ppmhp.hr\/en\/#website","url":"https:\/\/ppmhp.hr\/en\/","name":"Pomorski i povijesni muzej Hrvatskog primorja","description":"Guvernerova Pala\u010da \/ Memorijalni centar Lipa pamti \/ Muzejska zbirka Kastav\u0161tine","potentialAction":[{"@type":"SearchAction","target":{"@type":"EntryPoint","urlTemplate":"https:\/\/ppmhp.hr\/en\/?s={search_term_string}"},"query-input":{"@type":"PropertyValueSpecification","valueRequired":true,"valueName":"search_term_string"}}],"inLanguage":"en-US"}]}},"_links":{"self":[{"href":"https:\/\/ppmhp.hr\/en\/wp-json\/wp\/v2\/pages\/13625","targetHints":{"allow":["GET"]}}],"collection":[{"href":"https:\/\/ppmhp.hr\/en\/wp-json\/wp\/v2\/pages"}],"about":[{"href":"https:\/\/ppmhp.hr\/en\/wp-json\/wp\/v2\/types\/page"}],"author":[{"embeddable":true,"href":"https:\/\/ppmhp.hr\/en\/wp-json\/wp\/v2\/users\/9"}],"replies":[{"embeddable":true,"href":"https:\/\/ppmhp.hr\/en\/wp-json\/wp\/v2\/comments?post=13625"}],"version-history":[{"count":0,"href":"https:\/\/ppmhp.hr\/en\/wp-json\/wp\/v2\/pages\/13625\/revisions"}],"up":[{"embeddable":true,"href":"https:\/\/ppmhp.hr\/en\/wp-json\/wp\/v2\/pages\/236567"}],"wp:featuredmedia":[{"embeddable":true,"href":"https:\/\/ppmhp.hr\/en\/wp-json\/wp\/v2\/media\/13626"}],"wp:attachment":[{"href":"https:\/\/ppmhp.hr\/en\/wp-json\/wp\/v2\/media?parent=13625"}],"wp:term":[{"taxonomy":"category","embeddable":true,"href":"https:\/\/ppmhp.hr\/en\/wp-json\/wp\/v2\/categories?post=13625"},{"taxonomy":"post_tag","embeddable":true,"href":"https:\/\/ppmhp.hr\/en\/wp-json\/wp\/v2\/tags?post=13625"}],"curies":[{"name":"wp","href":"https:\/\/api.w.org\/{rel}","templated":true}]}}