{"id":13615,"date":"2015-05-04T07:36:54","date_gmt":"2015-05-04T07:36:54","guid":{"rendered":"https:\/\/ppmhp.hr\/web\/ethnographic-heritage\/"},"modified":"2024-02-07T14:42:06","modified_gmt":"2024-02-07T13:42:06","slug":"ethnographic-heritage","status":"publish","type":"page","link":"https:\/\/ppmhp.hr\/en\/lipa\/ethnographic-heritage\/","title":{"rendered":"Ethnographic Heritage"},"content":{"rendered":"<p><strong>&nbsp;&#8220;Nismo \u0106i\u0107i ni Brkini, mi smo ju\u0161to na kunfini&#8221;<\/strong> &#8211;<strong>&nbsp;<\/strong> permanent exhibition of the ethnographic heritage of the Liburnian Karst<\/p>\n<p><a href=\"https:\/\/ppmhp.hr\/web\/wp-content\/uploads\/2015\/05\/8.jpg\"><img decoding=\"async\" class=\"alignnone size-full wp-image-889 lazyload\" data-src=\"https:\/\/ppmhp.hr\/web\/wp-content\/uploads\/2015\/05\/8.jpg\" alt=\"\" width=\"4000\" height=\"2000\" src=\"data:image\/svg+xml;base64,PHN2ZyB3aWR0aD0iMSIgaGVpZ2h0PSIxIiB4bWxucz0iaHR0cDovL3d3dy53My5vcmcvMjAwMC9zdmciPjwvc3ZnPg==\" style=\"--smush-placeholder-width: 4000px; --smush-placeholder-aspect-ratio: 4000\/2000;\"><\/a><\/p>\n<p class=\"western\" lang=\"zxx\" align=\"justify\">With the suffering on the April 30, 1944, Lipa lost the material basis of traditional living, and thus a part of its identity.   The ethnographic collection of the old Lipa Memorial Museum was organized back in 1969 in a way that objects were collected in Lipa neighboring villages on the Croatian and Slovenian side of the (than republic) border.  The ethnographic display of both, the old and the new museum, establishes a symbolic connection between life in Lipa before and after the suffering, and points to the indisputable congruence of the tangible and intangible heritage of a wider area. In a narrow sense, it is a microregion of the Liburnian Karst (Lipa, Rupa, \u0160apjane, Pasjak and Brce). In a broader sense we must also add the surrounding mount \u0106i\u0107arija, the Kastav region and the Slovene Brkini region. Living in the center of the mentioned area actually means living along the border (geographical, cultural, and today also national) and accepting different influences as inseparable parts of one\u2019s identity.<\/p>\n<p class=\"western\" lang=\"zxx\" align=\"justify\">The display represents the traditional economy (agriculture, exploitation of forests, cattle breeding, trade) in these area, traditional skills and crafts, customs of the annual and life cycle, and traditional beliefs. The exhibition depicts the everyday life from the end of the 19th till the first half of the 20th century, reflected in artifacts, photographs, documents, and collected stories and memories of older residents.  <\/p>\n<p class=\"western\" lang=\"zxx\" align=\"justify\">Materials displayed in permanent exhibition are gathered from the Maritime and Historical Museum of the Croatian Littoral, from the Conservation Department in Rijeka, the The Institute of Ethnology and Folklore Research in Zagreb, the Slovene Ethnographic Museum in Ljubljana, Croatian Academy of Sciences and Arts &#8211; The Ethnology Division, and from a number of private archives and collections.<\/p>\n<p class=\"western\" lang=\"zxx\" align=\"justify\"><a href=\"https:\/\/ppmhp.hr\/web\/wp-content\/uploads\/2015\/05\/9.jpg\"><img decoding=\"async\" class=\"alignnone size-full wp-image-890 lazyload\" data-src=\"https:\/\/ppmhp.hr\/web\/wp-content\/uploads\/2015\/05\/9.jpg\" alt=\"\" width=\"4000\" height=\"2000\" src=\"data:image\/svg+xml;base64,PHN2ZyB3aWR0aD0iMSIgaGVpZ2h0PSIxIiB4bWxucz0iaHR0cDovL3d3dy53My5vcmcvMjAwMC9zdmciPjwvc3ZnPg==\" style=\"--smush-placeholder-width: 4000px; --smush-placeholder-aspect-ratio: 4000\/2000;\"><\/a><\/p>\n<p>&nbsp;<\/p>\n<h1>360\u00b0 walk:<\/h1>\n<ul>\n<li><a href=\"https:\/\/ppmhp.hr\/360-setnja-lipom\/suteren-360\/\">Ethnographic Heritage<\/a><\/li>\n<\/ul>\n<p>&nbsp;<\/p>\n","protected":false},"excerpt":{"rendered":"<p>&nbsp;&#8220;Nismo \u0106i\u0107i ni Brkini, mi smo ju\u0161to na kunfini&#8221; &#8211;&nbsp; permanent exhibition of the ethnographic heritage of the Liburnian Karst With the suffering on the April 30, 1944, Lipa lost the material basis of traditional living, and thus a part of its identity. The ethnographic collection of the old Lipa Memorial Museum was organized back [&hellip;]<\/p>\n","protected":false},"author":9,"featured_media":236285,"parent":236567,"menu_order":0,"comment_status":"closed","ping_status":"open","template":"","meta":{"_acf_changed":false,"_et_pb_use_builder":"","_et_pb_old_content":"","_et_gb_content_width":"","inline_featured_image":false,"footnotes":""},"categories":[517],"tags":[541],"class_list":["post-13615","page","type-page","status-publish","has-post-thumbnail","hentry","category-pages-lipa","tag-stranice-lipa-en"],"acf":[],"yoast_head":"<!-- This site is optimized with the Yoast SEO plugin v27.5 - https:\/\/yoast.com\/product\/yoast-seo-wordpress\/ -->\n<title>Ethnographic Heritage - Pomorski i povijesni muzej Hrvatskog primorja<\/title>\n<meta name=\"description\" content=\"Ethnographic heritage of the Liburnian Karst is remembered in the Memorial Center Lipa\" \/>\n<meta name=\"robots\" content=\"index, follow, max-snippet:-1, max-image-preview:large, max-video-preview:-1\" \/>\n<link rel=\"canonical\" href=\"https:\/\/ppmhp.hr\/en\/lipa\/ethnographic-heritage\/\" \/>\n<meta property=\"og:locale\" content=\"en_US\" \/>\n<meta property=\"og:type\" content=\"article\" \/>\n<meta property=\"og:title\" content=\"Ethnographic Heritage - Pomorski i povijesni muzej Hrvatskog primorja\" \/>\n<meta property=\"og:description\" content=\"Ethnographic heritage of the Liburnian Karst is remembered in the Memorial Center Lipa\" \/>\n<meta property=\"og:url\" content=\"https:\/\/ppmhp.hr\/en\/lipa\/ethnographic-heritage\/\" \/>\n<meta property=\"og:site_name\" content=\"Pomorski i povijesni muzej Hrvatskog primorja\" \/>\n<meta property=\"article:modified_time\" content=\"2024-02-07T13:42:06+00:00\" \/>\n<meta property=\"og:image\" content=\"https:\/\/ppmhp.hr\/web\/wp-content\/uploads\/2022\/05\/ppmhp_lipa_etno_bastina.jpg\" \/>\n\t<meta property=\"og:image:width\" content=\"1024\" \/>\n\t<meta property=\"og:image:height\" content=\"682\" \/>\n\t<meta property=\"og:image:type\" content=\"image\/jpeg\" \/>\n<meta name=\"twitter:card\" content=\"summary_large_image\" \/>\n<meta name=\"twitter:label1\" content=\"Est. reading time\" \/>\n\t<meta name=\"twitter:data1\" content=\"2 minutes\" \/>\n<script type=\"application\/ld+json\" class=\"yoast-schema-graph\">{\"@context\":\"https:\\\/\\\/schema.org\",\"@graph\":[{\"@type\":\"WebPage\",\"@id\":\"https:\\\/\\\/ppmhp.hr\\\/en\\\/lipa\\\/ethnographic-heritage\\\/\",\"url\":\"https:\\\/\\\/ppmhp.hr\\\/en\\\/lipa\\\/ethnographic-heritage\\\/\",\"name\":\"Ethnographic Heritage - Pomorski i povijesni muzej Hrvatskog primorja\",\"isPartOf\":{\"@id\":\"https:\\\/\\\/ppmhp.hr\\\/en\\\/#website\"},\"primaryImageOfPage\":{\"@id\":\"https:\\\/\\\/ppmhp.hr\\\/en\\\/lipa\\\/ethnographic-heritage\\\/#primaryimage\"},\"image\":{\"@id\":\"https:\\\/\\\/ppmhp.hr\\\/en\\\/lipa\\\/ethnographic-heritage\\\/#primaryimage\"},\"thumbnailUrl\":\"https:\\\/\\\/ppmhp.hr\\\/web\\\/wp-content\\\/uploads\\\/2022\\\/05\\\/ppmhp_lipa_etno_bastina.jpg\",\"datePublished\":\"2015-05-04T07:36:54+00:00\",\"dateModified\":\"2024-02-07T13:42:06+00:00\",\"description\":\"Ethnographic heritage of the Liburnian Karst is remembered in the Memorial Center Lipa\",\"breadcrumb\":{\"@id\":\"https:\\\/\\\/ppmhp.hr\\\/en\\\/lipa\\\/ethnographic-heritage\\\/#breadcrumb\"},\"inLanguage\":\"en-US\",\"potentialAction\":[{\"@type\":\"ReadAction\",\"target\":[\"https:\\\/\\\/ppmhp.hr\\\/en\\\/lipa\\\/ethnographic-heritage\\\/\"]}]},{\"@type\":\"ImageObject\",\"inLanguage\":\"en-US\",\"@id\":\"https:\\\/\\\/ppmhp.hr\\\/en\\\/lipa\\\/ethnographic-heritage\\\/#primaryimage\",\"url\":\"https:\\\/\\\/ppmhp.hr\\\/web\\\/wp-content\\\/uploads\\\/2022\\\/05\\\/ppmhp_lipa_etno_bastina.jpg\",\"contentUrl\":\"https:\\\/\\\/ppmhp.hr\\\/web\\\/wp-content\\\/uploads\\\/2022\\\/05\\\/ppmhp_lipa_etno_bastina.jpg\",\"width\":1024,\"height\":682},{\"@type\":\"BreadcrumbList\",\"@id\":\"https:\\\/\\\/ppmhp.hr\\\/en\\\/lipa\\\/ethnographic-heritage\\\/#breadcrumb\",\"itemListElement\":[{\"@type\":\"ListItem\",\"position\":1,\"name\":\"Po\u010detna stranica\",\"item\":\"https:\\\/\\\/ppmhp.hr\\\/en\\\/\"},{\"@type\":\"ListItem\",\"position\":2,\"name\":\"Lipa (EN)\",\"item\":\"https:\\\/\\\/ppmhp.hr\\\/en\\\/lipa\\\/\"},{\"@type\":\"ListItem\",\"position\":3,\"name\":\"Ethnographic Heritage\"}]},{\"@type\":\"WebSite\",\"@id\":\"https:\\\/\\\/ppmhp.hr\\\/en\\\/#website\",\"url\":\"https:\\\/\\\/ppmhp.hr\\\/en\\\/\",\"name\":\"Pomorski i povijesni muzej Hrvatskog primorja\",\"description\":\"Guvernerova Pala\u010da \\\/ Memorijalni centar Lipa pamti \\\/ Muzejska zbirka Kastav\u0161tine\",\"potentialAction\":[{\"@type\":\"SearchAction\",\"target\":{\"@type\":\"EntryPoint\",\"urlTemplate\":\"https:\\\/\\\/ppmhp.hr\\\/en\\\/?s={search_term_string}\"},\"query-input\":{\"@type\":\"PropertyValueSpecification\",\"valueRequired\":true,\"valueName\":\"search_term_string\"}}],\"inLanguage\":\"en-US\"}]}<\/script>\n<!-- \/ Yoast SEO plugin. -->","yoast_head_json":{"title":"Ethnographic Heritage - Pomorski i povijesni muzej Hrvatskog primorja","description":"Ethnographic heritage of the Liburnian Karst is remembered in the Memorial Center Lipa","robots":{"index":"index","follow":"follow","max-snippet":"max-snippet:-1","max-image-preview":"max-image-preview:large","max-video-preview":"max-video-preview:-1"},"canonical":"https:\/\/ppmhp.hr\/en\/lipa\/ethnographic-heritage\/","og_locale":"en_US","og_type":"article","og_title":"Ethnographic Heritage - Pomorski i povijesni muzej Hrvatskog primorja","og_description":"Ethnographic heritage of the Liburnian Karst is remembered in the Memorial Center Lipa","og_url":"https:\/\/ppmhp.hr\/en\/lipa\/ethnographic-heritage\/","og_site_name":"Pomorski i povijesni muzej Hrvatskog primorja","article_modified_time":"2024-02-07T13:42:06+00:00","og_image":[{"width":1024,"height":682,"url":"https:\/\/ppmhp.hr\/web\/wp-content\/uploads\/2022\/05\/ppmhp_lipa_etno_bastina.jpg","type":"image\/jpeg"}],"twitter_card":"summary_large_image","twitter_misc":{"Est. reading time":"2 minutes"},"schema":{"@context":"https:\/\/schema.org","@graph":[{"@type":"WebPage","@id":"https:\/\/ppmhp.hr\/en\/lipa\/ethnographic-heritage\/","url":"https:\/\/ppmhp.hr\/en\/lipa\/ethnographic-heritage\/","name":"Ethnographic Heritage - Pomorski i povijesni muzej Hrvatskog primorja","isPartOf":{"@id":"https:\/\/ppmhp.hr\/en\/#website"},"primaryImageOfPage":{"@id":"https:\/\/ppmhp.hr\/en\/lipa\/ethnographic-heritage\/#primaryimage"},"image":{"@id":"https:\/\/ppmhp.hr\/en\/lipa\/ethnographic-heritage\/#primaryimage"},"thumbnailUrl":"https:\/\/ppmhp.hr\/web\/wp-content\/uploads\/2022\/05\/ppmhp_lipa_etno_bastina.jpg","datePublished":"2015-05-04T07:36:54+00:00","dateModified":"2024-02-07T13:42:06+00:00","description":"Ethnographic heritage of the Liburnian Karst is remembered in the Memorial Center Lipa","breadcrumb":{"@id":"https:\/\/ppmhp.hr\/en\/lipa\/ethnographic-heritage\/#breadcrumb"},"inLanguage":"en-US","potentialAction":[{"@type":"ReadAction","target":["https:\/\/ppmhp.hr\/en\/lipa\/ethnographic-heritage\/"]}]},{"@type":"ImageObject","inLanguage":"en-US","@id":"https:\/\/ppmhp.hr\/en\/lipa\/ethnographic-heritage\/#primaryimage","url":"https:\/\/ppmhp.hr\/web\/wp-content\/uploads\/2022\/05\/ppmhp_lipa_etno_bastina.jpg","contentUrl":"https:\/\/ppmhp.hr\/web\/wp-content\/uploads\/2022\/05\/ppmhp_lipa_etno_bastina.jpg","width":1024,"height":682},{"@type":"BreadcrumbList","@id":"https:\/\/ppmhp.hr\/en\/lipa\/ethnographic-heritage\/#breadcrumb","itemListElement":[{"@type":"ListItem","position":1,"name":"Po\u010detna stranica","item":"https:\/\/ppmhp.hr\/en\/"},{"@type":"ListItem","position":2,"name":"Lipa (EN)","item":"https:\/\/ppmhp.hr\/en\/lipa\/"},{"@type":"ListItem","position":3,"name":"Ethnographic Heritage"}]},{"@type":"WebSite","@id":"https:\/\/ppmhp.hr\/en\/#website","url":"https:\/\/ppmhp.hr\/en\/","name":"Pomorski i povijesni muzej Hrvatskog primorja","description":"Guvernerova Pala\u010da \/ Memorijalni centar Lipa pamti \/ Muzejska zbirka Kastav\u0161tine","potentialAction":[{"@type":"SearchAction","target":{"@type":"EntryPoint","urlTemplate":"https:\/\/ppmhp.hr\/en\/?s={search_term_string}"},"query-input":{"@type":"PropertyValueSpecification","valueRequired":true,"valueName":"search_term_string"}}],"inLanguage":"en-US"}]}},"_links":{"self":[{"href":"https:\/\/ppmhp.hr\/en\/wp-json\/wp\/v2\/pages\/13615","targetHints":{"allow":["GET"]}}],"collection":[{"href":"https:\/\/ppmhp.hr\/en\/wp-json\/wp\/v2\/pages"}],"about":[{"href":"https:\/\/ppmhp.hr\/en\/wp-json\/wp\/v2\/types\/page"}],"author":[{"embeddable":true,"href":"https:\/\/ppmhp.hr\/en\/wp-json\/wp\/v2\/users\/9"}],"replies":[{"embeddable":true,"href":"https:\/\/ppmhp.hr\/en\/wp-json\/wp\/v2\/comments?post=13615"}],"version-history":[{"count":0,"href":"https:\/\/ppmhp.hr\/en\/wp-json\/wp\/v2\/pages\/13615\/revisions"}],"up":[{"embeddable":true,"href":"https:\/\/ppmhp.hr\/en\/wp-json\/wp\/v2\/pages\/236567"}],"wp:featuredmedia":[{"embeddable":true,"href":"https:\/\/ppmhp.hr\/en\/wp-json\/wp\/v2\/media\/236285"}],"wp:attachment":[{"href":"https:\/\/ppmhp.hr\/en\/wp-json\/wp\/v2\/media?parent=13615"}],"wp:term":[{"taxonomy":"category","embeddable":true,"href":"https:\/\/ppmhp.hr\/en\/wp-json\/wp\/v2\/categories?post=13615"},{"taxonomy":"post_tag","embeddable":true,"href":"https:\/\/ppmhp.hr\/en\/wp-json\/wp\/v2\/tags?post=13615"}],"curies":[{"name":"wp","href":"https:\/\/api.w.org\/{rel}","templated":true}]}}