{"id":13606,"date":"2015-05-02T09:47:33","date_gmt":"2015-05-02T09:47:33","guid":{"rendered":"https:\/\/ppmhp.hr\/web\/permanent-exhibition\/"},"modified":"2022-05-17T12:56:44","modified_gmt":"2022-05-17T10:56:44","slug":"permanent-exhibition","status":"publish","type":"page","link":"https:\/\/ppmhp.hr\/en\/lipa\/permanent-exhibition\/","title":{"rendered":"Permanent exhibition"},"content":{"rendered":"<p><a href=\"https:\/\/ppmhp.hr\/web\/wp-content\/uploads\/2015\/05\/LIPA-PAMTI-f-Gamulin-1.jpg\"><img decoding=\"async\" class=\"alignnone wp-image-99 lazyload\" data-src=\"https:\/\/ppmhp.hr\/web\/wp-content\/uploads\/2015\/05\/LIPA-PAMTI-f-Gamulin-1.jpg\" alt=\"LIPA PAMTI, f, Gamulin, 1\" width=\"562\" height=\"360\" src=\"data:image\/svg+xml;base64,PHN2ZyB3aWR0aD0iMSIgaGVpZ2h0PSIxIiB4bWxucz0iaHR0cDovL3d3dy53My5vcmcvMjAwMC9zdmciPjwvc3ZnPg==\" style=\"--smush-placeholder-width: 562px; --smush-placeholder-aspect-ratio: 562\/360;\" \/><\/a><\/p>\n<p style=\"text-align: justify\">The Memorial Centre&#8217;s permanent exhibition conceptually follows the exhibiton of the former Memorial Museum (from 1968 until 1989) with the aim of keeping museographic continuity. The old permanent exhibition generated as result of collaboration between Bo\u0161ko Kon\u010dar and Antun Giron, curator of the former People&#8217;s Revolution Museum in Rijeka, academician Branko Fu\u010di\u0107 and architects Igor Emili and Darko Turato. With its expressivity it represented an exceptionally well-made museographic solution so some of its segments are used in the new exhibition as citations. Also, the functional zoning of the floors was also repeated. The Centre&#8217;s basement will accomodate once again the Liburnian Karst etnographic display. The entry level, formerly used as prolonged stay for schoolchildren and gathering place for locals is now a multifunctional space in which the Liburnian Karst cultural and historical heritage permanent exhibition quickly and easily transforms into a \u201eliving room\u201c for locals \u2013 a space for lectures, periodical exhibitions or film projections. The first floor is yet again dedicated to Lipa&#8217;s memorial heritage.<\/p>\n<p style=\"text-align: justify\">Authors of the new permanent exhibition are curators of Maritime and History Museum of the Croatian Littoral in Rijeka: <strong>Tea Perin\u010di\u0107<\/strong>, <strong>Ivo Mileusni\u0107<\/strong>,<strong> Ranko Starac<\/strong>, <strong>Ivana \u0160ari\u0107 \u017dic<\/strong> i<strong> Vana Govi\u0107<\/strong>.<\/p>\n<p style=\"text-align: justify\">Expert associate is <strong>Danica Maljavac<\/strong>, long-time curator of the former Memorial Museum.<br \/>\nAuthors of the Centre&#8217;s spatial and visual solution are architect<strong> Antun Sev\u0161ek<\/strong> and designer <strong>Damir Gamulin<\/strong>.<\/p>\n<p>&nbsp;<\/p>\n<p><a href=\"https:\/\/ppmhp.hr\/web\/wp-content\/uploads\/2015\/05\/LIPA-PAMTI-f-Gamulin-3.jpg\"><img decoding=\"async\" class=\"alignnone wp-image-101 lazyload\" data-src=\"https:\/\/ppmhp.hr\/web\/wp-content\/uploads\/2015\/05\/LIPA-PAMTI-f-Gamulin-3.jpg\" alt=\"LIPA PAMTI, f, Gamulin, 3\" width=\"534\" height=\"363\" src=\"data:image\/svg+xml;base64,PHN2ZyB3aWR0aD0iMSIgaGVpZ2h0PSIxIiB4bWxucz0iaHR0cDovL3d3dy53My5vcmcvMjAwMC9zdmciPjwvc3ZnPg==\" style=\"--smush-placeholder-width: 534px; --smush-placeholder-aspect-ratio: 534\/363;\" \/><\/a><br \/>\n[:]<\/p>\n","protected":false},"excerpt":{"rendered":"<p>The Memorial Centre&#8217;s permanent exhibition conceptually follows the exhibiton of the former Memorial Museum (from 1968 until 1989) with the aim of keeping museographic continuity. The old permanent exhibition generated as result of collaboration between Bo\u0161ko Kon\u010dar and Antun Giron, curator of the former People&#8217;s Revolution Museum in Rijeka, academician Branko Fu\u010di\u0107 and architects Igor [&hellip;]<\/p>\n","protected":false},"author":9,"featured_media":10613,"parent":236567,"menu_order":0,"comment_status":"closed","ping_status":"open","template":"","meta":{"_acf_changed":false,"_et_pb_use_builder":"","_et_pb_old_content":"","_et_gb_content_width":"","inline_featured_image":false,"footnotes":""},"categories":[517],"tags":[],"class_list":["post-13606","page","type-page","status-publish","has-post-thumbnail","hentry","category-pages-lipa"],"acf":[],"yoast_head":"<!-- This site is optimized with the Yoast SEO plugin v27.5 - https:\/\/yoast.com\/product\/yoast-seo-wordpress\/ -->\n<title>Permanent exhibition - Pomorski i povijesni muzej Hrvatskog primorja<\/title>\n<meta name=\"robots\" content=\"index, follow, max-snippet:-1, max-image-preview:large, max-video-preview:-1\" \/>\n<link rel=\"canonical\" href=\"https:\/\/ppmhp.hr\/en\/lipa\/permanent-exhibition\/\" \/>\n<meta property=\"og:locale\" content=\"en_US\" \/>\n<meta property=\"og:type\" content=\"article\" \/>\n<meta property=\"og:title\" content=\"Permanent exhibition - Pomorski i povijesni muzej Hrvatskog primorja\" \/>\n<meta property=\"og:description\" content=\"The Memorial Centre&#8217;s permanent exhibition conceptually follows the exhibiton of the former Memorial Museum (from 1968 until 1989) with the aim of keeping museographic continuity. The old permanent exhibition generated as result of collaboration between Bo\u0161ko Kon\u010dar and Antun Giron, curator of the former People&#8217;s Revolution Museum in Rijeka, academician Branko Fu\u010di\u0107 and architects Igor [&hellip;]\" \/>\n<meta property=\"og:url\" content=\"https:\/\/ppmhp.hr\/en\/lipa\/permanent-exhibition\/\" \/>\n<meta property=\"og:site_name\" content=\"Pomorski i povijesni muzej Hrvatskog primorja\" \/>\n<meta property=\"article:modified_time\" content=\"2022-05-17T10:56:44+00:00\" \/>\n<meta property=\"og:image\" content=\"https:\/\/ppmhp.hr\/web\/wp-content\/uploads\/2015\/05\/LIPA-PAMTI-f-Gamulin-1.jpg\" \/>\n<meta name=\"twitter:card\" content=\"summary_large_image\" \/>\n<meta name=\"twitter:label1\" content=\"Est. reading time\" \/>\n\t<meta name=\"twitter:data1\" content=\"1 minute\" \/>\n<script type=\"application\/ld+json\" class=\"yoast-schema-graph\">{\"@context\":\"https:\\\/\\\/schema.org\",\"@graph\":[{\"@type\":\"WebPage\",\"@id\":\"https:\\\/\\\/ppmhp.hr\\\/en\\\/lipa\\\/permanent-exhibition\\\/\",\"url\":\"https:\\\/\\\/ppmhp.hr\\\/en\\\/lipa\\\/permanent-exhibition\\\/\",\"name\":\"Permanent exhibition - Pomorski i povijesni muzej Hrvatskog primorja\",\"isPartOf\":{\"@id\":\"https:\\\/\\\/ppmhp.hr\\\/en\\\/#website\"},\"primaryImageOfPage\":{\"@id\":\"https:\\\/\\\/ppmhp.hr\\\/en\\\/lipa\\\/permanent-exhibition\\\/#primaryimage\"},\"image\":{\"@id\":\"https:\\\/\\\/ppmhp.hr\\\/en\\\/lipa\\\/permanent-exhibition\\\/#primaryimage\"},\"thumbnailUrl\":\"https:\\\/\\\/ppmhp.hr\\\/web\\\/wp-content\\\/uploads\\\/2021\\\/12\\\/ppmhp_rijeka_big.jpg\",\"datePublished\":\"2015-05-02T09:47:33+00:00\",\"dateModified\":\"2022-05-17T10:56:44+00:00\",\"breadcrumb\":{\"@id\":\"https:\\\/\\\/ppmhp.hr\\\/en\\\/lipa\\\/permanent-exhibition\\\/#breadcrumb\"},\"inLanguage\":\"en-US\",\"potentialAction\":[{\"@type\":\"ReadAction\",\"target\":[\"https:\\\/\\\/ppmhp.hr\\\/en\\\/lipa\\\/permanent-exhibition\\\/\"]}]},{\"@type\":\"ImageObject\",\"inLanguage\":\"en-US\",\"@id\":\"https:\\\/\\\/ppmhp.hr\\\/en\\\/lipa\\\/permanent-exhibition\\\/#primaryimage\",\"url\":\"https:\\\/\\\/ppmhp.hr\\\/web\\\/wp-content\\\/uploads\\\/2021\\\/12\\\/ppmhp_rijeka_big.jpg\",\"contentUrl\":\"https:\\\/\\\/ppmhp.hr\\\/web\\\/wp-content\\\/uploads\\\/2021\\\/12\\\/ppmhp_rijeka_big.jpg\",\"width\":2000,\"height\":1231},{\"@type\":\"BreadcrumbList\",\"@id\":\"https:\\\/\\\/ppmhp.hr\\\/en\\\/lipa\\\/permanent-exhibition\\\/#breadcrumb\",\"itemListElement\":[{\"@type\":\"ListItem\",\"position\":1,\"name\":\"Po\u010detna stranica\",\"item\":\"https:\\\/\\\/ppmhp.hr\\\/en\\\/\"},{\"@type\":\"ListItem\",\"position\":2,\"name\":\"Lipa (EN)\",\"item\":\"https:\\\/\\\/ppmhp.hr\\\/en\\\/lipa\\\/\"},{\"@type\":\"ListItem\",\"position\":3,\"name\":\"Permanent exhibition\"}]},{\"@type\":\"WebSite\",\"@id\":\"https:\\\/\\\/ppmhp.hr\\\/en\\\/#website\",\"url\":\"https:\\\/\\\/ppmhp.hr\\\/en\\\/\",\"name\":\"Pomorski i povijesni muzej Hrvatskog primorja\",\"description\":\"Guvernerova Pala\u010da \\\/ Memorijalni centar Lipa pamti \\\/ Muzejska zbirka Kastav\u0161tine\",\"potentialAction\":[{\"@type\":\"SearchAction\",\"target\":{\"@type\":\"EntryPoint\",\"urlTemplate\":\"https:\\\/\\\/ppmhp.hr\\\/en\\\/?s={search_term_string}\"},\"query-input\":{\"@type\":\"PropertyValueSpecification\",\"valueRequired\":true,\"valueName\":\"search_term_string\"}}],\"inLanguage\":\"en-US\"}]}<\/script>\n<!-- \/ Yoast SEO plugin. -->","yoast_head_json":{"title":"Permanent exhibition - Pomorski i povijesni muzej Hrvatskog primorja","robots":{"index":"index","follow":"follow","max-snippet":"max-snippet:-1","max-image-preview":"max-image-preview:large","max-video-preview":"max-video-preview:-1"},"canonical":"https:\/\/ppmhp.hr\/en\/lipa\/permanent-exhibition\/","og_locale":"en_US","og_type":"article","og_title":"Permanent exhibition - Pomorski i povijesni muzej Hrvatskog primorja","og_description":"The Memorial Centre&#8217;s permanent exhibition conceptually follows the exhibiton of the former Memorial Museum (from 1968 until 1989) with the aim of keeping museographic continuity. The old permanent exhibition generated as result of collaboration between Bo\u0161ko Kon\u010dar and Antun Giron, curator of the former People&#8217;s Revolution Museum in Rijeka, academician Branko Fu\u010di\u0107 and architects Igor [&hellip;]","og_url":"https:\/\/ppmhp.hr\/en\/lipa\/permanent-exhibition\/","og_site_name":"Pomorski i povijesni muzej Hrvatskog primorja","article_modified_time":"2022-05-17T10:56:44+00:00","og_image":[{"url":"https:\/\/ppmhp.hr\/web\/wp-content\/uploads\/2015\/05\/LIPA-PAMTI-f-Gamulin-1.jpg","type":"","width":"","height":""}],"twitter_card":"summary_large_image","twitter_misc":{"Est. reading time":"1 minute"},"schema":{"@context":"https:\/\/schema.org","@graph":[{"@type":"WebPage","@id":"https:\/\/ppmhp.hr\/en\/lipa\/permanent-exhibition\/","url":"https:\/\/ppmhp.hr\/en\/lipa\/permanent-exhibition\/","name":"Permanent exhibition - Pomorski i povijesni muzej Hrvatskog primorja","isPartOf":{"@id":"https:\/\/ppmhp.hr\/en\/#website"},"primaryImageOfPage":{"@id":"https:\/\/ppmhp.hr\/en\/lipa\/permanent-exhibition\/#primaryimage"},"image":{"@id":"https:\/\/ppmhp.hr\/en\/lipa\/permanent-exhibition\/#primaryimage"},"thumbnailUrl":"https:\/\/ppmhp.hr\/web\/wp-content\/uploads\/2021\/12\/ppmhp_rijeka_big.jpg","datePublished":"2015-05-02T09:47:33+00:00","dateModified":"2022-05-17T10:56:44+00:00","breadcrumb":{"@id":"https:\/\/ppmhp.hr\/en\/lipa\/permanent-exhibition\/#breadcrumb"},"inLanguage":"en-US","potentialAction":[{"@type":"ReadAction","target":["https:\/\/ppmhp.hr\/en\/lipa\/permanent-exhibition\/"]}]},{"@type":"ImageObject","inLanguage":"en-US","@id":"https:\/\/ppmhp.hr\/en\/lipa\/permanent-exhibition\/#primaryimage","url":"https:\/\/ppmhp.hr\/web\/wp-content\/uploads\/2021\/12\/ppmhp_rijeka_big.jpg","contentUrl":"https:\/\/ppmhp.hr\/web\/wp-content\/uploads\/2021\/12\/ppmhp_rijeka_big.jpg","width":2000,"height":1231},{"@type":"BreadcrumbList","@id":"https:\/\/ppmhp.hr\/en\/lipa\/permanent-exhibition\/#breadcrumb","itemListElement":[{"@type":"ListItem","position":1,"name":"Po\u010detna stranica","item":"https:\/\/ppmhp.hr\/en\/"},{"@type":"ListItem","position":2,"name":"Lipa (EN)","item":"https:\/\/ppmhp.hr\/en\/lipa\/"},{"@type":"ListItem","position":3,"name":"Permanent exhibition"}]},{"@type":"WebSite","@id":"https:\/\/ppmhp.hr\/en\/#website","url":"https:\/\/ppmhp.hr\/en\/","name":"Pomorski i povijesni muzej Hrvatskog primorja","description":"Guvernerova Pala\u010da \/ Memorijalni centar Lipa pamti \/ Muzejska zbirka Kastav\u0161tine","potentialAction":[{"@type":"SearchAction","target":{"@type":"EntryPoint","urlTemplate":"https:\/\/ppmhp.hr\/en\/?s={search_term_string}"},"query-input":{"@type":"PropertyValueSpecification","valueRequired":true,"valueName":"search_term_string"}}],"inLanguage":"en-US"}]}},"_links":{"self":[{"href":"https:\/\/ppmhp.hr\/en\/wp-json\/wp\/v2\/pages\/13606","targetHints":{"allow":["GET"]}}],"collection":[{"href":"https:\/\/ppmhp.hr\/en\/wp-json\/wp\/v2\/pages"}],"about":[{"href":"https:\/\/ppmhp.hr\/en\/wp-json\/wp\/v2\/types\/page"}],"author":[{"embeddable":true,"href":"https:\/\/ppmhp.hr\/en\/wp-json\/wp\/v2\/users\/9"}],"replies":[{"embeddable":true,"href":"https:\/\/ppmhp.hr\/en\/wp-json\/wp\/v2\/comments?post=13606"}],"version-history":[{"count":0,"href":"https:\/\/ppmhp.hr\/en\/wp-json\/wp\/v2\/pages\/13606\/revisions"}],"up":[{"embeddable":true,"href":"https:\/\/ppmhp.hr\/en\/wp-json\/wp\/v2\/pages\/236567"}],"wp:featuredmedia":[{"embeddable":true,"href":"https:\/\/ppmhp.hr\/en\/wp-json\/wp\/v2\/media\/10613"}],"wp:attachment":[{"href":"https:\/\/ppmhp.hr\/en\/wp-json\/wp\/v2\/media?parent=13606"}],"wp:term":[{"taxonomy":"category","embeddable":true,"href":"https:\/\/ppmhp.hr\/en\/wp-json\/wp\/v2\/categories?post=13606"},{"taxonomy":"post_tag","embeddable":true,"href":"https:\/\/ppmhp.hr\/en\/wp-json\/wp\/v2\/tags?post=13606"}],"curies":[{"name":"wp","href":"https:\/\/api.w.org\/{rel}","templated":true}]}}