{"id":11808,"date":"2020-02-18T10:59:04","date_gmt":"2020-02-18T09:59:04","guid":{"rendered":"https:\/\/ppmhp.hr\/web\/e-voked\/"},"modified":"2022-07-19T19:04:41","modified_gmt":"2022-07-19T17:04:41","slug":"e-voked","status":"publish","type":"page","link":"https:\/\/ppmhp.hr\/en\/projects\/e-voked\/","title":{"rendered":"E-VOKED (EN)"},"content":{"rendered":"<p>The Maritime and History Museum of the Croatian Littoral Rijeka is a partner in the project E-VOKED (European Museums for Vocational Education) which is being implemented through the Erasmus+ programme, KA2 \u2013 Cooperation for Innovation and the Exchange of Good Practices, KA202 \u2013 Strategic Partnerships for Vocational Education and Training. The applicant and lead partner is the Hungarian Museum of Trade and Tourism (Magyar Kereskedelmi \u00e9s Vend\u00e9gl\u00e1t\u00f3ipari M\u00fazeum). Other partners are the Maritime and History Museum of Croatian Littoral Rijeka, the Finnish Hotel and Restaurant Museum (Hotelli- ja ravintolamuseo), the Croatian Museum of Tourism, the Emilia-Romagna Association of Independent Centres for Professional Education (Associazione Emiliano-Romagnola di centri autonomi di formazione professionale, AECA), the Cyprus Food and Nutrition Museum (\u039c\u03bf\u03c5\u03c3\u03b5\u03af\u03bf \u039a\u03c5\u03c0\u03c1\u03b9\u03b1\u03ba\u03ce\u03bd \u03a4\u03c1\u03bf\u03c6\u03af\u03bc\u03c9\u03bd \u03ba\u03b1\u03b9 \u0394\u03b9\u03b1\u03c4\u03c1\u03bf\u03c6\u03ae\u03c2), Tyne &amp; Wear Archives &amp; Museums (TWAM), and the Museums of Food from Parma (I Musei del Cibo della provincia di Parma).<\/p>\n<p>The project\u2019s objective is to exchange experience and develop common examples of good practices in museums for working with students from vocational schools and university departments of trade, tourism, maritime affairs, textiles and hospitality. The target groups in this project are museum professionals who work with adults and teenagers in VET (vocational education and training), and teachers and students in VET institutions.<\/p>\n<p>The expected outputs of the project are:<br \/>\n\u2022 completed practical exchanges of knowledge, experience and best practices between European museum professionals<br \/>\n\u2022 increased capacity by museum professionals to implement special practical education methods for VET students<br \/>\n\u2022 developed examples of work with special interest groups \u2013 VET students training for individual vocations<br \/>\n\u2022 online booklet on best practices for VET in museums<\/p>\n<p>The project activities consist of eight partner meetings and eight workshops with training organized by each of the project partners in their museum. In addition to a project manager, the workshops are attended by VET teachers with whom the partners collaborate in order to provide practical education for students. Other activities include presentation of the regional museum system and cultural institutions to local vocational schools, the creation of a project web site and a Facebook page, development of local cooperation strategies between museums and vocational schools, design and distribution of educational modules based on cultural heritage, the creation of online manuals for practical work in museums by vocational schools and university departments, activities aimed at international links in the field of vocational education and the exchange of best practices.<\/p>\n<p>Project duration: September 1, 2018 \u2013 October 31, 2021<br \/>\nTotal Project Budget: \u20ac226,907.00<br \/>\nProject Budget for the Maritime and History Museum of Croatian Littoral Rijeka: \u20ac24,492.00 (HRK 181,240.80).<br \/>\nThe project is fully funded by the EU (100%).<\/p>\n<p>Contact person: Andrea Samar\u017eija, cudotvornica[at]ppmhp.hr<br \/>\nLink: https:\/\/www.facebook.com\/evokedmuseums\/<\/p>\n<p>&nbsp;<\/p>\n","protected":false},"excerpt":{"rendered":"<p>The Maritime and History Museum of the Croatian Littoral Rijeka is a partner in the project E-VOKED (European Museums for Vocational Education) which is being implemented through the Erasmus+ programme, KA2 \u2013 Cooperation for Innovation and the Exchange of Good Practices, KA202 \u2013 Strategic Partnerships for Vocational Education and Training. The applicant and lead partner [&hellip;]<\/p>\n","protected":false},"author":4,"featured_media":10613,"parent":11556,"menu_order":0,"comment_status":"closed","ping_status":"closed","template":"","meta":{"_acf_changed":false,"_et_pb_use_builder":"","_et_pb_old_content":"","_et_gb_content_width":"","inline_featured_image":false,"footnotes":""},"categories":[520],"tags":[],"class_list":["post-11808","page","type-page","status-publish","has-post-thumbnail","hentry","category-pages-projects"],"acf":[],"yoast_head":"<!-- This site is optimized with the Yoast SEO plugin v27.5 - https:\/\/yoast.com\/product\/yoast-seo-wordpress\/ -->\n<title>E-VOKED (EN) - Pomorski i povijesni muzej Hrvatskog primorja<\/title>\n<meta name=\"robots\" content=\"index, follow, max-snippet:-1, max-image-preview:large, max-video-preview:-1\" \/>\n<link rel=\"canonical\" href=\"https:\/\/ppmhp.hr\/en\/projects\/e-voked\/\" \/>\n<meta property=\"og:locale\" content=\"en_US\" \/>\n<meta property=\"og:type\" content=\"article\" \/>\n<meta property=\"og:title\" content=\"E-VOKED (EN) - Pomorski i povijesni muzej Hrvatskog primorja\" \/>\n<meta property=\"og:description\" content=\"The Maritime and History Museum of the Croatian Littoral Rijeka is a partner in the project E-VOKED (European Museums for Vocational Education) which is being implemented through the Erasmus+ programme, KA2 \u2013 Cooperation for Innovation and the Exchange of Good Practices, KA202 \u2013 Strategic Partnerships for Vocational Education and Training. The applicant and lead partner [&hellip;]\" \/>\n<meta property=\"og:url\" content=\"https:\/\/ppmhp.hr\/en\/projects\/e-voked\/\" \/>\n<meta property=\"og:site_name\" content=\"Pomorski i povijesni muzej Hrvatskog primorja\" \/>\n<meta property=\"article:modified_time\" content=\"2022-07-19T17:04:41+00:00\" \/>\n<meta name=\"twitter:card\" content=\"summary_large_image\" \/>\n<meta name=\"twitter:label1\" content=\"Est. reading time\" \/>\n\t<meta name=\"twitter:data1\" content=\"2 minutes\" \/>\n<script type=\"application\/ld+json\" class=\"yoast-schema-graph\">{\"@context\":\"https:\\\/\\\/schema.org\",\"@graph\":[{\"@type\":\"WebPage\",\"@id\":\"https:\\\/\\\/ppmhp.hr\\\/en\\\/projects\\\/e-voked\\\/\",\"url\":\"https:\\\/\\\/ppmhp.hr\\\/en\\\/projects\\\/e-voked\\\/\",\"name\":\"E-VOKED (EN) - Pomorski i povijesni muzej Hrvatskog primorja\",\"isPartOf\":{\"@id\":\"https:\\\/\\\/ppmhp.hr\\\/en\\\/#website\"},\"primaryImageOfPage\":{\"@id\":\"https:\\\/\\\/ppmhp.hr\\\/en\\\/projects\\\/e-voked\\\/#primaryimage\"},\"image\":{\"@id\":\"https:\\\/\\\/ppmhp.hr\\\/en\\\/projects\\\/e-voked\\\/#primaryimage\"},\"thumbnailUrl\":\"https:\\\/\\\/ppmhp.hr\\\/web\\\/wp-content\\\/uploads\\\/2021\\\/12\\\/ppmhp_rijeka_big.jpg\",\"datePublished\":\"2020-02-18T09:59:04+00:00\",\"dateModified\":\"2022-07-19T17:04:41+00:00\",\"breadcrumb\":{\"@id\":\"https:\\\/\\\/ppmhp.hr\\\/en\\\/projects\\\/e-voked\\\/#breadcrumb\"},\"inLanguage\":\"en-US\",\"potentialAction\":[{\"@type\":\"ReadAction\",\"target\":[\"https:\\\/\\\/ppmhp.hr\\\/en\\\/projects\\\/e-voked\\\/\"]}]},{\"@type\":\"ImageObject\",\"inLanguage\":\"en-US\",\"@id\":\"https:\\\/\\\/ppmhp.hr\\\/en\\\/projects\\\/e-voked\\\/#primaryimage\",\"url\":\"https:\\\/\\\/ppmhp.hr\\\/web\\\/wp-content\\\/uploads\\\/2021\\\/12\\\/ppmhp_rijeka_big.jpg\",\"contentUrl\":\"https:\\\/\\\/ppmhp.hr\\\/web\\\/wp-content\\\/uploads\\\/2021\\\/12\\\/ppmhp_rijeka_big.jpg\",\"width\":2000,\"height\":1231},{\"@type\":\"BreadcrumbList\",\"@id\":\"https:\\\/\\\/ppmhp.hr\\\/en\\\/projects\\\/e-voked\\\/#breadcrumb\",\"itemListElement\":[{\"@type\":\"ListItem\",\"position\":1,\"name\":\"Po\u010detna stranica\",\"item\":\"https:\\\/\\\/ppmhp.hr\\\/en\\\/\"},{\"@type\":\"ListItem\",\"position\":2,\"name\":\"Projects\",\"item\":\"https:\\\/\\\/ppmhp.hr\\\/en\\\/projects\\\/\"},{\"@type\":\"ListItem\",\"position\":3,\"name\":\"E-VOKED (EN)\"}]},{\"@type\":\"WebSite\",\"@id\":\"https:\\\/\\\/ppmhp.hr\\\/en\\\/#website\",\"url\":\"https:\\\/\\\/ppmhp.hr\\\/en\\\/\",\"name\":\"Pomorski i povijesni muzej Hrvatskog primorja\",\"description\":\"Guvernerova Pala\u010da \\\/ Memorijalni centar Lipa pamti \\\/ Muzejska zbirka Kastav\u0161tine\",\"potentialAction\":[{\"@type\":\"SearchAction\",\"target\":{\"@type\":\"EntryPoint\",\"urlTemplate\":\"https:\\\/\\\/ppmhp.hr\\\/en\\\/?s={search_term_string}\"},\"query-input\":{\"@type\":\"PropertyValueSpecification\",\"valueRequired\":true,\"valueName\":\"search_term_string\"}}],\"inLanguage\":\"en-US\"}]}<\/script>\n<!-- \/ Yoast SEO plugin. -->","yoast_head_json":{"title":"E-VOKED (EN) - Pomorski i povijesni muzej Hrvatskog primorja","robots":{"index":"index","follow":"follow","max-snippet":"max-snippet:-1","max-image-preview":"max-image-preview:large","max-video-preview":"max-video-preview:-1"},"canonical":"https:\/\/ppmhp.hr\/en\/projects\/e-voked\/","og_locale":"en_US","og_type":"article","og_title":"E-VOKED (EN) - Pomorski i povijesni muzej Hrvatskog primorja","og_description":"The Maritime and History Museum of the Croatian Littoral Rijeka is a partner in the project E-VOKED (European Museums for Vocational Education) which is being implemented through the Erasmus+ programme, KA2 \u2013 Cooperation for Innovation and the Exchange of Good Practices, KA202 \u2013 Strategic Partnerships for Vocational Education and Training. The applicant and lead partner [&hellip;]","og_url":"https:\/\/ppmhp.hr\/en\/projects\/e-voked\/","og_site_name":"Pomorski i povijesni muzej Hrvatskog primorja","article_modified_time":"2022-07-19T17:04:41+00:00","twitter_card":"summary_large_image","twitter_misc":{"Est. reading time":"2 minutes"},"schema":{"@context":"https:\/\/schema.org","@graph":[{"@type":"WebPage","@id":"https:\/\/ppmhp.hr\/en\/projects\/e-voked\/","url":"https:\/\/ppmhp.hr\/en\/projects\/e-voked\/","name":"E-VOKED (EN) - Pomorski i povijesni muzej Hrvatskog primorja","isPartOf":{"@id":"https:\/\/ppmhp.hr\/en\/#website"},"primaryImageOfPage":{"@id":"https:\/\/ppmhp.hr\/en\/projects\/e-voked\/#primaryimage"},"image":{"@id":"https:\/\/ppmhp.hr\/en\/projects\/e-voked\/#primaryimage"},"thumbnailUrl":"https:\/\/ppmhp.hr\/web\/wp-content\/uploads\/2021\/12\/ppmhp_rijeka_big.jpg","datePublished":"2020-02-18T09:59:04+00:00","dateModified":"2022-07-19T17:04:41+00:00","breadcrumb":{"@id":"https:\/\/ppmhp.hr\/en\/projects\/e-voked\/#breadcrumb"},"inLanguage":"en-US","potentialAction":[{"@type":"ReadAction","target":["https:\/\/ppmhp.hr\/en\/projects\/e-voked\/"]}]},{"@type":"ImageObject","inLanguage":"en-US","@id":"https:\/\/ppmhp.hr\/en\/projects\/e-voked\/#primaryimage","url":"https:\/\/ppmhp.hr\/web\/wp-content\/uploads\/2021\/12\/ppmhp_rijeka_big.jpg","contentUrl":"https:\/\/ppmhp.hr\/web\/wp-content\/uploads\/2021\/12\/ppmhp_rijeka_big.jpg","width":2000,"height":1231},{"@type":"BreadcrumbList","@id":"https:\/\/ppmhp.hr\/en\/projects\/e-voked\/#breadcrumb","itemListElement":[{"@type":"ListItem","position":1,"name":"Po\u010detna stranica","item":"https:\/\/ppmhp.hr\/en\/"},{"@type":"ListItem","position":2,"name":"Projects","item":"https:\/\/ppmhp.hr\/en\/projects\/"},{"@type":"ListItem","position":3,"name":"E-VOKED (EN)"}]},{"@type":"WebSite","@id":"https:\/\/ppmhp.hr\/en\/#website","url":"https:\/\/ppmhp.hr\/en\/","name":"Pomorski i povijesni muzej Hrvatskog primorja","description":"Guvernerova Pala\u010da \/ Memorijalni centar Lipa pamti \/ Muzejska zbirka Kastav\u0161tine","potentialAction":[{"@type":"SearchAction","target":{"@type":"EntryPoint","urlTemplate":"https:\/\/ppmhp.hr\/en\/?s={search_term_string}"},"query-input":{"@type":"PropertyValueSpecification","valueRequired":true,"valueName":"search_term_string"}}],"inLanguage":"en-US"}]}},"_links":{"self":[{"href":"https:\/\/ppmhp.hr\/en\/wp-json\/wp\/v2\/pages\/11808","targetHints":{"allow":["GET"]}}],"collection":[{"href":"https:\/\/ppmhp.hr\/en\/wp-json\/wp\/v2\/pages"}],"about":[{"href":"https:\/\/ppmhp.hr\/en\/wp-json\/wp\/v2\/types\/page"}],"author":[{"embeddable":true,"href":"https:\/\/ppmhp.hr\/en\/wp-json\/wp\/v2\/users\/4"}],"replies":[{"embeddable":true,"href":"https:\/\/ppmhp.hr\/en\/wp-json\/wp\/v2\/comments?post=11808"}],"version-history":[{"count":0,"href":"https:\/\/ppmhp.hr\/en\/wp-json\/wp\/v2\/pages\/11808\/revisions"}],"up":[{"embeddable":true,"href":"https:\/\/ppmhp.hr\/en\/wp-json\/wp\/v2\/pages\/11556"}],"wp:featuredmedia":[{"embeddable":true,"href":"https:\/\/ppmhp.hr\/en\/wp-json\/wp\/v2\/media\/10613"}],"wp:attachment":[{"href":"https:\/\/ppmhp.hr\/en\/wp-json\/wp\/v2\/media?parent=11808"}],"wp:term":[{"taxonomy":"category","embeddable":true,"href":"https:\/\/ppmhp.hr\/en\/wp-json\/wp\/v2\/categories?post=11808"},{"taxonomy":"post_tag","embeddable":true,"href":"https:\/\/ppmhp.hr\/en\/wp-json\/wp\/v2\/tags?post=11808"}],"curies":[{"name":"wp","href":"https:\/\/api.w.org\/{rel}","templated":true}]}}