{"id":11566,"date":"2017-08-24T15:00:22","date_gmt":"2017-08-24T13:00:22","guid":{"rendered":"https:\/\/ppmhp.hr\/web\/claustra\/"},"modified":"2022-07-19T19:04:33","modified_gmt":"2022-07-19T17:04:33","slug":"claustra","status":"publish","type":"page","link":"https:\/\/ppmhp.hr\/en\/projects\/claustra\/","title":{"rendered":"Claustra+ (EN)"},"content":{"rendered":"<p><img decoding=\"async\" class=\"wp-image-6387 aligncenter lazyload\" data-src=\"https:\/\/ppmhp.hr\/web\/wp-content\/uploads\/2017\/12\/claustra-logicis-Kostrena1-300x48.jpg\" alt=\"\" width=\"550\" height=\"88\" src=\"data:image\/svg+xml;base64,PHN2ZyB3aWR0aD0iMSIgaGVpZ2h0PSIxIiB4bWxucz0iaHR0cDovL3d3dy53My5vcmcvMjAwMC9zdmciPjwvc3ZnPg==\" style=\"--smush-placeholder-width: 550px; --smush-placeholder-aspect-ratio: 550\/88;\"><\/p>\n<p>&nbsp;<\/p>\n<p><strong>Claustra+ cross-border destination of cultural and green tourism Claustra Alpium Iuliarum<\/strong><\/p>\n<p><strong>Duration of the project:<\/strong> 1st of August 2017 \u2013 31st of January 2020<\/p>\n<p><strong>General goal of the project:<\/strong>&nbsp;Active protection of the heritage by sustainable tourism &#8211; historical roman defence sistem Claustra Alpium Iuliarum on the territory of Croatia and Slovenia<\/p>\n<p><strong>Project partners:<\/strong> Javni zavod RS za varstvo kulturne dedi\u0161\u010dine (leading partner), Zavod Ivana Cankarja za kulturo, \u0161port in turizem Vrhnika, Narodni muzej Slovenije, Zavod Republike Slovenije za varstvo narave, Hrvatski restauratorski zavod, Primorsko-goranska \u017eupanija, Pomorski i povijesni muzej Hrvatskog primorja Rijeka, Prirodoslovni muzej Rijeka and TZ Kvarnera<\/p>\n<p><strong>Budget<\/strong>:&nbsp;1.779.988,15 \u20ac; PPMHP share: 149.444,03 \u20ac<\/p>\n<p><strong>Financial support:<\/strong> European Union \u2013 Europan Regional Development Fund (85%) as part of the Cooperation Programme INTERREG V-A Slovenia \u2013 Croatia 2014. &#8211; 2020., Municipality of Kostrena (70.000,00 HRK) and by partners.<\/p>\n<p><strong>Project summary:&nbsp;<\/strong><\/p>\n<p>Claustra Alpium Iuliarum is a late Roman defence system that protected the passages to the heart of the Roman Empire. Archaeological remains of the system span from Rijeka in Croatia to the Poso\u010dje in Slovenia; the barriers purposefully follow natural features of the rugged terrain. Claustra represents an outstanding example of the integration of architecture within the natural environment which experience is closely connected to the experience of nature as the archaeological remains are mainly located in wooded areas that often overlap with protected natural &amp; woodland areas. Remains are not properly conserved, displayed &amp; accessible, there is also a need to increase their visibility as a common destination for cultural &amp; green tourism.<\/p>\n<p>More about Claustra:&nbsp;<a href=\"http:\/\/www.claustra.org\/\">www.claustra.org<\/a>.<\/p>\n<p>&nbsp;<\/p>\n","protected":false},"excerpt":{"rendered":"<p>&nbsp; Claustra+ cross-border destination of cultural and green tourism Claustra Alpium Iuliarum Duration of the project: 1st of August 2017 \u2013 31st of January 2020 General goal of the project:&nbsp;Active protection of the heritage by sustainable tourism &#8211; historical roman defence sistem Claustra Alpium Iuliarum on the territory of Croatia and Slovenia Project partners: Javni [&hellip;]<\/p>\n","protected":false},"author":4,"featured_media":10613,"parent":11556,"menu_order":0,"comment_status":"closed","ping_status":"closed","template":"","meta":{"_acf_changed":false,"_et_pb_use_builder":"","_et_pb_old_content":"","_et_gb_content_width":"","inline_featured_image":false,"footnotes":""},"categories":[520],"tags":[],"class_list":["post-11566","page","type-page","status-publish","has-post-thumbnail","hentry","category-pages-projects"],"acf":[],"yoast_head":"<!-- This site is optimized with the Yoast SEO plugin v27.5 - https:\/\/yoast.com\/product\/yoast-seo-wordpress\/ -->\n<title>Claustra+ (EN) - Pomorski i povijesni muzej Hrvatskog primorja<\/title>\n<meta name=\"robots\" content=\"index, follow, max-snippet:-1, max-image-preview:large, max-video-preview:-1\" \/>\n<link rel=\"canonical\" href=\"https:\/\/ppmhp.hr\/en\/projects\/claustra\/\" \/>\n<meta property=\"og:locale\" content=\"en_US\" \/>\n<meta property=\"og:type\" content=\"article\" \/>\n<meta property=\"og:title\" content=\"Claustra+ (EN) - Pomorski i povijesni muzej Hrvatskog primorja\" \/>\n<meta property=\"og:description\" content=\"&nbsp; Claustra+ cross-border destination of cultural and green tourism Claustra Alpium Iuliarum Duration of the project: 1st of August 2017 \u2013 31st of January 2020 General goal of the project:&nbsp;Active protection of the heritage by sustainable tourism &#8211; historical roman defence sistem Claustra Alpium Iuliarum on the territory of Croatia and Slovenia Project partners: Javni [&hellip;]\" \/>\n<meta property=\"og:url\" content=\"https:\/\/ppmhp.hr\/en\/projects\/claustra\/\" \/>\n<meta property=\"og:site_name\" content=\"Pomorski i povijesni muzej Hrvatskog primorja\" \/>\n<meta property=\"article:modified_time\" content=\"2022-07-19T17:04:33+00:00\" \/>\n<meta property=\"og:image\" content=\"https:\/\/ppmhp.hr\/web\/wp-content\/uploads\/2017\/12\/claustra-logicis-Kostrena1-300x48.jpg\" \/>\n<meta name=\"twitter:card\" content=\"summary_large_image\" \/>\n<meta name=\"twitter:label1\" content=\"Est. reading time\" \/>\n\t<meta name=\"twitter:data1\" content=\"1 minute\" \/>\n<script type=\"application\/ld+json\" class=\"yoast-schema-graph\">{\"@context\":\"https:\\\/\\\/schema.org\",\"@graph\":[{\"@type\":\"WebPage\",\"@id\":\"https:\\\/\\\/ppmhp.hr\\\/en\\\/projects\\\/claustra\\\/\",\"url\":\"https:\\\/\\\/ppmhp.hr\\\/en\\\/projects\\\/claustra\\\/\",\"name\":\"Claustra+ (EN) - Pomorski i povijesni muzej Hrvatskog primorja\",\"isPartOf\":{\"@id\":\"https:\\\/\\\/ppmhp.hr\\\/en\\\/#website\"},\"primaryImageOfPage\":{\"@id\":\"https:\\\/\\\/ppmhp.hr\\\/en\\\/projects\\\/claustra\\\/#primaryimage\"},\"image\":{\"@id\":\"https:\\\/\\\/ppmhp.hr\\\/en\\\/projects\\\/claustra\\\/#primaryimage\"},\"thumbnailUrl\":\"https:\\\/\\\/ppmhp.hr\\\/web\\\/wp-content\\\/uploads\\\/2021\\\/12\\\/ppmhp_rijeka_big.jpg\",\"datePublished\":\"2017-08-24T13:00:22+00:00\",\"dateModified\":\"2022-07-19T17:04:33+00:00\",\"breadcrumb\":{\"@id\":\"https:\\\/\\\/ppmhp.hr\\\/en\\\/projects\\\/claustra\\\/#breadcrumb\"},\"inLanguage\":\"en-US\",\"potentialAction\":[{\"@type\":\"ReadAction\",\"target\":[\"https:\\\/\\\/ppmhp.hr\\\/en\\\/projects\\\/claustra\\\/\"]}]},{\"@type\":\"ImageObject\",\"inLanguage\":\"en-US\",\"@id\":\"https:\\\/\\\/ppmhp.hr\\\/en\\\/projects\\\/claustra\\\/#primaryimage\",\"url\":\"https:\\\/\\\/ppmhp.hr\\\/web\\\/wp-content\\\/uploads\\\/2021\\\/12\\\/ppmhp_rijeka_big.jpg\",\"contentUrl\":\"https:\\\/\\\/ppmhp.hr\\\/web\\\/wp-content\\\/uploads\\\/2021\\\/12\\\/ppmhp_rijeka_big.jpg\",\"width\":2000,\"height\":1231},{\"@type\":\"BreadcrumbList\",\"@id\":\"https:\\\/\\\/ppmhp.hr\\\/en\\\/projects\\\/claustra\\\/#breadcrumb\",\"itemListElement\":[{\"@type\":\"ListItem\",\"position\":1,\"name\":\"Po\u010detna stranica\",\"item\":\"https:\\\/\\\/ppmhp.hr\\\/en\\\/\"},{\"@type\":\"ListItem\",\"position\":2,\"name\":\"Projects\",\"item\":\"https:\\\/\\\/ppmhp.hr\\\/en\\\/projects\\\/\"},{\"@type\":\"ListItem\",\"position\":3,\"name\":\"Claustra+ (EN)\"}]},{\"@type\":\"WebSite\",\"@id\":\"https:\\\/\\\/ppmhp.hr\\\/en\\\/#website\",\"url\":\"https:\\\/\\\/ppmhp.hr\\\/en\\\/\",\"name\":\"Pomorski i povijesni muzej Hrvatskog primorja\",\"description\":\"Guvernerova Pala\u010da \\\/ Memorijalni centar Lipa pamti \\\/ Muzejska zbirka Kastav\u0161tine\",\"potentialAction\":[{\"@type\":\"SearchAction\",\"target\":{\"@type\":\"EntryPoint\",\"urlTemplate\":\"https:\\\/\\\/ppmhp.hr\\\/en\\\/?s={search_term_string}\"},\"query-input\":{\"@type\":\"PropertyValueSpecification\",\"valueRequired\":true,\"valueName\":\"search_term_string\"}}],\"inLanguage\":\"en-US\"}]}<\/script>\n<!-- \/ Yoast SEO plugin. -->","yoast_head_json":{"title":"Claustra+ (EN) - Pomorski i povijesni muzej Hrvatskog primorja","robots":{"index":"index","follow":"follow","max-snippet":"max-snippet:-1","max-image-preview":"max-image-preview:large","max-video-preview":"max-video-preview:-1"},"canonical":"https:\/\/ppmhp.hr\/en\/projects\/claustra\/","og_locale":"en_US","og_type":"article","og_title":"Claustra+ (EN) - Pomorski i povijesni muzej Hrvatskog primorja","og_description":"&nbsp; Claustra+ cross-border destination of cultural and green tourism Claustra Alpium Iuliarum Duration of the project: 1st of August 2017 \u2013 31st of January 2020 General goal of the project:&nbsp;Active protection of the heritage by sustainable tourism &#8211; historical roman defence sistem Claustra Alpium Iuliarum on the territory of Croatia and Slovenia Project partners: Javni [&hellip;]","og_url":"https:\/\/ppmhp.hr\/en\/projects\/claustra\/","og_site_name":"Pomorski i povijesni muzej Hrvatskog primorja","article_modified_time":"2022-07-19T17:04:33+00:00","og_image":[{"url":"https:\/\/ppmhp.hr\/web\/wp-content\/uploads\/2017\/12\/claustra-logicis-Kostrena1-300x48.jpg","type":"","width":"","height":""}],"twitter_card":"summary_large_image","twitter_misc":{"Est. reading time":"1 minute"},"schema":{"@context":"https:\/\/schema.org","@graph":[{"@type":"WebPage","@id":"https:\/\/ppmhp.hr\/en\/projects\/claustra\/","url":"https:\/\/ppmhp.hr\/en\/projects\/claustra\/","name":"Claustra+ (EN) - Pomorski i povijesni muzej Hrvatskog primorja","isPartOf":{"@id":"https:\/\/ppmhp.hr\/en\/#website"},"primaryImageOfPage":{"@id":"https:\/\/ppmhp.hr\/en\/projects\/claustra\/#primaryimage"},"image":{"@id":"https:\/\/ppmhp.hr\/en\/projects\/claustra\/#primaryimage"},"thumbnailUrl":"https:\/\/ppmhp.hr\/web\/wp-content\/uploads\/2021\/12\/ppmhp_rijeka_big.jpg","datePublished":"2017-08-24T13:00:22+00:00","dateModified":"2022-07-19T17:04:33+00:00","breadcrumb":{"@id":"https:\/\/ppmhp.hr\/en\/projects\/claustra\/#breadcrumb"},"inLanguage":"en-US","potentialAction":[{"@type":"ReadAction","target":["https:\/\/ppmhp.hr\/en\/projects\/claustra\/"]}]},{"@type":"ImageObject","inLanguage":"en-US","@id":"https:\/\/ppmhp.hr\/en\/projects\/claustra\/#primaryimage","url":"https:\/\/ppmhp.hr\/web\/wp-content\/uploads\/2021\/12\/ppmhp_rijeka_big.jpg","contentUrl":"https:\/\/ppmhp.hr\/web\/wp-content\/uploads\/2021\/12\/ppmhp_rijeka_big.jpg","width":2000,"height":1231},{"@type":"BreadcrumbList","@id":"https:\/\/ppmhp.hr\/en\/projects\/claustra\/#breadcrumb","itemListElement":[{"@type":"ListItem","position":1,"name":"Po\u010detna stranica","item":"https:\/\/ppmhp.hr\/en\/"},{"@type":"ListItem","position":2,"name":"Projects","item":"https:\/\/ppmhp.hr\/en\/projects\/"},{"@type":"ListItem","position":3,"name":"Claustra+ (EN)"}]},{"@type":"WebSite","@id":"https:\/\/ppmhp.hr\/en\/#website","url":"https:\/\/ppmhp.hr\/en\/","name":"Pomorski i povijesni muzej Hrvatskog primorja","description":"Guvernerova Pala\u010da \/ Memorijalni centar Lipa pamti \/ Muzejska zbirka Kastav\u0161tine","potentialAction":[{"@type":"SearchAction","target":{"@type":"EntryPoint","urlTemplate":"https:\/\/ppmhp.hr\/en\/?s={search_term_string}"},"query-input":{"@type":"PropertyValueSpecification","valueRequired":true,"valueName":"search_term_string"}}],"inLanguage":"en-US"}]}},"_links":{"self":[{"href":"https:\/\/ppmhp.hr\/en\/wp-json\/wp\/v2\/pages\/11566","targetHints":{"allow":["GET"]}}],"collection":[{"href":"https:\/\/ppmhp.hr\/en\/wp-json\/wp\/v2\/pages"}],"about":[{"href":"https:\/\/ppmhp.hr\/en\/wp-json\/wp\/v2\/types\/page"}],"author":[{"embeddable":true,"href":"https:\/\/ppmhp.hr\/en\/wp-json\/wp\/v2\/users\/4"}],"replies":[{"embeddable":true,"href":"https:\/\/ppmhp.hr\/en\/wp-json\/wp\/v2\/comments?post=11566"}],"version-history":[{"count":0,"href":"https:\/\/ppmhp.hr\/en\/wp-json\/wp\/v2\/pages\/11566\/revisions"}],"up":[{"embeddable":true,"href":"https:\/\/ppmhp.hr\/en\/wp-json\/wp\/v2\/pages\/11556"}],"wp:featuredmedia":[{"embeddable":true,"href":"https:\/\/ppmhp.hr\/en\/wp-json\/wp\/v2\/media\/10613"}],"wp:attachment":[{"href":"https:\/\/ppmhp.hr\/en\/wp-json\/wp\/v2\/media?parent=11566"}],"wp:term":[{"taxonomy":"category","embeddable":true,"href":"https:\/\/ppmhp.hr\/en\/wp-json\/wp\/v2\/categories?post=11566"},{"taxonomy":"post_tag","embeddable":true,"href":"https:\/\/ppmhp.hr\/en\/wp-json\/wp\/v2\/tags?post=11566"}],"curies":[{"name":"wp","href":"https:\/\/api.w.org\/{rel}","templated":true}]}}