{"id":11206,"date":"2012-11-16T13:12:12","date_gmt":"2012-11-16T13:12:12","guid":{"rendered":"https:\/\/ppmhp.hr\/web\/about-the-palace\/"},"modified":"2022-05-16T16:17:26","modified_gmt":"2022-05-16T14:17:26","slug":"about-the-palace","status":"publish","type":"page","link":"https:\/\/ppmhp.hr\/en\/about-the-palace\/","title":{"rendered":"About the palace"},"content":{"rendered":"<p>The building in which the museum has been operating since 1948, the ex-Governor\u2019s Palace, is a historic building and as a protected monument it is listed in the Register of Immovable Monuments of the Republic of Croatia and it has the attribute of being a cultural asset. The palace was built using a model from the Italian Renaissance, as a neat two-storey structure with all four sides surrounded by free space.<br \/>\nThe design of the palace and the supervision of the construction were entrusted by the Hungarian government to Professor Alajos Hauszmann, and the building lasted from 1893 to 1986.<br \/>\nUsing a unique location, the architect chose the High Renaissance style (\u2026) and thus he created the finest public building in Rijeka. Placed on a hill, with a fa\u00e7ade covered with radiant white stone, facing towards the port, the Governor\u2019s Palace gained an attracting power in the shining Mediterranean sun (Radmila Matej\u010di\u0107, Kako \u010ditati grad, Rijeka).<br \/>\nAfter a series of negotiations and the establishment of the construction it was decided that only representative rooms and the residence of the governor would be inside the palace, and that the official premises would continue to be in the postal building on Korzo. Works were carried out by the construction company Burger &amp; Conighi for the excavations, building and stone-masonry works, Antonio Busetti for drilling works, Antal Szab\u00f3 for the making of architectural-decorative elements and the Schlick foundry for the ironworks. The palace is situated in the upper part of the city, right near the Rijeka park and summer residence of Archduke Joseph, in the area of the vineyard of the Per\u0161i\u0107 family near Stajo square. At the same time for the smooth development of vehicular traffic and the organisation of a square in front of the palace the neighbouring plot of land of Durbe\u0161i\u0107 was also purchased. The palace was built in the central part of the garden of 12,000 m\u00b2, and due to the steep terrain the ground was resolved by terracing. The gradient of the land required the building of elevated terraces and the location of the palace so that the south side \u2013 the main fa\u00e7ade has the height of two storeys, whilst the northern side has one storey. The height of the terrace was determined by the need to exit from the room on the first floor, while its supporting wall is used for the side arcade wings that are glazed and used as a greenhouse and a warm link with the garden pavilion on the east end of the building, carriageway, stables and staff quarters on the north-west corner of the plot.<br \/>\nIn the kitchen building (demolished in 1971 during the building of the Museum of the Revolution, today the City of Rijeka Museum), around a separate courtyard, the following areas are grouped: on the ground floor a stable for eight horses, a coach house, tool room and living quarters for the stable staff, and on the first floor accommodation for cooks, a kitchen, a pantry, a washroom and a room for the domestic staff.<br \/>\nAt the entrance in the central part of the palace under the covered approach portico a carriage comes into a vestibule supported by two columns the arch of which is elegantly decorated with stuccatura and on to the main stairway. Besides the vestibule and the main stairway the ground floor is also used for the accommodation of the staff, the doorman and the stoker, workshops and a cloakroom. Since there was no actual basement space, part of the ground floor which enters under the terrace was used as a basement and boiler room.<br \/>\nThe monumental main stairway, that begins with the width of the vestibule, separates into two symmetrical wings adorned with balustrades, consoles, vases, walled surfaces coated with artificial marble and two charming bronze figures. The steep marble stairs lead to the first floor with its representative salons and halls. On the first floor one initially enters the atrium with its natural ceiling lighting, a space which impresses just by its size. It covers an area of 300 m\u00b2 and extends to a height of two storeys. The atrium basically widens because connected to it are loggias above which are balconies surrounded by balustrades which are held by eight pairs of columns. The walled surface under the balcony is divided by pilasters. The covering of the columns in the vestibule and atrium, the pilasters, wall surfaces around the made by contractor Lajos Cima, and all of this is intended to impress the observer with richness and splendour. Also contributing to the ceremonial look of the atrium is the stuccatura made by the sculptor Antal Szab\u00f3. The atrium is, as the vestibule, paved with ordinary granite terrazzo. The Schlick foundry and machine factory handled the iron roof structure, whilst the placing of glass in the skylight was performed by Jakob Weiss. Around the atrium are arranged the halls and salons. The dance hall with its excellent acoustic properties stands out with its beauty (1), the surface area of 180 m\u00b2 two storeys high, and the design of its interior draws special attention. The 3.6 m high walls lined with multicoloured marble panelling which forms a rectangular field. The marble panels were ordered from the contractor Paola Triscornia, owner of the quarry in Carrara. With the same contractor the preparation and delivery of the fireplace was also ordered. Above the marble panelling are placed portraits of Rijeka\u2019s governors in staccato frames which were made by Antal Szab\u00f3 (today the mirrors). The rich arched stuccatura \u2013 cartouche, rocaille, acanthus, masks, stylised ornamentation \u2013 is the work of Antal Szab\u00f3, whilst the creators of the hanging and wall chandeliers are M\u00f6r Wiesinger, Laszlo Szapary and T.H. Schiffer. From one side of the dance hall is the entrance hall (19), and from the other side the waiting room (2) which leads to the reception room and the governor\u2019s working room (4). The central part of the main face of the palace is occupied by the reception hall (6,7,9). To the women&#8217;s salon is the dining room (12) in the wooden panelling which was made by Rezso M\u00fcller, the leader of the carpentry works in the palace. Adjoining the dining room area is a room for serving (13). On the first floor are the rooms for the genteel guests.<br \/>\nOn the second floor, to which a special staircase leads, is the governor\u2019s apartment, a children\u2019s room and a room for a governess, a wardrobe and a working space for the servants (Marica Balabani\u0107 Fa\u010dini, Svjedo\u010danstva jednog zdanja (the Testimony of One Building), Rijeka 1996).<\/p>\n","protected":false},"excerpt":{"rendered":"<p>The building in which the museum has been operating since 1948, the ex-Governor\u2019s Palace, is a historic building and as a protected monument it is listed in the Register of Immovable Monuments of the Republic of Croatia and it has the attribute of being a cultural asset. The palace was built using a model from [&hellip;]<\/p>\n","protected":false},"author":4,"featured_media":10613,"parent":0,"menu_order":0,"comment_status":"open","ping_status":"closed","template":"","meta":{"_acf_changed":false,"_et_pb_use_builder":"","_et_pb_old_content":"","_et_gb_content_width":"","inline_featured_image":false,"footnotes":""},"categories":[514],"tags":[],"class_list":["post-11206","page","type-page","status-publish","has-post-thumbnail","hentry","category-pages-guver"],"acf":[],"yoast_head":"<!-- This site is optimized with the Yoast SEO plugin v27.3 - https:\/\/yoast.com\/product\/yoast-seo-wordpress\/ -->\n<title>About the palace - Pomorski i povijesni muzej Hrvatskog primorja<\/title>\n<meta name=\"robots\" content=\"index, follow, max-snippet:-1, max-image-preview:large, max-video-preview:-1\" \/>\n<link rel=\"canonical\" href=\"https:\/\/ppmhp.hr\/en\/about-the-palace\/\" \/>\n<meta property=\"og:locale\" content=\"en_US\" \/>\n<meta property=\"og:type\" content=\"article\" \/>\n<meta property=\"og:title\" content=\"About the palace - Pomorski i povijesni muzej Hrvatskog primorja\" \/>\n<meta property=\"og:description\" content=\"The building in which the museum has been operating since 1948, the ex-Governor\u2019s Palace, is a historic building and as a protected monument it is listed in the Register of Immovable Monuments of the Republic of Croatia and it has the attribute of being a cultural asset. The palace was built using a model from [&hellip;]\" \/>\n<meta property=\"og:url\" content=\"https:\/\/ppmhp.hr\/en\/about-the-palace\/\" \/>\n<meta property=\"og:site_name\" content=\"Pomorski i povijesni muzej Hrvatskog primorja\" \/>\n<meta property=\"article:modified_time\" content=\"2022-05-16T14:17:26+00:00\" \/>\n<meta name=\"twitter:card\" content=\"summary_large_image\" \/>\n<meta name=\"twitter:label1\" content=\"Est. reading time\" \/>\n\t<meta name=\"twitter:data1\" content=\"5 minutes\" \/>\n<script type=\"application\/ld+json\" class=\"yoast-schema-graph\">{\"@context\":\"https:\\\/\\\/schema.org\",\"@graph\":[{\"@type\":\"WebPage\",\"@id\":\"https:\\\/\\\/ppmhp.hr\\\/en\\\/about-the-palace\\\/\",\"url\":\"https:\\\/\\\/ppmhp.hr\\\/en\\\/about-the-palace\\\/\",\"name\":\"About the palace - Pomorski i povijesni muzej Hrvatskog primorja\",\"isPartOf\":{\"@id\":\"https:\\\/\\\/ppmhp.hr\\\/en\\\/#website\"},\"primaryImageOfPage\":{\"@id\":\"https:\\\/\\\/ppmhp.hr\\\/en\\\/about-the-palace\\\/#primaryimage\"},\"image\":{\"@id\":\"https:\\\/\\\/ppmhp.hr\\\/en\\\/about-the-palace\\\/#primaryimage\"},\"thumbnailUrl\":\"https:\\\/\\\/ppmhp.hr\\\/web\\\/wp-content\\\/uploads\\\/2021\\\/12\\\/ppmhp_rijeka_big.jpg\",\"datePublished\":\"2012-11-16T13:12:12+00:00\",\"dateModified\":\"2022-05-16T14:17:26+00:00\",\"breadcrumb\":{\"@id\":\"https:\\\/\\\/ppmhp.hr\\\/en\\\/about-the-palace\\\/#breadcrumb\"},\"inLanguage\":\"en-US\",\"potentialAction\":[{\"@type\":\"ReadAction\",\"target\":[\"https:\\\/\\\/ppmhp.hr\\\/en\\\/about-the-palace\\\/\"]}]},{\"@type\":\"ImageObject\",\"inLanguage\":\"en-US\",\"@id\":\"https:\\\/\\\/ppmhp.hr\\\/en\\\/about-the-palace\\\/#primaryimage\",\"url\":\"https:\\\/\\\/ppmhp.hr\\\/web\\\/wp-content\\\/uploads\\\/2021\\\/12\\\/ppmhp_rijeka_big.jpg\",\"contentUrl\":\"https:\\\/\\\/ppmhp.hr\\\/web\\\/wp-content\\\/uploads\\\/2021\\\/12\\\/ppmhp_rijeka_big.jpg\",\"width\":2000,\"height\":1231},{\"@type\":\"BreadcrumbList\",\"@id\":\"https:\\\/\\\/ppmhp.hr\\\/en\\\/about-the-palace\\\/#breadcrumb\",\"itemListElement\":[{\"@type\":\"ListItem\",\"position\":1,\"name\":\"Po\u010detna stranica\",\"item\":\"https:\\\/\\\/ppmhp.hr\\\/en\\\/\"},{\"@type\":\"ListItem\",\"position\":2,\"name\":\"About the palace\"}]},{\"@type\":\"WebSite\",\"@id\":\"https:\\\/\\\/ppmhp.hr\\\/en\\\/#website\",\"url\":\"https:\\\/\\\/ppmhp.hr\\\/en\\\/\",\"name\":\"Pomorski i povijesni muzej Hrvatskog primorja\",\"description\":\"Guvernerova Pala\u010da \\\/ Memorijalni centar Lipa pamti \\\/ Muzejska zbirka Kastav\u0161tine\",\"potentialAction\":[{\"@type\":\"SearchAction\",\"target\":{\"@type\":\"EntryPoint\",\"urlTemplate\":\"https:\\\/\\\/ppmhp.hr\\\/en\\\/?s={search_term_string}\"},\"query-input\":{\"@type\":\"PropertyValueSpecification\",\"valueRequired\":true,\"valueName\":\"search_term_string\"}}],\"inLanguage\":\"en-US\"}]}<\/script>\n<!-- \/ Yoast SEO plugin. -->","yoast_head_json":{"title":"About the palace - Pomorski i povijesni muzej Hrvatskog primorja","robots":{"index":"index","follow":"follow","max-snippet":"max-snippet:-1","max-image-preview":"max-image-preview:large","max-video-preview":"max-video-preview:-1"},"canonical":"https:\/\/ppmhp.hr\/en\/about-the-palace\/","og_locale":"en_US","og_type":"article","og_title":"About the palace - Pomorski i povijesni muzej Hrvatskog primorja","og_description":"The building in which the museum has been operating since 1948, the ex-Governor\u2019s Palace, is a historic building and as a protected monument it is listed in the Register of Immovable Monuments of the Republic of Croatia and it has the attribute of being a cultural asset. The palace was built using a model from [&hellip;]","og_url":"https:\/\/ppmhp.hr\/en\/about-the-palace\/","og_site_name":"Pomorski i povijesni muzej Hrvatskog primorja","article_modified_time":"2022-05-16T14:17:26+00:00","twitter_card":"summary_large_image","twitter_misc":{"Est. reading time":"5 minutes"},"schema":{"@context":"https:\/\/schema.org","@graph":[{"@type":"WebPage","@id":"https:\/\/ppmhp.hr\/en\/about-the-palace\/","url":"https:\/\/ppmhp.hr\/en\/about-the-palace\/","name":"About the palace - Pomorski i povijesni muzej Hrvatskog primorja","isPartOf":{"@id":"https:\/\/ppmhp.hr\/en\/#website"},"primaryImageOfPage":{"@id":"https:\/\/ppmhp.hr\/en\/about-the-palace\/#primaryimage"},"image":{"@id":"https:\/\/ppmhp.hr\/en\/about-the-palace\/#primaryimage"},"thumbnailUrl":"https:\/\/ppmhp.hr\/web\/wp-content\/uploads\/2021\/12\/ppmhp_rijeka_big.jpg","datePublished":"2012-11-16T13:12:12+00:00","dateModified":"2022-05-16T14:17:26+00:00","breadcrumb":{"@id":"https:\/\/ppmhp.hr\/en\/about-the-palace\/#breadcrumb"},"inLanguage":"en-US","potentialAction":[{"@type":"ReadAction","target":["https:\/\/ppmhp.hr\/en\/about-the-palace\/"]}]},{"@type":"ImageObject","inLanguage":"en-US","@id":"https:\/\/ppmhp.hr\/en\/about-the-palace\/#primaryimage","url":"https:\/\/ppmhp.hr\/web\/wp-content\/uploads\/2021\/12\/ppmhp_rijeka_big.jpg","contentUrl":"https:\/\/ppmhp.hr\/web\/wp-content\/uploads\/2021\/12\/ppmhp_rijeka_big.jpg","width":2000,"height":1231},{"@type":"BreadcrumbList","@id":"https:\/\/ppmhp.hr\/en\/about-the-palace\/#breadcrumb","itemListElement":[{"@type":"ListItem","position":1,"name":"Po\u010detna stranica","item":"https:\/\/ppmhp.hr\/en\/"},{"@type":"ListItem","position":2,"name":"About the palace"}]},{"@type":"WebSite","@id":"https:\/\/ppmhp.hr\/en\/#website","url":"https:\/\/ppmhp.hr\/en\/","name":"Pomorski i povijesni muzej Hrvatskog primorja","description":"Guvernerova Pala\u010da \/ Memorijalni centar Lipa pamti \/ Muzejska zbirka Kastav\u0161tine","potentialAction":[{"@type":"SearchAction","target":{"@type":"EntryPoint","urlTemplate":"https:\/\/ppmhp.hr\/en\/?s={search_term_string}"},"query-input":{"@type":"PropertyValueSpecification","valueRequired":true,"valueName":"search_term_string"}}],"inLanguage":"en-US"}]}},"_links":{"self":[{"href":"https:\/\/ppmhp.hr\/en\/wp-json\/wp\/v2\/pages\/11206","targetHints":{"allow":["GET"]}}],"collection":[{"href":"https:\/\/ppmhp.hr\/en\/wp-json\/wp\/v2\/pages"}],"about":[{"href":"https:\/\/ppmhp.hr\/en\/wp-json\/wp\/v2\/types\/page"}],"author":[{"embeddable":true,"href":"https:\/\/ppmhp.hr\/en\/wp-json\/wp\/v2\/users\/4"}],"replies":[{"embeddable":true,"href":"https:\/\/ppmhp.hr\/en\/wp-json\/wp\/v2\/comments?post=11206"}],"version-history":[{"count":0,"href":"https:\/\/ppmhp.hr\/en\/wp-json\/wp\/v2\/pages\/11206\/revisions"}],"wp:featuredmedia":[{"embeddable":true,"href":"https:\/\/ppmhp.hr\/en\/wp-json\/wp\/v2\/media\/10613"}],"wp:attachment":[{"href":"https:\/\/ppmhp.hr\/en\/wp-json\/wp\/v2\/media?parent=11206"}],"wp:term":[{"taxonomy":"category","embeddable":true,"href":"https:\/\/ppmhp.hr\/en\/wp-json\/wp\/v2\/categories?post=11206"},{"taxonomy":"post_tag","embeddable":true,"href":"https:\/\/ppmhp.hr\/en\/wp-json\/wp\/v2\/tags?post=11206"}],"curies":[{"name":"wp","href":"https:\/\/api.w.org\/{rel}","templated":true}]}}