{"id":11198,"date":"2012-11-15T08:20:09","date_gmt":"2012-11-15T08:20:09","guid":{"rendered":"https:\/\/ppmhp.hr\/web\/ethnography-department\/"},"modified":"2022-05-16T15:30:53","modified_gmt":"2022-05-16T13:30:53","slug":"ethnography-department","status":"publish","type":"page","link":"https:\/\/ppmhp.hr\/en\/ethnography-department\/","title":{"rendered":"Ethnography Department"},"content":{"rendered":"<p>The cultural space is the essence of the expression and description of an ethnos (people) or some of its parts (a community determined by territory, age, professional interest). Thus, it constitutes the cogent contents of ethnology and anthropology, which, as the point of departure of its interests, more intimately than other humanities, focus on man. The richness of the culturological diversity on the territory of Primorsko-Goranska County which encompasses the Croatian Littoral with the pertaining islands and Gorski Kotar, is a live mosaic of contradictory, incompatible, culturological elements which are surprisingly heterogeneous for such a small space. The ethnographic picture is colorful, on common days and feast days, in rural and urban areas, from the material as much as virtual (spiritual and social) points of view, in the rhythm of every day and those special, feast days, which serve as accentuations on the frontiers and the seminal points of the annual and life cycles which give them meaning. Perhaps nowhere else on the Croatian territory do such a distinct contrast and clash exist, such a restless and irreconcilable watershed of the configuration, climate, phenomena, materials and thoughts resulting in myriad forms, manners, interpretation and a special philosophy of survival. This space, regardless of the natural and administrative divisions, has always lived in touch with its parts, in a symbiosis.<br \/>\nThe ethnographic exhibits contained in the Museum\u2019s collection and the intangible treasury of the spirit of the people are part of the collective memory which in a transparent way suggests a three-dimensional mode of living. At the end, the conclusion is a uniqueness of sorts \u2013 a phenomenon of space and people.<br \/>\nThe Department was established in 19561 with the aim of collecting and interpreting materials of ethnological character and content encompassing the territory of the Croatian Littoral with the pertaining islands of Krk, Cres, Unije, Susak, Ilovik and Rab, as well as Gorski Kotar. The bulk of the holdings are exhibits donated to the Su\u0161ak City Museum which had later become the Museum of the Croatian Littoral in Rijeka. The holdings encompass several collections of exhibits of material culture recognized in this field including the spiritual tradition such as beliefs and superstitions, and social culture based on societal relations. The holdings are planned as a set of developing collections and, if needed, are complemented by new collections. They date from the period of the 18th-20th century. The inventory list of the Su\u0161ak City Museum from 1937 included a folk costume from Duba\u0161nica and a women\u2019s folk costume.2 In 1945, among the items belonging to the M\u00fcller family, there were also two folk costumes.3<br \/>\nIt is not accidental that the first exhibits were indeed folk costumes. For a long time, the costumes were presented as the most representative part of the folk activity and art, as such having earned a position of prominence in ethnological presentations. More recently, such an understanding has radically changed. On the ground floor of the Museum of the Croatian Littoral at Trsat, next to the archaeology and numismatic collections, there were also two rooms filled with ethnographic material, such as folk costumes from Krk and Istria, as well as a typical Istrian kitchen from the 18th century.4<br \/>\nDeeds of donation mention a dozen donors with the pertaining lists of donated exhibits. Some of the donors were Zora Stipanovi\u0107 (Kostrena, 1945), Marija Pezelj (Urinj, 1946), Olga Manasteriotti (Urinj, 1946), Valerija Medani\u0107 (Rijeka, 1947), Milka Martelanc (Volosko, Opatija, 1948), Marija Matkovi\u0107 (Karlobag, 1949), Dr. Ante Kamenarovi\u0107, exhibits from the Per\u0161i\u0107 house (Lovran, 1952), and others.<br \/>\nTo this day, the list of donors has become long.<br \/>\nThe inventory registers of the People\u2019s Museum list 708 ethnographic exhibits. At the same time, methods of fieldwork and systematic collection of exhibits were adopted. In 1967, ethnologist \u017deljko Barbali\u0107 took on his position with the Museum. The permanent ethnographic display was opened on 21 March 1988. The author was the Department ethnologist \u017deljko Barbali\u0107. The display was based on the idea of work as human existence. The thematic units included: agriculture and livestock raising as primary activities, followed by the types of transport, and fisheries, olive growing, and viticulture as economic activities typical for the Mediterranean. The display further encompassed handicrafts and trades such as wickerwork, cooperage, wood engraving and woodworking, coppersmith\u2019s trade, pottery and weaving. Moreover, it included the house and the courtyard, a typology of houses and auxiliary facilities, architectural elements and materials, furniture, and a hearth with all the tools which were used around it. The display concluded with folk costumes. The exhibits have been displayed in a space without showcases, with the exception of the folk costumes, and keys, accompanied by photographs which describe their everyday use. The display relates to the islands of Krk, Cres, Susak, Rab and Pag, the valley of Vinodol and its hinterland, the suburbs of Rijeka including the areas of Kastav and Grobnik, as well as Gorski Kotar and the border areas of Lika and Slovenia. Conceived in such a way, the display has removed all the barriers between the viewer and the exhibits, thus demystifying the latter.5<br \/>\nThe Ethnography Department consists of six collections: pottery, textile, wood and metal, stone, miscellaneous and the Ethnographic Collection of the Island of Krk in Dobrinj. Four collections comprise exhibits classified on the basis of the material of which they were made, one collection comprises exhibits made of several different materials of which none is dominant in relation to the function of the item, while the last collection is located outside the Museum.<\/p>\n","protected":false},"excerpt":{"rendered":"<p>The cultural space is the essence of the expression and description of an ethnos (people) or some of its parts (a community determined by territory, age, professional interest). Thus, it constitutes the cogent contents of ethnology and anthropology, which, as the point of departure of its interests, more intimately than other humanities, focus on man. [&hellip;]<\/p>\n","protected":false},"author":4,"featured_media":10613,"parent":0,"menu_order":0,"comment_status":"open","ping_status":"open","template":"","meta":{"_acf_changed":false,"_et_pb_use_builder":"","_et_pb_old_content":"","_et_gb_content_width":"","inline_featured_image":false,"footnotes":""},"categories":[518],"tags":[],"class_list":["post-11198","page","type-page","status-publish","has-post-thumbnail","hentry","category-pages-about-museum"],"acf":[],"yoast_head":"<!-- This site is optimized with the Yoast SEO plugin v27.5 - https:\/\/yoast.com\/product\/yoast-seo-wordpress\/ -->\n<title>Ethnography Department - Pomorski i povijesni muzej Hrvatskog primorja<\/title>\n<meta name=\"robots\" content=\"index, follow, max-snippet:-1, max-image-preview:large, max-video-preview:-1\" \/>\n<link rel=\"canonical\" href=\"https:\/\/ppmhp.hr\/en\/ethnography-department\/\" \/>\n<meta property=\"og:locale\" content=\"en_US\" \/>\n<meta property=\"og:type\" content=\"article\" \/>\n<meta property=\"og:title\" content=\"Ethnography Department - Pomorski i povijesni muzej Hrvatskog primorja\" \/>\n<meta property=\"og:description\" content=\"The cultural space is the essence of the expression and description of an ethnos (people) or some of its parts (a community determined by territory, age, professional interest). Thus, it constitutes the cogent contents of ethnology and anthropology, which, as the point of departure of its interests, more intimately than other humanities, focus on man. [&hellip;]\" \/>\n<meta property=\"og:url\" content=\"https:\/\/ppmhp.hr\/en\/ethnography-department\/\" \/>\n<meta property=\"og:site_name\" content=\"Pomorski i povijesni muzej Hrvatskog primorja\" \/>\n<meta property=\"article:modified_time\" content=\"2022-05-16T13:30:53+00:00\" \/>\n<meta name=\"twitter:card\" content=\"summary_large_image\" \/>\n<meta name=\"twitter:label1\" content=\"Est. reading time\" \/>\n\t<meta name=\"twitter:data1\" content=\"6 minutes\" \/>\n<script type=\"application\/ld+json\" class=\"yoast-schema-graph\">{\"@context\":\"https:\\\/\\\/schema.org\",\"@graph\":[{\"@type\":\"WebPage\",\"@id\":\"https:\\\/\\\/ppmhp.hr\\\/en\\\/ethnography-department\\\/\",\"url\":\"https:\\\/\\\/ppmhp.hr\\\/en\\\/ethnography-department\\\/\",\"name\":\"Ethnography Department - Pomorski i povijesni muzej Hrvatskog primorja\",\"isPartOf\":{\"@id\":\"https:\\\/\\\/ppmhp.hr\\\/en\\\/#website\"},\"primaryImageOfPage\":{\"@id\":\"https:\\\/\\\/ppmhp.hr\\\/en\\\/ethnography-department\\\/#primaryimage\"},\"image\":{\"@id\":\"https:\\\/\\\/ppmhp.hr\\\/en\\\/ethnography-department\\\/#primaryimage\"},\"thumbnailUrl\":\"https:\\\/\\\/ppmhp.hr\\\/web\\\/wp-content\\\/uploads\\\/2021\\\/12\\\/ppmhp_rijeka_big.jpg\",\"datePublished\":\"2012-11-15T08:20:09+00:00\",\"dateModified\":\"2022-05-16T13:30:53+00:00\",\"breadcrumb\":{\"@id\":\"https:\\\/\\\/ppmhp.hr\\\/en\\\/ethnography-department\\\/#breadcrumb\"},\"inLanguage\":\"en-US\",\"potentialAction\":[{\"@type\":\"ReadAction\",\"target\":[\"https:\\\/\\\/ppmhp.hr\\\/en\\\/ethnography-department\\\/\"]}]},{\"@type\":\"ImageObject\",\"inLanguage\":\"en-US\",\"@id\":\"https:\\\/\\\/ppmhp.hr\\\/en\\\/ethnography-department\\\/#primaryimage\",\"url\":\"https:\\\/\\\/ppmhp.hr\\\/web\\\/wp-content\\\/uploads\\\/2021\\\/12\\\/ppmhp_rijeka_big.jpg\",\"contentUrl\":\"https:\\\/\\\/ppmhp.hr\\\/web\\\/wp-content\\\/uploads\\\/2021\\\/12\\\/ppmhp_rijeka_big.jpg\",\"width\":2000,\"height\":1231},{\"@type\":\"BreadcrumbList\",\"@id\":\"https:\\\/\\\/ppmhp.hr\\\/en\\\/ethnography-department\\\/#breadcrumb\",\"itemListElement\":[{\"@type\":\"ListItem\",\"position\":1,\"name\":\"Po\u010detna stranica\",\"item\":\"https:\\\/\\\/ppmhp.hr\\\/en\\\/\"},{\"@type\":\"ListItem\",\"position\":2,\"name\":\"Ethnography Department\"}]},{\"@type\":\"WebSite\",\"@id\":\"https:\\\/\\\/ppmhp.hr\\\/en\\\/#website\",\"url\":\"https:\\\/\\\/ppmhp.hr\\\/en\\\/\",\"name\":\"Pomorski i povijesni muzej Hrvatskog primorja\",\"description\":\"Guvernerova Pala\u010da \\\/ Memorijalni centar Lipa pamti \\\/ Muzejska zbirka Kastav\u0161tine\",\"potentialAction\":[{\"@type\":\"SearchAction\",\"target\":{\"@type\":\"EntryPoint\",\"urlTemplate\":\"https:\\\/\\\/ppmhp.hr\\\/en\\\/?s={search_term_string}\"},\"query-input\":{\"@type\":\"PropertyValueSpecification\",\"valueRequired\":true,\"valueName\":\"search_term_string\"}}],\"inLanguage\":\"en-US\"}]}<\/script>\n<!-- \/ Yoast SEO plugin. -->","yoast_head_json":{"title":"Ethnography Department - Pomorski i povijesni muzej Hrvatskog primorja","robots":{"index":"index","follow":"follow","max-snippet":"max-snippet:-1","max-image-preview":"max-image-preview:large","max-video-preview":"max-video-preview:-1"},"canonical":"https:\/\/ppmhp.hr\/en\/ethnography-department\/","og_locale":"en_US","og_type":"article","og_title":"Ethnography Department - Pomorski i povijesni muzej Hrvatskog primorja","og_description":"The cultural space is the essence of the expression and description of an ethnos (people) or some of its parts (a community determined by territory, age, professional interest). Thus, it constitutes the cogent contents of ethnology and anthropology, which, as the point of departure of its interests, more intimately than other humanities, focus on man. [&hellip;]","og_url":"https:\/\/ppmhp.hr\/en\/ethnography-department\/","og_site_name":"Pomorski i povijesni muzej Hrvatskog primorja","article_modified_time":"2022-05-16T13:30:53+00:00","twitter_card":"summary_large_image","twitter_misc":{"Est. reading time":"6 minutes"},"schema":{"@context":"https:\/\/schema.org","@graph":[{"@type":"WebPage","@id":"https:\/\/ppmhp.hr\/en\/ethnography-department\/","url":"https:\/\/ppmhp.hr\/en\/ethnography-department\/","name":"Ethnography Department - Pomorski i povijesni muzej Hrvatskog primorja","isPartOf":{"@id":"https:\/\/ppmhp.hr\/en\/#website"},"primaryImageOfPage":{"@id":"https:\/\/ppmhp.hr\/en\/ethnography-department\/#primaryimage"},"image":{"@id":"https:\/\/ppmhp.hr\/en\/ethnography-department\/#primaryimage"},"thumbnailUrl":"https:\/\/ppmhp.hr\/web\/wp-content\/uploads\/2021\/12\/ppmhp_rijeka_big.jpg","datePublished":"2012-11-15T08:20:09+00:00","dateModified":"2022-05-16T13:30:53+00:00","breadcrumb":{"@id":"https:\/\/ppmhp.hr\/en\/ethnography-department\/#breadcrumb"},"inLanguage":"en-US","potentialAction":[{"@type":"ReadAction","target":["https:\/\/ppmhp.hr\/en\/ethnography-department\/"]}]},{"@type":"ImageObject","inLanguage":"en-US","@id":"https:\/\/ppmhp.hr\/en\/ethnography-department\/#primaryimage","url":"https:\/\/ppmhp.hr\/web\/wp-content\/uploads\/2021\/12\/ppmhp_rijeka_big.jpg","contentUrl":"https:\/\/ppmhp.hr\/web\/wp-content\/uploads\/2021\/12\/ppmhp_rijeka_big.jpg","width":2000,"height":1231},{"@type":"BreadcrumbList","@id":"https:\/\/ppmhp.hr\/en\/ethnography-department\/#breadcrumb","itemListElement":[{"@type":"ListItem","position":1,"name":"Po\u010detna stranica","item":"https:\/\/ppmhp.hr\/en\/"},{"@type":"ListItem","position":2,"name":"Ethnography Department"}]},{"@type":"WebSite","@id":"https:\/\/ppmhp.hr\/en\/#website","url":"https:\/\/ppmhp.hr\/en\/","name":"Pomorski i povijesni muzej Hrvatskog primorja","description":"Guvernerova Pala\u010da \/ Memorijalni centar Lipa pamti \/ Muzejska zbirka Kastav\u0161tine","potentialAction":[{"@type":"SearchAction","target":{"@type":"EntryPoint","urlTemplate":"https:\/\/ppmhp.hr\/en\/?s={search_term_string}"},"query-input":{"@type":"PropertyValueSpecification","valueRequired":true,"valueName":"search_term_string"}}],"inLanguage":"en-US"}]}},"_links":{"self":[{"href":"https:\/\/ppmhp.hr\/en\/wp-json\/wp\/v2\/pages\/11198","targetHints":{"allow":["GET"]}}],"collection":[{"href":"https:\/\/ppmhp.hr\/en\/wp-json\/wp\/v2\/pages"}],"about":[{"href":"https:\/\/ppmhp.hr\/en\/wp-json\/wp\/v2\/types\/page"}],"author":[{"embeddable":true,"href":"https:\/\/ppmhp.hr\/en\/wp-json\/wp\/v2\/users\/4"}],"replies":[{"embeddable":true,"href":"https:\/\/ppmhp.hr\/en\/wp-json\/wp\/v2\/comments?post=11198"}],"version-history":[{"count":0,"href":"https:\/\/ppmhp.hr\/en\/wp-json\/wp\/v2\/pages\/11198\/revisions"}],"wp:featuredmedia":[{"embeddable":true,"href":"https:\/\/ppmhp.hr\/en\/wp-json\/wp\/v2\/media\/10613"}],"wp:attachment":[{"href":"https:\/\/ppmhp.hr\/en\/wp-json\/wp\/v2\/media?parent=11198"}],"wp:term":[{"taxonomy":"category","embeddable":true,"href":"https:\/\/ppmhp.hr\/en\/wp-json\/wp\/v2\/categories?post=11198"},{"taxonomy":"post_tag","embeddable":true,"href":"https:\/\/ppmhp.hr\/en\/wp-json\/wp\/v2\/tags?post=11198"}],"curies":[{"name":"wp","href":"https:\/\/api.w.org\/{rel}","templated":true}]}}